{"id":6126,"date":"2025-05-23T10:25:45","date_gmt":"2025-05-23T14:25:45","guid":{"rendered":"https:\/\/sargassummonitoring.com\/?page_id=6126"},"modified":"2025-05-23T10:25:46","modified_gmt":"2025-05-23T14:25:46","slug":"privacy-policy-for-sargapp","status":"publish","type":"page","link":"https:\/\/sargassummonitoring.com\/fr\/privacy-policy-for-sargapp\/","title":{"rendered":"Politique de confidentialit\u00e9 de la SargApp"},"content":{"rendered":"<p style=\"margin-top:var(--wp--preset--spacing--20);margin-bottom:var(--wp--preset--spacing--20);padding-top:0;padding-bottom:0\">Date de prise d'effet : mai 2025<\/p>\n\n\n\n<div class=\"wp-block-uagb-container uagb-block-9e064b75 alignfull uagb-is-root-container\"><div class=\"uagb-container-inner-blocks-wrap\">\n<ol style=\"margin-top:0;margin-bottom:0;padding-top:0;padding-bottom:0\" class=\"wp-block-list\">\n<li><strong>Introduction<\/strong><br>Sargassum Monitoring Inc (\u00ab nous \u00bb, \u201cnotre\u201d ou \u00ab nos \u00bb) respecte votre vie priv\u00e9e et s'engage \u00e0 prot\u00e9ger vos donn\u00e9es personnelles. Cette politique de confidentialit\u00e9 explique comment nous recueillons, utilisons et partageons les informations lorsque vous utilisez l'application SargApp sur Android et iOS.<\/li>\n\n\n\n<li><strong>Informations collect\u00e9es<\/strong><br>Nous recueillons les donn\u00e9es personnelles suivantes aupr\u00e8s de vous :\n<ul class=\"wp-block-list\">\n<li>Votre nom et votre adresse \u00e9lectronique (pour cr\u00e9er et g\u00e9rer votre compte)<\/li>\n\n\n\n<li>Donn\u00e9es de localisation li\u00e9es \u00e0 vos rapports (collect\u00e9es uniquement au moment de la soumission du rapport, et non en continu)<\/li>\n\n\n\n<li>Acc\u00e8s \u00e0 l'appareil photo de votre appareil pour prendre des photos des sargasses ; les photos ne sont pas enregistr\u00e9es dans la galerie de votre appareil.<\/li>\n\n\n\n<li>Donn\u00e9es publicitaires via Google AdMob<\/li>\n<\/ul>\n<\/li>\n\n\n\n<li><strong>Comment nous utilisons vos informations<\/strong><br>Vos informations sont utilis\u00e9es aux fins suivantes :\n<ul class=\"wp-block-list\">\n<li>Pour cr\u00e9er et g\u00e9rer votre compte utilisateur<\/li>\n\n\n\n<li>Pour afficher des publicit\u00e9s personnalis\u00e9es et cibl\u00e9es<\/li>\n<\/ul>\n<\/li>\n\n\n\n<li><strong>Publicit\u00e9 et cookies<\/strong><br>Nous utilisons Google AdMob pour afficher des publicit\u00e9s dans l'application. AdMob peut collecter des informations sur votre appareil et sur l'utilisation de l'application afin de diffuser des annonces personnalis\u00e9es.<\/li>\n<\/ol>\n\n\n\n<p style=\"margin-top:0;margin-right:0;margin-bottom:0;margin-left:0;padding-top:0;padding-right:var(--wp--preset--spacing--60);padding-bottom:0;padding-left:var(--wp--preset--spacing--60)\">Si vous \u00eates situ\u00e9 dans l'Espace \u00e9conomique europ\u00e9en (EEE), nous vous demanderons votre consentement pour afficher des publicit\u00e9s personnalis\u00e9es.<\/p>\n\n\n\n<p style=\"margin-top:0;margin-bottom:0;padding-top:0;padding-right:var(--wp--preset--spacing--60);padding-bottom:0;padding-left:var(--wp--preset--spacing--60)\">Vous pouvez d\u00e9sactiver la publicit\u00e9 personnalis\u00e9e en consultant les param\u00e8tres des annonces Google.<\/p>\n\n\n\n<p style=\"margin-top:0;margin-bottom:0;padding-top:0;padding-right:var(--wp--preset--spacing--60);padding-bottom:0;padding-left:var(--wp--preset--spacing--60)\">AdMob peut utiliser des cookies ou des technologies similaires pour collecter et stocker des informations.<\/p>\n\n\n\n<ol start=\"5\" style=\"margin-top:0;margin-bottom:0;padding-top:0;padding-bottom:0\" class=\"wp-block-list\">\n<li><strong>Partage des informations<\/strong><br>Actuellement, nous ne partageons pas vos donn\u00e9es personnelles avec des tiers. Toutefois, \u00e0 l'avenir, nous pourrons partager certaines donn\u00e9es relatives aux rapports sur les sargasses. Les seules donn\u00e9es relatives \u00e0 l'utilisateur qui peuvent \u00eatre partag\u00e9es sont la localisation li\u00e9e au rapport sp\u00e9cifique.<\/li>\n\n\n\n<li><strong>S\u00e9curit\u00e9 des donn\u00e9es<\/strong><br>Toutes les donn\u00e9es transmises \u00e0 nos serveurs sont crypt\u00e9es afin de garantir votre confidentialit\u00e9 et votre s\u00e9curit\u00e9.<\/li>\n\n\n\n<li><strong>Vos droits<\/strong><br>Vous avez le droit de demander la suppression de votre compte et de vos donn\u00e9es personnelles. Pour ce faire, veuillez nous contacter \u00e0 l'adresse suivante:<br>https:\/\/sargassummonitoring.com\/fr\/contact\/<\/li>\n\n\n\n<li><strong>Protection de la vie priv\u00e9e des enfants<\/strong><br>SargApp est destin\u00e9 aux utilisateurs de tous \u00e2ges. Nous ne recueillons pas sciemment d'informations personnelles aupr\u00e8s d'enfants de moins de 13 ans.<\/li>\n\n\n\n<li><strong>Contactez nous<\/strong><br>Si vous avez des questions ou des pr\u00e9occupations concernant la pr\u00e9sente politique de confidentialit\u00e9 ou nos pratiques en mati\u00e8re de donn\u00e9es, veuillez nous envoyer un message avec notre page <a href=\"https:\/\/sargassummonitoring.com\/fr\/contact\/\" target=\"_blank\" rel=\"noreferrer noopener\">Contactez nous<\/a> ou: <a href=\"https:\/\/sargassummonitoring.com\/fr\/contact\/\">https:\/\/sargassummonitoring.com\/fr\/contact\/<\/a><\/li>\n<\/ol>\n<\/div><\/div>\n\n\n\n<p><\/p>","protected":false},"excerpt":{"rendered":"<p>Effective date: May 2025 If you are located in the European Economic Area (EEA), we will request your consent to display personalized advertisements. You can opt out of personalized advertising by visiting Google Ads Settings. AdMob may use cookies or similar technologies to collect and store information.<\/p>","protected":false},"author":1,"featured_media":0,"parent":0,"menu_order":0,"comment_status":"closed","ping_status":"closed","template":"","meta":{"_uag_custom_page_level_css":"","site-sidebar-layout":"default","site-content-layout":"","ast-site-content-layout":"default","site-content-style":"default","site-sidebar-style":"default","ast-global-header-display":"","ast-banner-title-visibility":"","ast-main-header-display":"","ast-hfb-above-header-display":"","ast-hfb-below-header-display":"","ast-hfb-mobile-header-display":"","site-post-title":"","ast-breadcrumbs-content":"","ast-featured-img":"","footer-sml-layout":"","ast-disable-related-posts":"","theme-transparent-header-meta":"","adv-header-id-meta":"","stick-header-meta":"","header-above-stick-meta":"","header-main-stick-meta":"","header-below-stick-meta":"","astra-migrate-meta-layouts":"set","ast-page-background-enabled":"default","ast-page-background-meta":{"desktop":{"background-color":"var(--ast-global-color-4)","background-image":"","background-repeat":"repeat","background-position":"center center","background-size":"auto","background-attachment":"scroll","background-type":"","background-media":"","overlay-type":"","overlay-color":"","overlay-opacity":"","overlay-gradient":""},"tablet":{"background-color":"","background-image":"","background-repeat":"repeat","background-position":"center center","background-size":"auto","background-attachment":"scroll","background-type":"","background-media":"","overlay-type":"","overlay-color":"","overlay-opacity":"","overlay-gradient":""},"mobile":{"background-color":"","background-image":"","background-repeat":"repeat","background-position":"center center","background-size":"auto","background-attachment":"scroll","background-type":"","background-media":"","overlay-type":"","overlay-color":"","overlay-opacity":"","overlay-gradient":""}},"ast-content-background-meta":{"desktop":{"background-color":"var(--ast-global-color-5)","background-image":"","background-repeat":"repeat","background-position":"center center","background-size":"auto","background-attachment":"scroll","background-type":"","background-media":"","overlay-type":"","overlay-color":"","overlay-opacity":"","overlay-gradient":""},"tablet":{"background-color":"var(--ast-global-color-5)","background-image":"","background-repeat":"repeat","background-position":"center center","background-size":"auto","background-attachment":"scroll","background-type":"","background-media":"","overlay-type":"","overlay-color":"","overlay-opacity":"","overlay-gradient":""},"mobile":{"background-color":"var(--ast-global-color-5)","background-image":"","background-repeat":"repeat","background-position":"center center","background-size":"auto","background-attachment":"scroll","background-type":"","background-media":"","overlay-type":"","overlay-color":"","overlay-opacity":"","overlay-gradient":""}},"footnotes":""},"class_list":["post-6126","page","type-page","status-publish","hentry"],"yoast_head":"<!-- This site is optimized with the Yoast SEO plugin v26.6 - https:\/\/yoast.com\/wordpress\/plugins\/seo\/ -->\n<title>Privacy Policy for SargApp - Sargassum Monitoring<\/title>\n<meta name=\"description\" content=\"This Privacy Policy explains how we collect, use, and share information when you use the SargApp application on Android and iOS.\" \/>\n<meta name=\"robots\" content=\"index, follow, max-snippet:-1, max-image-preview:large, max-video-preview:-1\" \/>\n<link rel=\"canonical\" href=\"https:\/\/sargassummonitoring.com\/fr\/privacy-policy-for-sargapp\/\" \/>\n<meta property=\"og:locale\" content=\"fr_FR\" \/>\n<meta property=\"og:type\" content=\"article\" \/>\n<meta property=\"og:title\" content=\"Privacy Policy for SargApp - Sargassum Monitoring\" \/>\n<meta property=\"og:description\" content=\"This Privacy Policy explains how we collect, use, and share information when you use the SargApp application on Android and iOS.\" \/>\n<meta property=\"og:url\" content=\"https:\/\/sargassummonitoring.com\/fr\/privacy-policy-for-sargapp\/\" \/>\n<meta property=\"og:site_name\" content=\"Sargassum Monitoring\" \/>\n<meta property=\"article:publisher\" content=\"https:\/\/www.facebook.com\/groups\/sargassummonitoring\" \/>\n<meta property=\"article:modified_time\" content=\"2025-05-23T14:25:46+00:00\" \/>\n<meta name=\"twitter:card\" content=\"summary_large_image\" \/>\n<meta name=\"twitter:site\" content=\"@SargaMonitoring\" \/>\n<meta name=\"twitter:label1\" content=\"Dur\u00e9e de lecture estim\u00e9e\" \/>\n\t<meta name=\"twitter:data1\" content=\"2 minutes\" \/>\n<script type=\"application\/ld+json\" class=\"yoast-schema-graph\">{\"@context\":\"https:\/\/schema.org\",\"@graph\":[{\"@type\":\"WebPage\",\"@id\":\"https:\/\/sargassummonitoring.com\/fr\/privacy-policy-for-sargapp\/\",\"url\":\"https:\/\/sargassummonitoring.com\/fr\/privacy-policy-for-sargapp\/\",\"name\":\"Privacy Policy for SargApp - Sargassum Monitoring\",\"isPartOf\":{\"@id\":\"https:\/\/sargassummonitoring.com\/en\/#website\"},\"datePublished\":\"2025-05-23T14:25:45+00:00\",\"dateModified\":\"2025-05-23T14:25:46+00:00\",\"description\":\"This Privacy Policy explains how we collect, use, and share information when you use the SargApp application on Android and iOS.\",\"breadcrumb\":{\"@id\":\"https:\/\/sargassummonitoring.com\/fr\/privacy-policy-for-sargapp\/#breadcrumb\"},\"inLanguage\":\"fr-FR\",\"potentialAction\":[{\"@type\":\"ReadAction\",\"target\":[\"https:\/\/sargassummonitoring.com\/fr\/privacy-policy-for-sargapp\/\"]}]},{\"@type\":\"BreadcrumbList\",\"@id\":\"https:\/\/sargassummonitoring.com\/fr\/privacy-policy-for-sargapp\/#breadcrumb\",\"itemListElement\":[{\"@type\":\"ListItem\",\"position\":1,\"name\":\"Home\",\"item\":\"https:\/\/sargassummonitoring.com\/fr\/\"},{\"@type\":\"ListItem\",\"position\":2,\"name\":\"Privacy Policy for SargApp\"}]},{\"@type\":\"WebSite\",\"@id\":\"https:\/\/sargassummonitoring.com\/en\/#website\",\"url\":\"https:\/\/sargassummonitoring.com\/en\/\",\"name\":\"Sargassum Monitoring\",\"description\":\"OFFICIAL MAP &amp; FORECASTS\",\"publisher\":{\"@id\":\"https:\/\/sargassummonitoring.com\/en\/#organization\"},\"potentialAction\":[{\"@type\":\"SearchAction\",\"target\":{\"@type\":\"EntryPoint\",\"urlTemplate\":\"https:\/\/sargassummonitoring.com\/en\/?s={search_term_string}\"},\"query-input\":{\"@type\":\"PropertyValueSpecification\",\"valueRequired\":true,\"valueName\":\"search_term_string\"}}],\"inLanguage\":\"fr-FR\"},{\"@type\":\"Organization\",\"@id\":\"https:\/\/sargassummonitoring.com\/en\/#organization\",\"name\":\"Sargassum Monitoring\",\"url\":\"https:\/\/sargassummonitoring.com\/en\/\",\"logo\":{\"@type\":\"ImageObject\",\"inLanguage\":\"fr-FR\",\"@id\":\"https:\/\/sargassummonitoring.com\/en\/#\/schema\/logo\/image\/\",\"url\":\"https:\/\/sargassummonitoring.com\/wp-content\/uploads\/2023\/07\/cropped-01-sargassum-monitoring-400-rond.webp\",\"contentUrl\":\"https:\/\/sargassummonitoring.com\/wp-content\/uploads\/2023\/07\/cropped-01-sargassum-monitoring-400-rond.webp\",\"width\":400,\"height\":400,\"caption\":\"Sargassum Monitoring\"},\"image\":{\"@id\":\"https:\/\/sargassummonitoring.com\/en\/#\/schema\/logo\/image\/\"},\"sameAs\":[\"https:\/\/www.facebook.com\/groups\/sargassummonitoring\",\"https:\/\/x.com\/SargaMonitoring\",\"https:\/\/www.tiktok.com\/@sargassummonitoring\",\"https:\/\/www.linkedin.com\/company\/sargassum-monitoring\/posts\/?feedView=all\"]}]}<\/script>\n<!-- \/ Yoast SEO plugin. -->","yoast_head_json":{"title":"Privacy Policy for SargApp - Sargassum Monitoring","description":"This Privacy Policy explains how we collect, use, and share information when you use the SargApp application on Android and iOS.","robots":{"index":"index","follow":"follow","max-snippet":"max-snippet:-1","max-image-preview":"max-image-preview:large","max-video-preview":"max-video-preview:-1"},"canonical":"https:\/\/sargassummonitoring.com\/fr\/privacy-policy-for-sargapp\/","og_locale":"fr_FR","og_type":"article","og_title":"Privacy Policy for SargApp - Sargassum Monitoring","og_description":"This Privacy Policy explains how we collect, use, and share information when you use the SargApp application on Android and iOS.","og_url":"https:\/\/sargassummonitoring.com\/fr\/privacy-policy-for-sargapp\/","og_site_name":"Sargassum Monitoring","article_publisher":"https:\/\/www.facebook.com\/groups\/sargassummonitoring","article_modified_time":"2025-05-23T14:25:46+00:00","twitter_card":"summary_large_image","twitter_site":"@SargaMonitoring","twitter_misc":{"Dur\u00e9e de lecture estim\u00e9e":"2 minutes"},"schema":{"@context":"https:\/\/schema.org","@graph":[{"@type":"WebPage","@id":"https:\/\/sargassummonitoring.com\/fr\/privacy-policy-for-sargapp\/","url":"https:\/\/sargassummonitoring.com\/fr\/privacy-policy-for-sargapp\/","name":"Privacy Policy for SargApp - Sargassum Monitoring","isPartOf":{"@id":"https:\/\/sargassummonitoring.com\/en\/#website"},"datePublished":"2025-05-23T14:25:45+00:00","dateModified":"2025-05-23T14:25:46+00:00","description":"This Privacy Policy explains how we collect, use, and share information when you use the SargApp application on Android and iOS.","breadcrumb":{"@id":"https:\/\/sargassummonitoring.com\/fr\/privacy-policy-for-sargapp\/#breadcrumb"},"inLanguage":"fr-FR","potentialAction":[{"@type":"ReadAction","target":["https:\/\/sargassummonitoring.com\/fr\/privacy-policy-for-sargapp\/"]}]},{"@type":"BreadcrumbList","@id":"https:\/\/sargassummonitoring.com\/fr\/privacy-policy-for-sargapp\/#breadcrumb","itemListElement":[{"@type":"ListItem","position":1,"name":"Home","item":"https:\/\/sargassummonitoring.com\/fr\/"},{"@type":"ListItem","position":2,"name":"Privacy Policy for SargApp"}]},{"@type":"WebSite","@id":"https:\/\/sargassummonitoring.com\/en\/#website","url":"https:\/\/sargassummonitoring.com\/en\/","name":"Sargassum Monitoring","description":"CARTE OFFICIELLE &amp; PREVISIONS","publisher":{"@id":"https:\/\/sargassummonitoring.com\/en\/#organization"},"potentialAction":[{"@type":"SearchAction","target":{"@type":"EntryPoint","urlTemplate":"https:\/\/sargassummonitoring.com\/en\/?s={search_term_string}"},"query-input":{"@type":"PropertyValueSpecification","valueRequired":true,"valueName":"search_term_string"}}],"inLanguage":"fr-FR"},{"@type":"Organization","@id":"https:\/\/sargassummonitoring.com\/en\/#organization","name":"Sargassum Monitoring","url":"https:\/\/sargassummonitoring.com\/en\/","logo":{"@type":"ImageObject","inLanguage":"fr-FR","@id":"https:\/\/sargassummonitoring.com\/en\/#\/schema\/logo\/image\/","url":"https:\/\/sargassummonitoring.com\/wp-content\/uploads\/2023\/07\/cropped-01-sargassum-monitoring-400-rond.webp","contentUrl":"https:\/\/sargassummonitoring.com\/wp-content\/uploads\/2023\/07\/cropped-01-sargassum-monitoring-400-rond.webp","width":400,"height":400,"caption":"Sargassum Monitoring"},"image":{"@id":"https:\/\/sargassummonitoring.com\/en\/#\/schema\/logo\/image\/"},"sameAs":["https:\/\/www.facebook.com\/groups\/sargassummonitoring","https:\/\/x.com\/SargaMonitoring","https:\/\/www.tiktok.com\/@sargassummonitoring","https:\/\/www.linkedin.com\/company\/sargassum-monitoring\/posts\/?feedView=all"]}]}},"uagb_featured_image_src":{"full":false,"thumbnail":false,"medium":false,"medium_large":false,"large":false,"1536x1536":false,"2048x2048":false,"trp-custom-language-flag":false},"uagb_author_info":{"display_name":"Christine J.","author_link":"https:\/\/sargassummonitoring.com\/fr\/author\/adminsargassummonitoring-com\/"},"uagb_comment_info":0,"uagb_excerpt":"Effective date: May 2025 If you are located in the European Economic Area (EEA), we will request your consent to display personalized advertisements. You can opt out of personalized advertising by visiting Google Ads Settings. AdMob may use cookies or similar technologies to collect and store information.","_links":{"self":[{"href":"https:\/\/sargassummonitoring.com\/fr\/wp-json\/wp\/v2\/pages\/6126","targetHints":{"allow":["GET"]}}],"collection":[{"href":"https:\/\/sargassummonitoring.com\/fr\/wp-json\/wp\/v2\/pages"}],"about":[{"href":"https:\/\/sargassummonitoring.com\/fr\/wp-json\/wp\/v2\/types\/page"}],"author":[{"embeddable":true,"href":"https:\/\/sargassummonitoring.com\/fr\/wp-json\/wp\/v2\/users\/1"}],"replies":[{"embeddable":true,"href":"https:\/\/sargassummonitoring.com\/fr\/wp-json\/wp\/v2\/comments?post=6126"}],"version-history":[{"count":1,"href":"https:\/\/sargassummonitoring.com\/fr\/wp-json\/wp\/v2\/pages\/6126\/revisions"}],"predecessor-version":[{"id":6127,"href":"https:\/\/sargassummonitoring.com\/fr\/wp-json\/wp\/v2\/pages\/6126\/revisions\/6127"}],"wp:attachment":[{"href":"https:\/\/sargassummonitoring.com\/fr\/wp-json\/wp\/v2\/media?parent=6126"}],"curies":[{"name":"wp","href":"https:\/\/api.w.org\/{rel}","templated":true}]}}