{"id":6,"date":"2023-07-26T17:44:57","date_gmt":"2023-07-26T15:44:57","guid":{"rendered":"https:\/\/sargassummonitoring.com\/?page_id=6"},"modified":"2023-08-01T09:42:07","modified_gmt":"2023-08-01T13:42:07","slug":"privacy-policy","status":"publish","type":"page","link":"https:\/\/sargassummonitoring.com\/fr\/privacy-policy\/","title":{"rendered":"Politique de confidentialit\u00e9"},"content":{"rendered":"<h2 class=\"wp-block-heading\">Qui nous sommes<\/h2>\n\n\n\n<p>L'adresse de notre site Web est\u00a0: https:\/\/www.sargassummonitoring.com.<\/p>\n\n\n\n<h2 class=\"wp-block-heading\">Commentaires<\/h2>\n\n\n\n<p>Lorsque les visiteurs laissent des commentaires sur le site, nous recueillons les donn\u00e9es figurant dans le formulaire de commentaires, ainsi que l'adresse IP du visiteur et la cha\u00eene de l'agent utilisateur du navigateur pour faciliter la d\u00e9tection des spams.<\/p>\n\n\n\n<p>Une cha\u00eene anonyme cr\u00e9\u00e9e \u00e0 partir de votre adresse \u00e9lectronique (\u00e9galement appel\u00e9e \"hash\") peut \u00eatre fournie au service Gravatar pour v\u00e9rifier si vous l'utilisez. La politique de confidentialit\u00e9 du service Gravatar est disponible ici : https:\/\/automattic.com\/privacy\/. Apr\u00e8s approbation de votre commentaire, votre photo de profil est visible par le public dans le contexte de votre commentaire.<\/p>\n\n\n\n<h2 class=\"wp-block-heading\">M\u00e9dias<\/h2>\n\n\n\n<p>Les visiteurs de notre site ne doivent pas t\u00e9l\u00e9charger et\/ou extraire des donn\u00e9es de localisation ou d'autres donn\u00e9es de ces images, ni enregistrer et\/ou t\u00e9l\u00e9charger tout contenu qui est la propri\u00e9t\u00e9 de Sargassum Monitoring. Ils ne peuvent le faire qu'avec l'autorisation \u00e9crite officielle de Sargassum Monitoring. Tout enregistrement ou copie ill\u00e9gale du contenu du site de Sargassum Monitoring fera l'objet de poursuites judiciaires.<\/p>\n\n\n\n<h2 class=\"wp-block-heading\">Cookies<\/h2>\n\n\n\n<p>Si vous laissez un commentaire sur notre site, vous pouvez accepter que votre nom, votre adresse \u00e9lectronique et votre site web soient enregistr\u00e9s dans des cookies. Ces cookies sont destin\u00e9s \u00e0 vous faciliter la t\u00e2che, de sorte que vous n'ayez pas \u00e0 fournir \u00e0 nouveau vos coordonn\u00e9es lorsque vous laissez un autre commentaire. Ces cookies ont une dur\u00e9e de vie d'un an.<\/p>\n\n\n\n<p>Si vous visitez notre page de connexion, nous installerons un cookie temporaire pour d\u00e9terminer si votre navigateur accepte les cookies. Ce cookie ne contient aucune donn\u00e9e personnelle et est supprim\u00e9 lorsque vous fermez votre navigateur.<\/p>\n\n\n\n<p>Lorsque vous vous connectez, nous installons \u00e9galement plusieurs cookies pour enregistrer vos informations de connexion et vos choix d'affichage \u00e0 l'\u00e9cran. Les cookies de connexion ont une dur\u00e9e de vie de deux jours et les cookies d'options d'\u00e9cran ont une dur\u00e9e de vie d'un an. Si vous s\u00e9lectionnez l'option \"Se souvenir de moi\", votre connexion sera conserv\u00e9e pendant deux semaines. Si vous vous d\u00e9connectez de votre compte, les cookies de connexion seront supprim\u00e9s.<\/p>\n\n\n\n<p>Si vous modifiez ou publiez un article, un cookie suppl\u00e9mentaire sera enregistr\u00e9 dans votre navigateur. Ce cookie ne contient aucune donn\u00e9e personnelle et indique simplement l'identifiant de l'article que vous venez de modifier. Il expire apr\u00e8s 1 jour.<\/p>\n\n\n\n<h2 class=\"wp-block-heading\">Avec qui partageons-nous vos donn\u00e9es<\/h2>\n\n\n\n<p>Si vous demandez une r\u00e9initialisation de mot de passe, votre adresse IP sera incluse dans l'e-mail de r\u00e9initialisation.<\/p>\n\n\n\n<h2 class=\"wp-block-heading\">Combien de temps conservons-nous vos donn\u00e9es<\/h2>\n\n\n\n<p>Si vous laissez un commentaire, celui-ci et ses m\u00e9tadonn\u00e9es sont conserv\u00e9s ind\u00e9finiment. Cela nous permet de reconna\u00eetre et d'approuver automatiquement les commentaires de suivi au lieu de les conserver dans une file d'attente de mod\u00e9ration.<\/p>\n\n\n\n<p>Pour les utilisateurs qui s'inscrivent sur notre site web (le cas \u00e9ch\u00e9ant), nous stockons \u00e9galement les informations personnelles qu'ils fournissent dans leur profil d'utilisateur. Tous les utilisateurs peuvent voir, modifier ou supprimer leurs informations personnelles \u00e0 tout moment (sauf qu'ils ne peuvent pas changer leur nom d'utilisateur). Les administrateurs du site web peuvent \u00e9galement consulter et modifier ces informations.<\/p>\n\n\n\n<h2 class=\"wp-block-heading\">Quels droits avez-vous sur vos donn\u00e9es<\/h2>\n\n\n\n<p>Si vous avez un compte sur ce site, ou si vous avez laiss\u00e9 des commentaires, vous pouvez demander \u00e0 recevoir un fichier export\u00e9 des donn\u00e9es personnelles que nous d\u00e9tenons \u00e0 votre sujet, y compris toutes les donn\u00e9es que vous nous avez fournies. Vous pouvez \u00e9galement nous demander d'effacer toutes les donn\u00e9es personnelles que nous d\u00e9tenons \u00e0 votre sujet. Cela n'inclut pas les donn\u00e9es que nous sommes oblig\u00e9s de conserver \u00e0 des fins administratives, juridiques ou de s\u00e9curit\u00e9.<\/p>\n\n\n\n<h2 class=\"wp-block-heading\">O\u00f9 vos donn\u00e9es sont envoy\u00e9es<\/h2>\n\n\n\n<p>Les commentaires des visiteurs peuvent \u00eatre v\u00e9rifi\u00e9s par un service automatis\u00e9 de d\u00e9tection des spams.<\/p>","protected":false},"excerpt":{"rendered":"<p>Who we are Our website address is: https:\/\/www.sargassummonitoring.com. Comments When visitors leave comments on the site we collect the data shown in the comments form, and also the visitor\u2019s IP address and browser user agent string to help spam detection. An anonymized string created from your email address (also called a hash) may be provided [&hellip;]<\/p>\n","protected":false},"author":1,"featured_media":0,"parent":0,"menu_order":0,"comment_status":"closed","ping_status":"closed","template":"","meta":{"_uag_custom_page_level_css":"","site-sidebar-layout":"default","site-content-layout":"","ast-site-content-layout":"default","site-content-style":"default","site-sidebar-style":"default","ast-global-header-display":"","ast-banner-title-visibility":"","ast-main-header-display":"","ast-hfb-above-header-display":"","ast-hfb-below-header-display":"","ast-hfb-mobile-header-display":"","site-post-title":"","ast-breadcrumbs-content":"","ast-featured-img":"","footer-sml-layout":"","ast-disable-related-posts":"","theme-transparent-header-meta":"","adv-header-id-meta":"","stick-header-meta":"","header-above-stick-meta":"","header-main-stick-meta":"","header-below-stick-meta":"","astra-migrate-meta-layouts":"default","ast-page-background-enabled":"default","ast-page-background-meta":{"desktop":{"background-color":"var(--ast-global-color-4)","background-image":"","background-repeat":"repeat","background-position":"center center","background-size":"auto","background-attachment":"scroll","background-type":"","background-media":"","overlay-type":"","overlay-color":"","overlay-opacity":"","overlay-gradient":""},"tablet":{"background-color":"","background-image":"","background-repeat":"repeat","background-position":"center center","background-size":"auto","background-attachment":"scroll","background-type":"","background-media":"","overlay-type":"","overlay-color":"","overlay-opacity":"","overlay-gradient":""},"mobile":{"background-color":"","background-image":"","background-repeat":"repeat","background-position":"center center","background-size":"auto","background-attachment":"scroll","background-type":"","background-media":"","overlay-type":"","overlay-color":"","overlay-opacity":"","overlay-gradient":""}},"ast-content-background-meta":{"desktop":{"background-color":"var(--ast-global-color-5)","background-image":"","background-repeat":"repeat","background-position":"center center","background-size":"auto","background-attachment":"scroll","background-type":"","background-media":"","overlay-type":"","overlay-color":"","overlay-opacity":"","overlay-gradient":""},"tablet":{"background-color":"var(--ast-global-color-5)","background-image":"","background-repeat":"repeat","background-position":"center center","background-size":"auto","background-attachment":"scroll","background-type":"","background-media":"","overlay-type":"","overlay-color":"","overlay-opacity":"","overlay-gradient":""},"mobile":{"background-color":"var(--ast-global-color-5)","background-image":"","background-repeat":"repeat","background-position":"center center","background-size":"auto","background-attachment":"scroll","background-type":"","background-media":"","overlay-type":"","overlay-color":"","overlay-opacity":"","overlay-gradient":""}},"footnotes":""},"class_list":["post-6","page","type-page","status-publish","hentry"],"yoast_head":"<!-- This site is optimized with the Yoast SEO plugin v26.6 - https:\/\/yoast.com\/wordpress\/plugins\/seo\/ -->\n<title>Privacy Policy - Sargassum Monitoring<\/title>\n<meta name=\"robots\" content=\"index, follow, max-snippet:-1, max-image-preview:large, max-video-preview:-1\" \/>\n<link rel=\"canonical\" href=\"https:\/\/sargassummonitoring.com\/fr\/privacy-policy\/\" \/>\n<meta property=\"og:locale\" content=\"fr_FR\" \/>\n<meta property=\"og:type\" content=\"article\" \/>\n<meta property=\"og:title\" content=\"Privacy Policy - Sargassum Monitoring\" \/>\n<meta property=\"og:description\" content=\"Who we are Our website address is: https:\/\/www.sargassummonitoring.com. Comments When visitors leave comments on the site we collect the data shown in the comments form, and also the visitor\u2019s IP address and browser user agent string to help spam detection. An anonymized string created from your email address (also called a hash) may be provided [&hellip;]\" \/>\n<meta property=\"og:url\" content=\"https:\/\/sargassummonitoring.com\/fr\/privacy-policy\/\" \/>\n<meta property=\"og:site_name\" content=\"Sargassum Monitoring\" \/>\n<meta property=\"article:publisher\" content=\"https:\/\/www.facebook.com\/groups\/sargassummonitoring\" \/>\n<meta property=\"article:modified_time\" content=\"2023-08-01T13:42:07+00:00\" \/>\n<meta name=\"twitter:card\" content=\"summary_large_image\" \/>\n<meta name=\"twitter:site\" content=\"@SargaMonitoring\" \/>\n<meta name=\"twitter:label1\" content=\"Dur\u00e9e de lecture estim\u00e9e\" \/>\n\t<meta name=\"twitter:data1\" content=\"3 minutes\" \/>\n<script type=\"application\/ld+json\" class=\"yoast-schema-graph\">{\"@context\":\"https:\/\/schema.org\",\"@graph\":[{\"@type\":\"WebPage\",\"@id\":\"https:\/\/sargassummonitoring.com\/fr\/privacy-policy\/\",\"url\":\"https:\/\/sargassummonitoring.com\/fr\/privacy-policy\/\",\"name\":\"Privacy Policy - Sargassum Monitoring\",\"isPartOf\":{\"@id\":\"https:\/\/sargassummonitoring.com\/en\/#website\"},\"datePublished\":\"2023-07-26T15:44:57+00:00\",\"dateModified\":\"2023-08-01T13:42:07+00:00\",\"breadcrumb\":{\"@id\":\"https:\/\/sargassummonitoring.com\/fr\/privacy-policy\/#breadcrumb\"},\"inLanguage\":\"fr-FR\",\"potentialAction\":[{\"@type\":\"ReadAction\",\"target\":[\"https:\/\/sargassummonitoring.com\/fr\/privacy-policy\/\"]}]},{\"@type\":\"BreadcrumbList\",\"@id\":\"https:\/\/sargassummonitoring.com\/fr\/privacy-policy\/#breadcrumb\",\"itemListElement\":[{\"@type\":\"ListItem\",\"position\":1,\"name\":\"Home\",\"item\":\"https:\/\/sargassummonitoring.com\/fr\/\"},{\"@type\":\"ListItem\",\"position\":2,\"name\":\"Privacy Policy\"}]},{\"@type\":\"WebSite\",\"@id\":\"https:\/\/sargassummonitoring.com\/en\/#website\",\"url\":\"https:\/\/sargassummonitoring.com\/en\/\",\"name\":\"Sargassum Monitoring\",\"description\":\"OFFICIAL MAP &amp; FORECASTS\",\"publisher\":{\"@id\":\"https:\/\/sargassummonitoring.com\/en\/#organization\"},\"potentialAction\":[{\"@type\":\"SearchAction\",\"target\":{\"@type\":\"EntryPoint\",\"urlTemplate\":\"https:\/\/sargassummonitoring.com\/en\/?s={search_term_string}\"},\"query-input\":{\"@type\":\"PropertyValueSpecification\",\"valueRequired\":true,\"valueName\":\"search_term_string\"}}],\"inLanguage\":\"fr-FR\"},{\"@type\":\"Organization\",\"@id\":\"https:\/\/sargassummonitoring.com\/en\/#organization\",\"name\":\"Sargassum Monitoring\",\"url\":\"https:\/\/sargassummonitoring.com\/en\/\",\"logo\":{\"@type\":\"ImageObject\",\"inLanguage\":\"fr-FR\",\"@id\":\"https:\/\/sargassummonitoring.com\/en\/#\/schema\/logo\/image\/\",\"url\":\"https:\/\/sargassummonitoring.com\/wp-content\/uploads\/2023\/07\/cropped-01-sargassum-monitoring-400-rond.webp\",\"contentUrl\":\"https:\/\/sargassummonitoring.com\/wp-content\/uploads\/2023\/07\/cropped-01-sargassum-monitoring-400-rond.webp\",\"width\":400,\"height\":400,\"caption\":\"Sargassum Monitoring\"},\"image\":{\"@id\":\"https:\/\/sargassummonitoring.com\/en\/#\/schema\/logo\/image\/\"},\"sameAs\":[\"https:\/\/www.facebook.com\/groups\/sargassummonitoring\",\"https:\/\/x.com\/SargaMonitoring\",\"https:\/\/www.tiktok.com\/@sargassummonitoring\",\"https:\/\/www.linkedin.com\/company\/sargassum-monitoring\/posts\/?feedView=all\"]}]}<\/script>\n<!-- \/ Yoast SEO plugin. -->","yoast_head_json":{"title":"Privacy Policy - Sargassum Monitoring","robots":{"index":"index","follow":"follow","max-snippet":"max-snippet:-1","max-image-preview":"max-image-preview:large","max-video-preview":"max-video-preview:-1"},"canonical":"https:\/\/sargassummonitoring.com\/fr\/privacy-policy\/","og_locale":"fr_FR","og_type":"article","og_title":"Privacy Policy - Sargassum Monitoring","og_description":"Who we are Our website address is: https:\/\/www.sargassummonitoring.com. Comments When visitors leave comments on the site we collect the data shown in the comments form, and also the visitor\u2019s IP address and browser user agent string to help spam detection. An anonymized string created from your email address (also called a hash) may be provided [&hellip;]","og_url":"https:\/\/sargassummonitoring.com\/fr\/privacy-policy\/","og_site_name":"Sargassum Monitoring","article_publisher":"https:\/\/www.facebook.com\/groups\/sargassummonitoring","article_modified_time":"2023-08-01T13:42:07+00:00","twitter_card":"summary_large_image","twitter_site":"@SargaMonitoring","twitter_misc":{"Dur\u00e9e de lecture estim\u00e9e":"3 minutes"},"schema":{"@context":"https:\/\/schema.org","@graph":[{"@type":"WebPage","@id":"https:\/\/sargassummonitoring.com\/fr\/privacy-policy\/","url":"https:\/\/sargassummonitoring.com\/fr\/privacy-policy\/","name":"Privacy Policy - Sargassum Monitoring","isPartOf":{"@id":"https:\/\/sargassummonitoring.com\/en\/#website"},"datePublished":"2023-07-26T15:44:57+00:00","dateModified":"2023-08-01T13:42:07+00:00","breadcrumb":{"@id":"https:\/\/sargassummonitoring.com\/fr\/privacy-policy\/#breadcrumb"},"inLanguage":"fr-FR","potentialAction":[{"@type":"ReadAction","target":["https:\/\/sargassummonitoring.com\/fr\/privacy-policy\/"]}]},{"@type":"BreadcrumbList","@id":"https:\/\/sargassummonitoring.com\/fr\/privacy-policy\/#breadcrumb","itemListElement":[{"@type":"ListItem","position":1,"name":"Home","item":"https:\/\/sargassummonitoring.com\/fr\/"},{"@type":"ListItem","position":2,"name":"Privacy Policy"}]},{"@type":"WebSite","@id":"https:\/\/sargassummonitoring.com\/en\/#website","url":"https:\/\/sargassummonitoring.com\/en\/","name":"Sargassum Monitoring","description":"CARTE OFFICIELLE &amp; PREVISIONS","publisher":{"@id":"https:\/\/sargassummonitoring.com\/en\/#organization"},"potentialAction":[{"@type":"SearchAction","target":{"@type":"EntryPoint","urlTemplate":"https:\/\/sargassummonitoring.com\/en\/?s={search_term_string}"},"query-input":{"@type":"PropertyValueSpecification","valueRequired":true,"valueName":"search_term_string"}}],"inLanguage":"fr-FR"},{"@type":"Organization","@id":"https:\/\/sargassummonitoring.com\/en\/#organization","name":"Sargassum Monitoring","url":"https:\/\/sargassummonitoring.com\/en\/","logo":{"@type":"ImageObject","inLanguage":"fr-FR","@id":"https:\/\/sargassummonitoring.com\/en\/#\/schema\/logo\/image\/","url":"https:\/\/sargassummonitoring.com\/wp-content\/uploads\/2023\/07\/cropped-01-sargassum-monitoring-400-rond.webp","contentUrl":"https:\/\/sargassummonitoring.com\/wp-content\/uploads\/2023\/07\/cropped-01-sargassum-monitoring-400-rond.webp","width":400,"height":400,"caption":"Sargassum Monitoring"},"image":{"@id":"https:\/\/sargassummonitoring.com\/en\/#\/schema\/logo\/image\/"},"sameAs":["https:\/\/www.facebook.com\/groups\/sargassummonitoring","https:\/\/x.com\/SargaMonitoring","https:\/\/www.tiktok.com\/@sargassummonitoring","https:\/\/www.linkedin.com\/company\/sargassum-monitoring\/posts\/?feedView=all"]}]}},"uagb_featured_image_src":{"full":false,"thumbnail":false,"medium":false,"medium_large":false,"large":false,"1536x1536":false,"2048x2048":false,"trp-custom-language-flag":false},"uagb_author_info":{"display_name":"Christine J.","author_link":"https:\/\/sargassummonitoring.com\/fr\/author\/adminsargassummonitoring-com\/"},"uagb_comment_info":0,"uagb_excerpt":"Who we are Our website address is: https:\/\/www.sargassummonitoring.com. Comments When visitors leave comments on the site we collect the data shown in the comments form, and also the visitor\u2019s IP address and browser user agent string to help spam detection. An anonymized string created from your email address (also called a hash) may be provided\u2026","_links":{"self":[{"href":"https:\/\/sargassummonitoring.com\/fr\/wp-json\/wp\/v2\/pages\/6","targetHints":{"allow":["GET"]}}],"collection":[{"href":"https:\/\/sargassummonitoring.com\/fr\/wp-json\/wp\/v2\/pages"}],"about":[{"href":"https:\/\/sargassummonitoring.com\/fr\/wp-json\/wp\/v2\/types\/page"}],"author":[{"embeddable":true,"href":"https:\/\/sargassummonitoring.com\/fr\/wp-json\/wp\/v2\/users\/1"}],"replies":[{"embeddable":true,"href":"https:\/\/sargassummonitoring.com\/fr\/wp-json\/wp\/v2\/comments?post=6"}],"version-history":[{"count":3,"href":"https:\/\/sargassummonitoring.com\/fr\/wp-json\/wp\/v2\/pages\/6\/revisions"}],"predecessor-version":[{"id":5118,"href":"https:\/\/sargassummonitoring.com\/fr\/wp-json\/wp\/v2\/pages\/6\/revisions\/5118"}],"wp:attachment":[{"href":"https:\/\/sargassummonitoring.com\/fr\/wp-json\/wp\/v2\/media?parent=6"}],"curies":[{"name":"wp","href":"https:\/\/api.w.org\/{rel}","templated":true}]}}