{"id":1009,"date":"2023-08-21T07:03:55","date_gmt":"2023-08-21T11:03:55","guid":{"rendered":"https:\/\/sargassummonitoring.com\/?page_id=1009"},"modified":"2025-05-25T10:33:30","modified_gmt":"2025-05-25T14:33:30","slug":"official-map-2018","status":"publish","type":"page","link":"https:\/\/sargassummonitoring.com\/fr\/official-map-2018\/","title":{"rendered":"Official Map 2018"},"content":{"rendered":"<div class=\"wp-block-uagb-container uagb-block-2b40d8e3 alignfull uagb-is-root-container\"><div class=\"uagb-container-inner-blocks-wrap\">\n<h2 class=\"wp-block-heading has-text-align-center has-ffffff-background-color has-background\">Carte des sargasses 2018<\/h2>\n\n\n\n<div class=\"wp-block-uagb-container uagb-block-72e6a5a5\">\n<script async src=\"https:\/\/pagead2.googlesyndication.com\/pagead\/js\/adsbygoogle.js?client=ca-pub-8448343880170654\"\n     crossorigin=\"anonymous\"><\/script>\n<!-- Bloc horizontal -->\n<ins class=\"adsbygoogle\"\n     style=\"display:block\"\n     data-ad-client=\"ca-pub-8448343880170654\"\n     data-ad-slot=\"7135998490\"\n     data-ad-format=\"auto\"\n     data-full-width-responsive=\"true\"><\/ins>\n<script>\n     (adsbygoogle = window.adsbygoogle || []).push({});\n<\/script>\n<\/div>\n\n\n\n<p><strong>Bienvenue sur la Carte de Suivi des Sargasses de 2018 !<\/strong><\/p>\n\n\n\n<p style=\"margin-top:0;margin-bottom:0;padding-top:0;padding-right:0;padding-bottom:0;padding-left:0\">L'ann\u00e9e 2018 a \u00e9t\u00e9 marqu\u00e9e par un record d\u2019arrivage de sargasses. C'est cette ann\u00e9e-l\u00e0 que Sargassum Monitoring a cr\u00e9\u00e9 la premi\u00e8re carte visant \u00e0 r\u00e9pertorier aussi pr\u00e9cis\u00e9ment que possible les plages paradisiaques d\u00e9sormais enfouies sous des tonnes d'algues naus\u00e9abondes. \u00c0 cette \u00e9poque, l'information ne circulait pas, et chaque pays pensait \u00eatre le seul \u00e0 subir ce ph\u00e9nom\u00e8ne, qui s'est av\u00e9r\u00e9 avoir bien plus de cons\u00e9quences qu'un simple d\u00e9sagr\u00e9ment visuel pour les vacanciers. Depuis 2011, ce ph\u00e9nom\u00e8ne en constante croissance \u00e9chappe toujours \u00e0 notre contr\u00f4le, et surtout, il ne fait que s'aggraver !<\/p>\n\n\n\n<p style=\"margin-top:0;margin-bottom:0;padding-top:0;padding-right:0;padding-bottom:0;padding-left:0\">Parce qu'une image vaut mieux que mille mots et que la m\u00e9moire n'est pas infaillible, depuis 2018, nous \u00e9ditons chaque ann\u00e9e la carte des arrivages de sargasses dans le but de sensibiliser le monde \u00e0 la r\u00e9alit\u00e9 de plus de 30 pays de la Cara\u00efbe et au-del\u00e0. Attention, cette carte va bien au-del\u00e0 de simplement vous guider dans le choix de votre prochaine destination de vacances. Elle t\u00e9moigne \u00e9galement de l'ampleur du ph\u00e9nom\u00e8ne, qui a d\u00e9but\u00e9 myst\u00e9rieusement en 2011, ind\u00e9niablement li\u00e9 \u00e0 la pollution humaine.<\/p>\n\n\n\n<p style=\"margin-top:0;margin-bottom:0;padding-top:0;padding-right:0;padding-bottom:0;padding-left:0\"><strong>Pour y rem\u00e9dier, il est temps d'agir !<\/strong><\/p>\n\n\n\n<p style=\"margin-top:0;margin-bottom:0;padding-top:0;padding-right:0;padding-bottom:0;padding-left:0\">Face \u00e0 cette catastrophe \u00e9conomique, sanitaire et \u00e9cologique, la participation de chacun rev\u00eat une importance primordiale. Les gouvernements et les chercheurs r\u00e9clament davantage de photos pour les aider \u00e0 trouver des solutions efficaces. Vous pouvez les aider.<\/p>\n\n\n\n<p style=\"margin-top:0;margin-bottom:0;padding-top:0;padding-right:0;padding-bottom:0;padding-left:0\"><strong>International commitment is essential. To ensure we can include them on the current map, please share the condition of your beaches now and regularly using Sargassum Monitoring&#8217;s social media platforms. Share&nbsp;your&nbsp;photos !<\/strong><\/p>\n<\/div><\/div>\n\n\n\n<div style=\"height:40px\" aria-hidden=\"true\" class=\"wp-block-spacer\"><\/div>\n\n\n\n<div class=\"wp-block-uagb-container uagb-block-47cf8ee5 alignfull uagb-is-root-container\"><div class=\"uagb-container-inner-blocks-wrap\">\n<script async src=\"https:\/\/pagead2.googlesyndication.com\/pagead\/js\/adsbygoogle.js?client=ca-pub-8448343880170654\"\n     crossorigin=\"anonymous\"><\/script>\n<!-- Bloc horizontal -->\n<ins class=\"adsbygoogle\"\n     style=\"display:block\"\n     data-ad-client=\"ca-pub-8448343880170654\"\n     data-ad-slot=\"7135998490\"\n     data-ad-format=\"auto\"\n     data-full-width-responsive=\"true\"><\/ins>\n<script>\n     (adsbygoogle = window.adsbygoogle || []).push({});\n<\/script>\n\n\n\n<p class=\"has-text-align-left has-ffffff-background-color has-text-color has-background\" style=\"color:#ff0d0d\"><strong>ATTENTION : Les dates sont au format : Mois\/Jour\/Ann\u00e9e<\/strong><\/p>\n<\/div><\/div>\n\n\n\n<div class=\"wp-block-uagb-container uagb-block-ed1e7184 alignfull uagb-is-root-container\"><div class=\"uagb-container-inner-blocks-wrap\">\n<center><iframe loading=\"lazy\" width=\"100%\" height=\"500px\" frameborder=\"0\" allowfullscreen allow=\"geolocation\" src=\"\/\/umap.openstreetmap.fr\/en\/map\/2018-map-sargassum-monitoring_951751?scaleControl=false&#038;miniMap=false&#038;scrollWheelZoom=true&#038;zoomControl=true&#038;allowEdit=false&#038;moreControl=true&#038;searchControl=null&#038;datalayersControl=true&#038;onLoadPanel=databrowser&#038;captionBar=false&#038;captionMenus=true\"><\/iframe><\/center>\n<\/div><\/div>\n\n\n\n<div class=\"wp-block-uagb-container uagb-block-dc6abeb1 alignfull uagb-is-root-container\"><div class=\"uagb-container-inner-blocks-wrap\">\n<p class=\"has-text-align-left has-ffffff-background-color has-text-color has-background\" style=\"color:#ff0d0d\"><strong>ATTENTION : Les cartes et donn\u00e9es sont la propri\u00e9t\u00e9 de Sargassum Monitoring\u00ae. Si vous souhaitez les utiliser, merci de nous contacter pour demander une\u00a0autorisation.<\/strong><\/p>\n<\/div><\/div>\n\n\n\n<div style=\"height:5px\" aria-hidden=\"true\" class=\"wp-block-spacer\"><\/div>\n\n\n\n<div class=\"wp-block-uagb-container uagb-block-28651b2a alignfull uagb-is-root-container\"><div class=\"uagb-container-inner-blocks-wrap\">\n<script async src=\"https:\/\/pagead2.googlesyndication.com\/pagead\/js\/adsbygoogle.js?client=ca-pub-8448343880170654\"\n     crossorigin=\"anonymous\"><\/script>\n<!-- Bloc horizontal -->\n<ins class=\"adsbygoogle\"\n     style=\"display:block\"\n     data-ad-client=\"ca-pub-8448343880170654\"\n     data-ad-slot=\"7135998490\"\n     data-ad-format=\"auto\"\n     data-full-width-responsive=\"true\"><\/ins>\n<script>\n     (adsbygoogle = window.adsbygoogle || []).push({});\n<\/script>\n<\/div><\/div>\n\n\n\n<div class=\"wp-block-uagb-separator uagb-block-ef260cb7\"><div class=\"wp-block-uagb-separator__inner\" style=\"--my-background-image:\"><\/div><\/div>\n\n\n\n<h2 class=\"wp-block-heading has-text-align-center\">Consultez d'autres cartes<\/h2>\n\n\n\n<div class=\"wp-block-uagb-container uagb-block-069e3c64 alignwide uagb-is-root-container\">\n<div class=\"wp-block-uagb-buttons uagb-buttons__outer-wrap uagb-btn__default-btn uagb-btn-tablet__default-btn uagb-btn-mobile__default-btn uagb-block-54da1e14\"><div class=\"uagb-buttons__wrap uagb-buttons-layout-wrap\">\n<div class=\"wp-block-uagb-buttons-child uagb-buttons__outer-wrap uagb-block-f2fc96bc wp-block-button\"><div class=\"uagb-button__wrapper\"><a class=\"uagb-buttons-repeater wp-block-button__link\" aria-label=\"\" href=\"https:\/\/sargassummonitoring.com\/fr\/official-map-2024\/\" rel=\"follow noopener\" target=\"_self\" role=\"button\"><div class=\"uagb-button__link\">2024 Map<\/div><\/a><\/div><\/div>\n<\/div><\/div>\n<\/div>\n\n\n\n<div class=\"wp-block-uagb-container uagb-block-2a129289 alignwide uagb-is-root-container\">\n<div class=\"wp-block-uagb-buttons uagb-buttons__outer-wrap uagb-btn__default-btn uagb-btn-tablet__default-btn uagb-btn-mobile__default-btn uagb-block-a62d2197\"><div class=\"uagb-buttons__wrap uagb-buttons-layout-wrap\">\n<div class=\"wp-block-uagb-buttons-child uagb-buttons__outer-wrap uagb-block-4ec6c6d5 wp-block-button\"><div class=\"uagb-button__wrapper\"><a class=\"uagb-buttons-repeater wp-block-button__link\" aria-label=\"\" href=\"https:\/\/sargassummonitoring.com\/fr\/map-2023\/\" rel=\"follow noopener\" target=\"_self\" role=\"button\"><div class=\"uagb-button__link\">Carte 2023<\/div><\/a><\/div><\/div>\n<\/div><\/div>\n<\/div>\n\n\n\n<div class=\"wp-block-uagb-container uagb-block-f8b975c7 alignwide uagb-is-root-container\">\n<div class=\"wp-block-uagb-buttons uagb-buttons__outer-wrap uagb-btn__default-btn uagb-btn-tablet__default-btn uagb-btn-mobile__default-btn uagb-block-cbb8ffec\"><div class=\"uagb-buttons__wrap uagb-buttons-layout-wrap\">\n<div class=\"wp-block-uagb-buttons-child uagb-buttons__outer-wrap uagb-block-00eb8d18 wp-block-button\"><div class=\"uagb-button__wrapper\"><a class=\"uagb-buttons-repeater wp-block-button__link\" aria-label=\"\" href=\"https:\/\/sargassummonitoring.com\/fr\/official-map-2022\/\" rel=\"follow noopener\" target=\"_self\" role=\"button\"><div class=\"uagb-button__link\">Carte 2022<\/div><\/a><\/div><\/div>\n<\/div><\/div>\n<\/div>\n\n\n\n<div class=\"wp-block-uagb-container uagb-block-08622989 alignwide uagb-is-root-container\">\n<div class=\"wp-block-uagb-buttons uagb-buttons__outer-wrap uagb-btn__default-btn uagb-btn-tablet__default-btn uagb-btn-mobile__default-btn uagb-block-b42322dc\"><div class=\"uagb-buttons__wrap uagb-buttons-layout-wrap\">\n<div class=\"wp-block-uagb-buttons-child uagb-buttons__outer-wrap uagb-block-6435d828 wp-block-button\"><div class=\"uagb-button__wrapper\"><a class=\"uagb-buttons-repeater wp-block-button__link\" aria-label=\"\" href=\"https:\/\/sargassummonitoring.com\/fr\/official-map-2021\/\" rel=\"follow noopener\" target=\"_self\" role=\"button\"><div class=\"uagb-button__link\">Carte 2021<\/div><\/a><\/div><\/div>\n<\/div><\/div>\n<\/div>\n\n\n\n<div class=\"wp-block-uagb-container uagb-block-1d2b69eb alignwide uagb-is-root-container\">\n<div class=\"wp-block-uagb-buttons uagb-buttons__outer-wrap uagb-btn__default-btn uagb-btn-tablet__default-btn uagb-btn-mobile__default-btn uagb-block-d8ca0fb8\"><div class=\"uagb-buttons__wrap uagb-buttons-layout-wrap\">\n<div class=\"wp-block-uagb-buttons-child uagb-buttons__outer-wrap uagb-block-20b50e4f wp-block-button\"><div class=\"uagb-button__wrapper\"><a class=\"uagb-buttons-repeater wp-block-button__link\" aria-label=\"\" href=\"https:\/\/sargassummonitoring.com\/fr\/official-map-2020\/\" rel=\"follow noopener\" target=\"_self\" role=\"button\"><div class=\"uagb-button__link\">Carte 2020<\/div><\/a><\/div><\/div>\n<\/div><\/div>\n<\/div>\n\n\n\n<div class=\"wp-block-uagb-container uagb-block-347d7091 alignwide uagb-is-root-container\">\n<div class=\"wp-block-uagb-buttons uagb-buttons__outer-wrap uagb-btn__default-btn uagb-btn-tablet__default-btn uagb-btn-mobile__default-btn uagb-block-6ed59205\"><div class=\"uagb-buttons__wrap uagb-buttons-layout-wrap\">\n<div class=\"wp-block-uagb-buttons-child uagb-buttons__outer-wrap uagb-block-c53621d4 wp-block-button\"><div class=\"uagb-button__wrapper\"><a class=\"uagb-buttons-repeater wp-block-button__link\" aria-label=\"\" href=\"https:\/\/sargassummonitoring.com\/fr\/official-map-2019\/\" rel=\"follow noopener\" target=\"_self\" role=\"button\"><div class=\"uagb-button__link\">Carte 2019<\/div><\/a><\/div><\/div>\n<\/div><\/div>\n<\/div>\n\n\n\n<p><\/p>","protected":false},"excerpt":{"rendered":"<p>Sargassum map 2018 Welcome to the 2018 Sargassum Monitoring Map ! The year 2018 witnessed a record influx of sargassum. It was during this year that Sargassum Monitoring created the first map aimed at meticulously documenting the paradisiacal beaches now buried under tons of foul-smelling algae. At that time, information was not widely circulated, and [&hellip;]<\/p>\n","protected":false},"author":1,"featured_media":0,"parent":0,"menu_order":0,"comment_status":"closed","ping_status":"closed","template":"","meta":{"_uag_custom_page_level_css":"","site-sidebar-layout":"default","site-content-layout":"","ast-site-content-layout":"default","site-content-style":"default","site-sidebar-style":"default","ast-global-header-display":"","ast-banner-title-visibility":"","ast-main-header-display":"","ast-hfb-above-header-display":"","ast-hfb-below-header-display":"","ast-hfb-mobile-header-display":"","site-post-title":"disabled","ast-breadcrumbs-content":"","ast-featured-img":"","footer-sml-layout":"","ast-disable-related-posts":"","theme-transparent-header-meta":"","adv-header-id-meta":"","stick-header-meta":"","header-above-stick-meta":"","header-main-stick-meta":"","header-below-stick-meta":"","astra-migrate-meta-layouts":"set","ast-page-background-enabled":"default","ast-page-background-meta":{"desktop":{"background-color":"var(--ast-global-color-4)","background-image":"","background-repeat":"repeat","background-position":"center center","background-size":"auto","background-attachment":"scroll","background-type":"","background-media":"","overlay-type":"","overlay-color":"","overlay-opacity":"","overlay-gradient":""},"tablet":{"background-color":"","background-image":"","background-repeat":"repeat","background-position":"center center","background-size":"auto","background-attachment":"scroll","background-type":"","background-media":"","overlay-type":"","overlay-color":"","overlay-opacity":"","overlay-gradient":""},"mobile":{"background-color":"","background-image":"","background-repeat":"repeat","background-position":"center center","background-size":"auto","background-attachment":"scroll","background-type":"","background-media":"","overlay-type":"","overlay-color":"","overlay-opacity":"","overlay-gradient":""}},"ast-content-background-meta":{"desktop":{"background-color":"var(--ast-global-color-5)","background-image":"","background-repeat":"repeat","background-position":"center center","background-size":"auto","background-attachment":"scroll","background-type":"","background-media":"","overlay-type":"","overlay-color":"","overlay-opacity":"","overlay-gradient":""},"tablet":{"background-color":"var(--ast-global-color-5)","background-image":"","background-repeat":"repeat","background-position":"center center","background-size":"auto","background-attachment":"scroll","background-type":"","background-media":"","overlay-type":"","overlay-color":"","overlay-opacity":"","overlay-gradient":""},"mobile":{"background-color":"var(--ast-global-color-5)","background-image":"","background-repeat":"repeat","background-position":"center center","background-size":"auto","background-attachment":"scroll","background-type":"","background-media":"","overlay-type":"","overlay-color":"","overlay-opacity":"","overlay-gradient":""}},"footnotes":""},"class_list":["post-1009","page","type-page","status-publish","hentry"],"yoast_head":"<!-- This site is optimized with the Yoast SEO plugin v26.6 - https:\/\/yoast.com\/wordpress\/plugins\/seo\/ -->\n<title>Official Map 2018 - Sargassum Monitoring<\/title>\n<meta name=\"robots\" content=\"index, follow, max-snippet:-1, max-image-preview:large, max-video-preview:-1\" \/>\n<link rel=\"canonical\" href=\"https:\/\/sargassummonitoring.com\/fr\/official-map-2018\/\" \/>\n<meta property=\"og:locale\" content=\"fr_FR\" \/>\n<meta property=\"og:type\" content=\"article\" \/>\n<meta property=\"og:title\" content=\"Official Map 2018 - Sargassum Monitoring\" \/>\n<meta property=\"og:description\" content=\"Sargassum map 2018 Welcome to the 2018 Sargassum Monitoring Map ! The year 2018 witnessed a record influx of sargassum. It was during this year that Sargassum Monitoring created the first map aimed at meticulously documenting the paradisiacal beaches now buried under tons of foul-smelling algae. At that time, information was not widely circulated, and [&hellip;]\" \/>\n<meta property=\"og:url\" content=\"https:\/\/sargassummonitoring.com\/fr\/official-map-2018\/\" \/>\n<meta property=\"og:site_name\" content=\"Sargassum Monitoring\" \/>\n<meta property=\"article:publisher\" content=\"https:\/\/www.facebook.com\/groups\/sargassummonitoring\" \/>\n<meta property=\"article:modified_time\" content=\"2025-05-25T14:33:30+00:00\" \/>\n<meta name=\"twitter:card\" content=\"summary_large_image\" \/>\n<meta name=\"twitter:site\" content=\"@SargaMonitoring\" \/>\n<meta name=\"twitter:label1\" content=\"Dur\u00e9e de lecture estim\u00e9e\" \/>\n\t<meta name=\"twitter:data1\" content=\"2 minutes\" \/>\n<script type=\"application\/ld+json\" class=\"yoast-schema-graph\">{\"@context\":\"https:\/\/schema.org\",\"@graph\":[{\"@type\":\"WebPage\",\"@id\":\"https:\/\/sargassummonitoring.com\/en\/official-map-2018\/\",\"url\":\"https:\/\/sargassummonitoring.com\/en\/official-map-2018\/\",\"name\":\"Official Map 2018 - Sargassum Monitoring\",\"isPartOf\":{\"@id\":\"https:\/\/sargassummonitoring.com\/en\/#website\"},\"datePublished\":\"2023-08-21T11:03:55+00:00\",\"dateModified\":\"2025-05-25T14:33:30+00:00\",\"breadcrumb\":{\"@id\":\"https:\/\/sargassummonitoring.com\/en\/official-map-2018\/#breadcrumb\"},\"inLanguage\":\"fr-FR\",\"potentialAction\":[{\"@type\":\"ReadAction\",\"target\":[\"https:\/\/sargassummonitoring.com\/en\/official-map-2018\/\"]}]},{\"@type\":\"BreadcrumbList\",\"@id\":\"https:\/\/sargassummonitoring.com\/en\/official-map-2018\/#breadcrumb\",\"itemListElement\":[{\"@type\":\"ListItem\",\"position\":1,\"name\":\"Home\",\"item\":\"https:\/\/sargassummonitoring.com\/fr\/\"},{\"@type\":\"ListItem\",\"position\":2,\"name\":\"Official Map 2018\"}]},{\"@type\":\"WebSite\",\"@id\":\"https:\/\/sargassummonitoring.com\/en\/#website\",\"url\":\"https:\/\/sargassummonitoring.com\/en\/\",\"name\":\"Sargassum Monitoring\",\"description\":\"OFFICIAL MAP &amp; FORECASTS\",\"publisher\":{\"@id\":\"https:\/\/sargassummonitoring.com\/en\/#organization\"},\"potentialAction\":[{\"@type\":\"SearchAction\",\"target\":{\"@type\":\"EntryPoint\",\"urlTemplate\":\"https:\/\/sargassummonitoring.com\/en\/?s={search_term_string}\"},\"query-input\":{\"@type\":\"PropertyValueSpecification\",\"valueRequired\":true,\"valueName\":\"search_term_string\"}}],\"inLanguage\":\"fr-FR\"},{\"@type\":\"Organization\",\"@id\":\"https:\/\/sargassummonitoring.com\/en\/#organization\",\"name\":\"Sargassum Monitoring\",\"url\":\"https:\/\/sargassummonitoring.com\/en\/\",\"logo\":{\"@type\":\"ImageObject\",\"inLanguage\":\"fr-FR\",\"@id\":\"https:\/\/sargassummonitoring.com\/en\/#\/schema\/logo\/image\/\",\"url\":\"https:\/\/sargassummonitoring.com\/wp-content\/uploads\/2023\/07\/cropped-01-sargassum-monitoring-400-rond.webp\",\"contentUrl\":\"https:\/\/sargassummonitoring.com\/wp-content\/uploads\/2023\/07\/cropped-01-sargassum-monitoring-400-rond.webp\",\"width\":400,\"height\":400,\"caption\":\"Sargassum Monitoring\"},\"image\":{\"@id\":\"https:\/\/sargassummonitoring.com\/en\/#\/schema\/logo\/image\/\"},\"sameAs\":[\"https:\/\/www.facebook.com\/groups\/sargassummonitoring\",\"https:\/\/x.com\/SargaMonitoring\",\"https:\/\/www.tiktok.com\/@sargassummonitoring\",\"https:\/\/www.linkedin.com\/company\/sargassum-monitoring\/posts\/?feedView=all\"]}]}<\/script>\n<!-- \/ Yoast SEO plugin. -->","yoast_head_json":{"title":"Official Map 2018 - Sargassum Monitoring","robots":{"index":"index","follow":"follow","max-snippet":"max-snippet:-1","max-image-preview":"max-image-preview:large","max-video-preview":"max-video-preview:-1"},"canonical":"https:\/\/sargassummonitoring.com\/fr\/official-map-2018\/","og_locale":"fr_FR","og_type":"article","og_title":"Official Map 2018 - Sargassum Monitoring","og_description":"Sargassum map 2018 Welcome to the 2018 Sargassum Monitoring Map ! The year 2018 witnessed a record influx of sargassum. It was during this year that Sargassum Monitoring created the first map aimed at meticulously documenting the paradisiacal beaches now buried under tons of foul-smelling algae. At that time, information was not widely circulated, and [&hellip;]","og_url":"https:\/\/sargassummonitoring.com\/fr\/official-map-2018\/","og_site_name":"Sargassum Monitoring","article_publisher":"https:\/\/www.facebook.com\/groups\/sargassummonitoring","article_modified_time":"2025-05-25T14:33:30+00:00","twitter_card":"summary_large_image","twitter_site":"@SargaMonitoring","twitter_misc":{"Dur\u00e9e de lecture estim\u00e9e":"2 minutes"},"schema":{"@context":"https:\/\/schema.org","@graph":[{"@type":"WebPage","@id":"https:\/\/sargassummonitoring.com\/en\/official-map-2018\/","url":"https:\/\/sargassummonitoring.com\/en\/official-map-2018\/","name":"Official Map 2018 - Sargassum Monitoring","isPartOf":{"@id":"https:\/\/sargassummonitoring.com\/en\/#website"},"datePublished":"2023-08-21T11:03:55+00:00","dateModified":"2025-05-25T14:33:30+00:00","breadcrumb":{"@id":"https:\/\/sargassummonitoring.com\/en\/official-map-2018\/#breadcrumb"},"inLanguage":"fr-FR","potentialAction":[{"@type":"ReadAction","target":["https:\/\/sargassummonitoring.com\/en\/official-map-2018\/"]}]},{"@type":"BreadcrumbList","@id":"https:\/\/sargassummonitoring.com\/en\/official-map-2018\/#breadcrumb","itemListElement":[{"@type":"ListItem","position":1,"name":"Home","item":"https:\/\/sargassummonitoring.com\/fr\/"},{"@type":"ListItem","position":2,"name":"Official Map 2018"}]},{"@type":"WebSite","@id":"https:\/\/sargassummonitoring.com\/en\/#website","url":"https:\/\/sargassummonitoring.com\/en\/","name":"Sargassum Monitoring","description":"CARTE OFFICIELLE &amp; PREVISIONS","publisher":{"@id":"https:\/\/sargassummonitoring.com\/en\/#organization"},"potentialAction":[{"@type":"SearchAction","target":{"@type":"EntryPoint","urlTemplate":"https:\/\/sargassummonitoring.com\/en\/?s={search_term_string}"},"query-input":{"@type":"PropertyValueSpecification","valueRequired":true,"valueName":"search_term_string"}}],"inLanguage":"fr-FR"},{"@type":"Organization","@id":"https:\/\/sargassummonitoring.com\/en\/#organization","name":"Sargassum Monitoring","url":"https:\/\/sargassummonitoring.com\/en\/","logo":{"@type":"ImageObject","inLanguage":"fr-FR","@id":"https:\/\/sargassummonitoring.com\/en\/#\/schema\/logo\/image\/","url":"https:\/\/sargassummonitoring.com\/wp-content\/uploads\/2023\/07\/cropped-01-sargassum-monitoring-400-rond.webp","contentUrl":"https:\/\/sargassummonitoring.com\/wp-content\/uploads\/2023\/07\/cropped-01-sargassum-monitoring-400-rond.webp","width":400,"height":400,"caption":"Sargassum Monitoring"},"image":{"@id":"https:\/\/sargassummonitoring.com\/en\/#\/schema\/logo\/image\/"},"sameAs":["https:\/\/www.facebook.com\/groups\/sargassummonitoring","https:\/\/x.com\/SargaMonitoring","https:\/\/www.tiktok.com\/@sargassummonitoring","https:\/\/www.linkedin.com\/company\/sargassum-monitoring\/posts\/?feedView=all"]}]}},"uagb_featured_image_src":{"full":false,"thumbnail":false,"medium":false,"medium_large":false,"large":false,"1536x1536":false,"2048x2048":false,"trp-custom-language-flag":false},"uagb_author_info":{"display_name":"Christine J.","author_link":"https:\/\/sargassummonitoring.com\/fr\/author\/adminsargassummonitoring-com\/"},"uagb_comment_info":0,"uagb_excerpt":"Sargassum map 2018 Welcome to the 2018 Sargassum Monitoring Map ! The year 2018 witnessed a record influx of sargassum. It was during this year that Sargassum Monitoring created the first map aimed at meticulously documenting the paradisiacal beaches now buried under tons of foul-smelling algae. At that time, information was not widely circulated, and\u2026","_links":{"self":[{"href":"https:\/\/sargassummonitoring.com\/fr\/wp-json\/wp\/v2\/pages\/1009","targetHints":{"allow":["GET"]}}],"collection":[{"href":"https:\/\/sargassummonitoring.com\/fr\/wp-json\/wp\/v2\/pages"}],"about":[{"href":"https:\/\/sargassummonitoring.com\/fr\/wp-json\/wp\/v2\/types\/page"}],"author":[{"embeddable":true,"href":"https:\/\/sargassummonitoring.com\/fr\/wp-json\/wp\/v2\/users\/1"}],"replies":[{"embeddable":true,"href":"https:\/\/sargassummonitoring.com\/fr\/wp-json\/wp\/v2\/comments?post=1009"}],"version-history":[{"count":23,"href":"https:\/\/sargassummonitoring.com\/fr\/wp-json\/wp\/v2\/pages\/1009\/revisions"}],"predecessor-version":[{"id":4898,"href":"https:\/\/sargassummonitoring.com\/fr\/wp-json\/wp\/v2\/pages\/1009\/revisions\/4898"}],"wp:attachment":[{"href":"https:\/\/sargassummonitoring.com\/fr\/wp-json\/wp\/v2\/media?parent=1009"}],"curies":[{"name":"wp","href":"https:\/\/api.w.org\/{rel}","templated":true}]}}