{"id":6126,"date":"2025-05-23T10:25:45","date_gmt":"2025-05-23T14:25:45","guid":{"rendered":"https:\/\/sargassummonitoring.com\/?page_id=6126"},"modified":"2025-05-23T10:25:46","modified_gmt":"2025-05-23T14:25:46","slug":"privacy-policy-for-sargapp","status":"publish","type":"page","link":"https:\/\/sargassummonitoring.com\/es\/privacy-policy-for-sargapp\/","title":{"rendered":"Pol\u00edtica de privacidad de SargApp"},"content":{"rendered":"<p style=\"margin-top:var(--wp--preset--spacing--20);margin-bottom:var(--wp--preset--spacing--20);padding-top:0;padding-bottom:0\">Fecha efectiva: mayo de 2025<\/p>\n\n\n\n<div class=\"wp-block-uagb-container uagb-block-9e064b75 alignfull uagb-is-root-container\"><div class=\"uagb-container-inner-blocks-wrap\">\n<ol style=\"margin-top:0;margin-bottom:0;padding-top:0;padding-bottom:0\" class=\"wp-block-list\">\n<li><strong>Introducci\u00f3n<\/strong><br>Sargassum Monitoring Inc (\u00abnosotros\u00bb, \u201cnuestro\u201d o \u00abnos\u00bb) respeta su privacidad y se compromete a proteger sus datos personales. Esta pol\u00edtica de privacidad explica c\u00f3mo recopilamos, utilizamos y compartimos la informaci\u00f3n cuando utiliza la aplicaci\u00f3n SargApp en Android e iOS.<\/li>\n\n\n\n<li><strong>Informaci\u00f3n que recopilamos<\/strong><br>Recogemos los siguientes datos personales de usted:\n<ul class=\"wp-block-list\">\n<li>Su nombre y direcci\u00f3n de correo electr\u00f3nico (para crear y gestionar su cuenta)<\/li>\n\n\n\n<li>Datos de localizaci\u00f3n vinculados a sus informes (recopilados s\u00f3lo en el momento de la presentaci\u00f3n del informe, no de forma continua)<\/li>\n\n\n\n<li>Acceso a la c\u00e1mara de su dispositivo para tomar fotos de los sargazos; las fotos no se guardan en la galer\u00eda de su dispositivo.<\/li>\n\n\n\n<li>Datos publicitarios a trav\u00e9s de Google AdMob<\/li>\n<\/ul>\n<\/li>\n\n\n\n<li><strong>C\u00f3mo utilizamos su informaci\u00f3n<\/strong><br>Sus datos se utilizan para los siguientes fines:\n<ul class=\"wp-block-list\">\n<li>Para crear y gestionar su cuenta de usuario<\/li>\n\n\n\n<li>Para mostrar anuncios personalizados y espec\u00edficos<\/li>\n<\/ul>\n<\/li>\n\n\n\n<li><strong>Publicidad y cookies<\/strong><br>Utilizamos Google AdMob para mostrar anuncios dentro de la aplicaci\u00f3n. AdMob puede recopilar informaci\u00f3n sobre el dispositivo y el uso de la aplicaci\u00f3n para publicar anuncios personalizados.<\/li>\n<\/ol>\n\n\n\n<p style=\"margin-top:0;margin-right:0;margin-bottom:0;margin-left:0;padding-top:0;padding-right:var(--wp--preset--spacing--60);padding-bottom:0;padding-left:var(--wp--preset--spacing--60)\">Si se encuentra en el Espacio Econ\u00f3mico Europeo (EEE), le pediremos su consentimiento para mostrarle anuncios personalizados.<\/p>\n\n\n\n<p style=\"margin-top:0;margin-bottom:0;padding-top:0;padding-right:var(--wp--preset--spacing--60);padding-bottom:0;padding-left:var(--wp--preset--spacing--60)\">Puede inhabilitar la publicidad personalizada a trav\u00e9s de la configuraci\u00f3n de los anuncios de Google.<\/p>\n\n\n\n<p style=\"margin-top:0;margin-bottom:0;padding-top:0;padding-right:var(--wp--preset--spacing--60);padding-bottom:0;padding-left:var(--wp--preset--spacing--60)\">AdMob puede utilizar cookies o tecnolog\u00edas similares para recopilar y almacenar informaci\u00f3n.<\/p>\n\n\n\n<ol start=\"5\" style=\"margin-top:0;margin-bottom:0;padding-top:0;padding-bottom:0\" class=\"wp-block-list\">\n<li><strong>Compartir su informaci\u00f3n<\/strong><br>Actualmente, no compartimos sus datos personales con terceros. Sin embargo, en el futuro, es posible que compartamos ciertos datos relacionados con los informes sobre el sargazo. Los \u00fanicos datos relacionados con el usuario que pueden compartirse son la ubicaci\u00f3n vinculada al informe espec\u00edfico.<\/li>\n\n\n\n<li><strong>Seguridad de los datos<\/strong><br>Todos los datos transmitidos a nuestros servidores est\u00e1n encriptados para garantizar su privacidad y seguridad.<\/li>\n\n\n\n<li><strong>Sus derechos<\/strong><br>Tiene derecho a solicitar la eliminaci\u00f3n de su cuenta y de sus datos personales. Para ello, p\u00f3ngase en contacto con nosotros en:<br>https:\/\/sargassummonitoring.com\/es\/contact\/<\/li>\n\n\n\n<li><strong>Privacidad de los ni\u00f1os<\/strong><br>SargApp est\u00e1 dirigido a usuarios de todas las edades. No recopilamos conscientemente informaci\u00f3n personal de ni\u00f1os menores de 13 a\u00f1os.<\/li>\n\n\n\n<li><strong>Contacte con nosotros<\/strong><br>Si tiene alguna pregunta o duda sobre esta Pol\u00edtica de Privacidad o nuestras pr\u00e1cticas de datos, por favor <a href=\"https:\/\/sargassummonitoring.com\/es\/contact\/\" target=\"_blank\" rel=\"noreferrer noopener\">Contacte con nosotros<\/a> o: <a href=\"https:\/\/sargassummonitoring.com\/es\/contact\/\">https:\/\/sargassummonitoring.com\/es\/contact\/<\/a><\/li>\n<\/ol>\n<\/div><\/div>\n\n\n\n<p><\/p>","protected":false},"excerpt":{"rendered":"<p>Effective date: May 2025 If you are located in the European Economic Area (EEA), we will request your consent to display personalized advertisements. You can opt out of personalized advertising by visiting Google Ads Settings. AdMob may use cookies or similar technologies to collect and store information.<\/p>","protected":false},"author":1,"featured_media":0,"parent":0,"menu_order":0,"comment_status":"closed","ping_status":"closed","template":"","meta":{"_uag_custom_page_level_css":"","site-sidebar-layout":"default","site-content-layout":"","ast-site-content-layout":"default","site-content-style":"default","site-sidebar-style":"default","ast-global-header-display":"","ast-banner-title-visibility":"","ast-main-header-display":"","ast-hfb-above-header-display":"","ast-hfb-below-header-display":"","ast-hfb-mobile-header-display":"","site-post-title":"","ast-breadcrumbs-content":"","ast-featured-img":"","footer-sml-layout":"","ast-disable-related-posts":"","theme-transparent-header-meta":"","adv-header-id-meta":"","stick-header-meta":"","header-above-stick-meta":"","header-main-stick-meta":"","header-below-stick-meta":"","astra-migrate-meta-layouts":"set","ast-page-background-enabled":"default","ast-page-background-meta":{"desktop":{"background-color":"var(--ast-global-color-4)","background-image":"","background-repeat":"repeat","background-position":"center center","background-size":"auto","background-attachment":"scroll","background-type":"","background-media":"","overlay-type":"","overlay-color":"","overlay-opacity":"","overlay-gradient":""},"tablet":{"background-color":"","background-image":"","background-repeat":"repeat","background-position":"center center","background-size":"auto","background-attachment":"scroll","background-type":"","background-media":"","overlay-type":"","overlay-color":"","overlay-opacity":"","overlay-gradient":""},"mobile":{"background-color":"","background-image":"","background-repeat":"repeat","background-position":"center center","background-size":"auto","background-attachment":"scroll","background-type":"","background-media":"","overlay-type":"","overlay-color":"","overlay-opacity":"","overlay-gradient":""}},"ast-content-background-meta":{"desktop":{"background-color":"var(--ast-global-color-5)","background-image":"","background-repeat":"repeat","background-position":"center center","background-size":"auto","background-attachment":"scroll","background-type":"","background-media":"","overlay-type":"","overlay-color":"","overlay-opacity":"","overlay-gradient":""},"tablet":{"background-color":"var(--ast-global-color-5)","background-image":"","background-repeat":"repeat","background-position":"center center","background-size":"auto","background-attachment":"scroll","background-type":"","background-media":"","overlay-type":"","overlay-color":"","overlay-opacity":"","overlay-gradient":""},"mobile":{"background-color":"var(--ast-global-color-5)","background-image":"","background-repeat":"repeat","background-position":"center center","background-size":"auto","background-attachment":"scroll","background-type":"","background-media":"","overlay-type":"","overlay-color":"","overlay-opacity":"","overlay-gradient":""}},"footnotes":""},"class_list":["post-6126","page","type-page","status-publish","hentry"],"yoast_head":"<!-- This site is optimized with the Yoast SEO plugin v26.6 - https:\/\/yoast.com\/wordpress\/plugins\/seo\/ -->\n<title>Privacy Policy for SargApp - Sargassum Monitoring<\/title>\n<meta name=\"description\" content=\"This Privacy Policy explains how we collect, use, and share information when you use the SargApp application on Android and iOS.\" \/>\n<meta name=\"robots\" content=\"index, follow, max-snippet:-1, max-image-preview:large, max-video-preview:-1\" \/>\n<link rel=\"canonical\" href=\"https:\/\/sargassummonitoring.com\/es\/privacy-policy-for-sargapp\/\" \/>\n<meta property=\"og:locale\" content=\"es_MX\" \/>\n<meta property=\"og:type\" content=\"article\" \/>\n<meta property=\"og:title\" content=\"Privacy Policy for SargApp - Sargassum Monitoring\" \/>\n<meta property=\"og:description\" content=\"This Privacy Policy explains how we collect, use, and share information when you use the SargApp application on Android and iOS.\" \/>\n<meta property=\"og:url\" content=\"https:\/\/sargassummonitoring.com\/es\/privacy-policy-for-sargapp\/\" \/>\n<meta property=\"og:site_name\" content=\"Sargassum Monitoring\" \/>\n<meta property=\"article:publisher\" content=\"https:\/\/www.facebook.com\/groups\/sargassummonitoring\" \/>\n<meta property=\"article:modified_time\" content=\"2025-05-23T14:25:46+00:00\" \/>\n<meta name=\"twitter:card\" content=\"summary_large_image\" \/>\n<meta name=\"twitter:site\" content=\"@SargaMonitoring\" \/>\n<meta name=\"twitter:label1\" content=\"Tiempo de lectura\" \/>\n\t<meta name=\"twitter:data1\" content=\"2 minutos\" \/>\n<script type=\"application\/ld+json\" class=\"yoast-schema-graph\">{\"@context\":\"https:\/\/schema.org\",\"@graph\":[{\"@type\":\"WebPage\",\"@id\":\"https:\/\/sargassummonitoring.com\/fr\/privacy-policy-for-sargapp\/\",\"url\":\"https:\/\/sargassummonitoring.com\/fr\/privacy-policy-for-sargapp\/\",\"name\":\"Privacy Policy for SargApp - Sargassum Monitoring\",\"isPartOf\":{\"@id\":\"https:\/\/sargassummonitoring.com\/en\/#website\"},\"datePublished\":\"2025-05-23T14:25:45+00:00\",\"dateModified\":\"2025-05-23T14:25:46+00:00\",\"description\":\"This Privacy Policy explains how we collect, use, and share information when you use the SargApp application on Android and iOS.\",\"breadcrumb\":{\"@id\":\"https:\/\/sargassummonitoring.com\/fr\/privacy-policy-for-sargapp\/#breadcrumb\"},\"inLanguage\":\"es\",\"potentialAction\":[{\"@type\":\"ReadAction\",\"target\":[\"https:\/\/sargassummonitoring.com\/fr\/privacy-policy-for-sargapp\/\"]}]},{\"@type\":\"BreadcrumbList\",\"@id\":\"https:\/\/sargassummonitoring.com\/fr\/privacy-policy-for-sargapp\/#breadcrumb\",\"itemListElement\":[{\"@type\":\"ListItem\",\"position\":1,\"name\":\"Home\",\"item\":\"https:\/\/sargassummonitoring.com\/fr\/\"},{\"@type\":\"ListItem\",\"position\":2,\"name\":\"Privacy Policy for SargApp\"}]},{\"@type\":\"WebSite\",\"@id\":\"https:\/\/sargassummonitoring.com\/en\/#website\",\"url\":\"https:\/\/sargassummonitoring.com\/en\/\",\"name\":\"Sargassum Monitoring\",\"description\":\"OFFICIAL MAP &amp; FORECASTS\",\"publisher\":{\"@id\":\"https:\/\/sargassummonitoring.com\/en\/#organization\"},\"potentialAction\":[{\"@type\":\"SearchAction\",\"target\":{\"@type\":\"EntryPoint\",\"urlTemplate\":\"https:\/\/sargassummonitoring.com\/en\/?s={search_term_string}\"},\"query-input\":{\"@type\":\"PropertyValueSpecification\",\"valueRequired\":true,\"valueName\":\"search_term_string\"}}],\"inLanguage\":\"es\"},{\"@type\":\"Organization\",\"@id\":\"https:\/\/sargassummonitoring.com\/en\/#organization\",\"name\":\"Sargassum Monitoring\",\"url\":\"https:\/\/sargassummonitoring.com\/en\/\",\"logo\":{\"@type\":\"ImageObject\",\"inLanguage\":\"es\",\"@id\":\"https:\/\/sargassummonitoring.com\/en\/#\/schema\/logo\/image\/\",\"url\":\"https:\/\/sargassummonitoring.com\/wp-content\/uploads\/2023\/07\/cropped-01-sargassum-monitoring-400-rond.webp\",\"contentUrl\":\"https:\/\/sargassummonitoring.com\/wp-content\/uploads\/2023\/07\/cropped-01-sargassum-monitoring-400-rond.webp\",\"width\":400,\"height\":400,\"caption\":\"Sargassum Monitoring\"},\"image\":{\"@id\":\"https:\/\/sargassummonitoring.com\/en\/#\/schema\/logo\/image\/\"},\"sameAs\":[\"https:\/\/www.facebook.com\/groups\/sargassummonitoring\",\"https:\/\/x.com\/SargaMonitoring\",\"https:\/\/www.tiktok.com\/@sargassummonitoring\",\"https:\/\/www.linkedin.com\/company\/sargassum-monitoring\/posts\/?feedView=all\"]}]}<\/script>\n<!-- \/ Yoast SEO plugin. -->","yoast_head_json":{"title":"Privacy Policy for SargApp - Sargassum Monitoring","description":"This Privacy Policy explains how we collect, use, and share information when you use the SargApp application on Android and iOS.","robots":{"index":"index","follow":"follow","max-snippet":"max-snippet:-1","max-image-preview":"max-image-preview:large","max-video-preview":"max-video-preview:-1"},"canonical":"https:\/\/sargassummonitoring.com\/es\/privacy-policy-for-sargapp\/","og_locale":"es_MX","og_type":"article","og_title":"Privacy Policy for SargApp - Sargassum Monitoring","og_description":"This Privacy Policy explains how we collect, use, and share information when you use the SargApp application on Android and iOS.","og_url":"https:\/\/sargassummonitoring.com\/es\/privacy-policy-for-sargapp\/","og_site_name":"Sargassum Monitoring","article_publisher":"https:\/\/www.facebook.com\/groups\/sargassummonitoring","article_modified_time":"2025-05-23T14:25:46+00:00","twitter_card":"summary_large_image","twitter_site":"@SargaMonitoring","twitter_misc":{"Tiempo de lectura":"2 minutos"},"schema":{"@context":"https:\/\/schema.org","@graph":[{"@type":"WebPage","@id":"https:\/\/sargassummonitoring.com\/fr\/privacy-policy-for-sargapp\/","url":"https:\/\/sargassummonitoring.com\/fr\/privacy-policy-for-sargapp\/","name":"Privacy Policy for SargApp - Sargassum Monitoring","isPartOf":{"@id":"https:\/\/sargassummonitoring.com\/en\/#website"},"datePublished":"2025-05-23T14:25:45+00:00","dateModified":"2025-05-23T14:25:46+00:00","description":"This Privacy Policy explains how we collect, use, and share information when you use the SargApp application on Android and iOS.","breadcrumb":{"@id":"https:\/\/sargassummonitoring.com\/fr\/privacy-policy-for-sargapp\/#breadcrumb"},"inLanguage":"es","potentialAction":[{"@type":"ReadAction","target":["https:\/\/sargassummonitoring.com\/fr\/privacy-policy-for-sargapp\/"]}]},{"@type":"BreadcrumbList","@id":"https:\/\/sargassummonitoring.com\/fr\/privacy-policy-for-sargapp\/#breadcrumb","itemListElement":[{"@type":"ListItem","position":1,"name":"Home","item":"https:\/\/sargassummonitoring.com\/fr\/"},{"@type":"ListItem","position":2,"name":"Privacy Policy for SargApp"}]},{"@type":"WebSite","@id":"https:\/\/sargassummonitoring.com\/en\/#website","url":"https:\/\/sargassummonitoring.com\/en\/","name":"Sargassum Monitoring","description":"MAPA OFICIAL Y PRON\u00d3STICOS","publisher":{"@id":"https:\/\/sargassummonitoring.com\/en\/#organization"},"potentialAction":[{"@type":"SearchAction","target":{"@type":"EntryPoint","urlTemplate":"https:\/\/sargassummonitoring.com\/en\/?s={search_term_string}"},"query-input":{"@type":"PropertyValueSpecification","valueRequired":true,"valueName":"search_term_string"}}],"inLanguage":"es"},{"@type":"Organization","@id":"https:\/\/sargassummonitoring.com\/en\/#organization","name":"Sargassum Monitoring","url":"https:\/\/sargassummonitoring.com\/en\/","logo":{"@type":"ImageObject","inLanguage":"es","@id":"https:\/\/sargassummonitoring.com\/en\/#\/schema\/logo\/image\/","url":"https:\/\/sargassummonitoring.com\/wp-content\/uploads\/2023\/07\/cropped-01-sargassum-monitoring-400-rond.webp","contentUrl":"https:\/\/sargassummonitoring.com\/wp-content\/uploads\/2023\/07\/cropped-01-sargassum-monitoring-400-rond.webp","width":400,"height":400,"caption":"Sargassum Monitoring"},"image":{"@id":"https:\/\/sargassummonitoring.com\/en\/#\/schema\/logo\/image\/"},"sameAs":["https:\/\/www.facebook.com\/groups\/sargassummonitoring","https:\/\/x.com\/SargaMonitoring","https:\/\/www.tiktok.com\/@sargassummonitoring","https:\/\/www.linkedin.com\/company\/sargassum-monitoring\/posts\/?feedView=all"]}]}},"uagb_featured_image_src":{"full":false,"thumbnail":false,"medium":false,"medium_large":false,"large":false,"1536x1536":false,"2048x2048":false,"trp-custom-language-flag":false},"uagb_author_info":{"display_name":"Christine J.","author_link":"https:\/\/sargassummonitoring.com\/es\/author\/adminsargassummonitoring-com\/"},"uagb_comment_info":0,"uagb_excerpt":"Effective date: May 2025 If you are located in the European Economic Area (EEA), we will request your consent to display personalized advertisements. You can opt out of personalized advertising by visiting Google Ads Settings. AdMob may use cookies or similar technologies to collect and store information.","_links":{"self":[{"href":"https:\/\/sargassummonitoring.com\/es\/wp-json\/wp\/v2\/pages\/6126","targetHints":{"allow":["GET"]}}],"collection":[{"href":"https:\/\/sargassummonitoring.com\/es\/wp-json\/wp\/v2\/pages"}],"about":[{"href":"https:\/\/sargassummonitoring.com\/es\/wp-json\/wp\/v2\/types\/page"}],"author":[{"embeddable":true,"href":"https:\/\/sargassummonitoring.com\/es\/wp-json\/wp\/v2\/users\/1"}],"replies":[{"embeddable":true,"href":"https:\/\/sargassummonitoring.com\/es\/wp-json\/wp\/v2\/comments?post=6126"}],"version-history":[{"count":1,"href":"https:\/\/sargassummonitoring.com\/es\/wp-json\/wp\/v2\/pages\/6126\/revisions"}],"predecessor-version":[{"id":6127,"href":"https:\/\/sargassummonitoring.com\/es\/wp-json\/wp\/v2\/pages\/6126\/revisions\/6127"}],"wp:attachment":[{"href":"https:\/\/sargassummonitoring.com\/es\/wp-json\/wp\/v2\/media?parent=6126"}],"curies":[{"name":"wp","href":"https:\/\/api.w.org\/{rel}","templated":true}]}}