{"id":219,"date":"2023-07-27T23:43:43","date_gmt":"2023-07-27T21:43:43","guid":{"rendered":"https:\/\/sargassummonitoring.com\/?page_id=219"},"modified":"2026-03-31T18:05:02","modified_gmt":"2026-03-31T22:05:02","slug":"belize-sargassum-forecast","status":"publish","type":"page","link":"https:\/\/sargassummonitoring.com\/es\/belize-sargassum-forecast\/","title":{"rendered":"Pron\u00f3stico Belice Sargazo"},"content":{"rendered":"<div class=\"wp-block-uagb-container uagb-block-5505e7d7 alignfull uagb-is-root-container\"><div class=\"uagb-container-inner-blocks-wrap\">\n<h4 class=\"wp-block-heading has-text-align-center\">NMS \u2013 National Meteorological Service of Belize<\/h4>\n\n\n\n<div class=\"wp-block-uagb-image aligncenter uagb-block-e3ea9055 wp-block-uagb-image--layout-default wp-block-uagb-image--effect-static wp-block-uagb-image--align-center\"><figure class=\"wp-block-uagb-image__figure\"><img decoding=\"async\" srcset=\"https:\/\/sargassummonitoring.com\/wp-content\/uploads\/2023\/08\/belize-belice-sargassum-forecast-800x800-1.webp , https:\/\/sargassummonitoring.com\/wp-content\/uploads\/2023\/08\/belize-belice-sargassum-forecast-800x800-1.webp 360w\" sizes=\"auto, (max-width: 480px) 150px\" src=\"https:\/\/sargassummonitoring.com\/wp-content\/uploads\/2023\/08\/belize-belice-sargassum-forecast-800x800-1.webp\" alt=\"\" class=\"uag-image-661\" width=\"552\" height=\"458\" title=\"\" loading=\"lazy\" role=\"img\"\/><\/figure><\/div>\n<\/div><\/div>\n\n\n\n<div style=\"height:40px\" aria-hidden=\"true\" class=\"wp-block-spacer\"><\/div>\n\n\n\n<div class=\"wp-block-uagb-container uagb-block-d2771eef alignfull uagb-is-root-container\"><div class=\"uagb-container-inner-blocks-wrap\">\n<script async src=\"https:\/\/pagead2.googlesyndication.com\/pagead\/js\/adsbygoogle.js?client=ca-pub-8448343880170654\"\n     crossorigin=\"anonymous\"><\/script>\n<!-- Bloc horizontal -->\n<ins class=\"adsbygoogle\"\n     style=\"display:block\"\n     data-ad-client=\"ca-pub-8448343880170654\"\n     data-ad-slot=\"7135998490\"\n     data-ad-format=\"auto\"\n     data-full-width-responsive=\"true\"><\/ins>\n<script>\n     (adsbygoogle = window.adsbygoogle || []).push({});\n<\/script>\n<\/div><\/div>\n\n\n\n<div class=\"wp-block-uagb-image aligncenter uagb-block-527d30b6 wp-block-uagb-image--layout-default wp-block-uagb-image--effect-static wp-block-uagb-image--align-center\"><figure class=\"wp-block-uagb-image__figure\"><img decoding=\"async\" srcset=\"https:\/\/sargassummonitoring.com\/wp-content\/uploads\/2026\/03\/Belize-sargassum-forecast-sargasse-sargazo-sargassum-monitoring-31-03-2026.webp ,https:\/\/sargassummonitoring.com\/wp-content\/uploads\/2026\/03\/Belize-sargassum-forecast-sargasse-sargazo-sargassum-monitoring-31-03-2026.webp 780w, https:\/\/sargassummonitoring.com\/wp-content\/uploads\/2026\/03\/Belize-sargassum-forecast-sargasse-sargazo-sargassum-monitoring-31-03-2026.webp 360w\" sizes=\"auto, (max-width: 480px) 150px\" src=\"https:\/\/sargassummonitoring.com\/wp-content\/uploads\/2026\/03\/Belize-sargassum-forecast-sargasse-sargazo-sargassum-monitoring-31-03-2026.webp\" alt=\"\" class=\"uag-image-8280\" width=\"855\" height=\"535\" title=\"Belize-sargassum-forecast-sargasse-sargazo-sargassum monitoring-31-03-2026\" loading=\"lazy\" role=\"img\"\/><\/figure><\/div>\n\n\n\n<div class=\"wp-block-uagb-container uagb-block-844aead0 alignfull uagb-is-root-container\"><div class=\"uagb-container-inner-blocks-wrap\">\n<p class=\"has-text-align-center has-ast-global-color-2-color has-ffffff-background-color has-text-color has-background has-medium-font-size\">Actualizado el 31 de marzo de 2026<\/p>\n<\/div><\/div>\n\n\n\n<p>Descargo de responsabilidad:<\/p>\n\n\n\n<p>La informaci\u00f3n se facilita en el entendimiento de que el Servicio Meteorol\u00f3gico Nacional no ofrece ninguna garant\u00eda, ni expresa ni impl\u00edcita, sobre la exactitud, integridad, fiabilidad o idoneidad de este producto.<br>La informaci\u00f3n podr\u00e1 ser utilizada libremente por el p\u00fablico con el debido reconocimiento de su fuente, pero no podr\u00e1 ser modificada en su contenido y luego presentada como material original.<\/p>\n\n\n\n<div style=\"height:11px\" aria-hidden=\"true\" class=\"wp-block-spacer\"><\/div>\n\n\n\n<div class=\"wp-block-uagb-container uagb-block-3bd6c0a1 alignfull uagb-is-root-container\"><div class=\"uagb-container-inner-blocks-wrap\">\n<script async src=\"https:\/\/pagead2.googlesyndication.com\/pagead\/js\/adsbygoogle.js?client=ca-pub-8448343880170654\"\n     crossorigin=\"anonymous\"><\/script>\n<!-- Bloc horizontal -->\n<ins class=\"adsbygoogle\"\n     style=\"display:block\"\n     data-ad-client=\"ca-pub-8448343880170654\"\n     data-ad-slot=\"7135998490\"\n     data-ad-format=\"auto\"\n     data-full-width-responsive=\"true\"><\/ins>\n<script>\n     (adsbygoogle = window.adsbygoogle || []).push({});\n<\/script>\n<\/div><\/div>\n\n\n\n<div class=\"wp-block-uagb-separator uagb-block-5d320d95\"><div class=\"uagb-separator-spacing-wrapper\"><div class=\"wp-block-uagb-separator__inner\" style=\"--my-background-image:\"><\/div><\/div><\/div>\n\n\n\n<h2 class=\"wp-block-heading has-text-align-center\">Consulte las otras previsiones<\/h2>\n\n\n\n<div class=\"wp-block-uagb-container uagb-block-803ad5ee alignwide uagb-is-root-container\">\n<div class=\"wp-block-uagb-buttons uagb-buttons__outer-wrap uagb-btn__default-btn uagb-btn-tablet__default-btn uagb-btn-mobile__default-btn uagb-block-40d792db\"><div class=\"uagb-buttons__wrap uagb-buttons-layout-wrap\">\n<div class=\"wp-block-uagb-buttons-child uagb-buttons__outer-wrap uagb-block-8b1a3da6 wp-block-button\"><div class=\"uagb-button__wrapper\"><a class=\"uagb-buttons-repeater wp-block-button__link\" aria-label=\"\" href=\"https:\/\/sargassummonitoring.com\/es\/map-of-sargassum-from-usf-saws\/\" rel=\"follow noopener\" target=\"_self\" role=\"button\"><div class=\"uagb-button__link\">Caribe y Atl\u00e1ntico<\/div><\/a><\/div><\/div>\n<\/div><\/div>\n<\/div>\n\n\n\n<div class=\"wp-block-uagb-container uagb-block-0ce596ef alignwide uagb-is-root-container\">\n<div class=\"wp-block-uagb-buttons uagb-buttons__outer-wrap uagb-btn__default-btn uagb-btn-tablet__default-btn uagb-btn-mobile__default-btn uagb-block-d474c36e\"><div class=\"uagb-buttons__wrap uagb-buttons-layout-wrap\">\n<div class=\"wp-block-uagb-buttons-child uagb-buttons__outer-wrap uagb-block-d5cfd33c wp-block-button\"><div class=\"uagb-button__wrapper\"><a class=\"uagb-buttons-repeater wp-block-button__link\" aria-label=\"\" href=\"https:\/\/sargassummonitoring.com\/es\/sargassum-forecast-florida-usa\/\" rel=\"follow noopener\" target=\"_self\" role=\"button\"><div class=\"uagb-button__link\">Florida USA<\/div><\/a><\/div><\/div>\n<\/div><\/div>\n<\/div>\n\n\n\n<div class=\"wp-block-uagb-container uagb-block-8f1bc9f5 alignfull uagb-is-root-container\"><div class=\"uagb-container-inner-blocks-wrap\">\n<div class=\"wp-block-uagb-buttons uagb-buttons__outer-wrap uagb-btn__default-btn uagb-btn-tablet__default-btn uagb-btn-mobile__default-btn uagb-block-2e530062\"><div class=\"uagb-buttons__wrap uagb-buttons-layout-wrap\">\n<div class=\"wp-block-uagb-buttons-child uagb-buttons__outer-wrap uagb-block-84f94f3f wp-block-button\"><div class=\"uagb-button__wrapper\"><a class=\"uagb-buttons-repeater wp-block-button__link\" aria-label=\"\" href=\"https:\/\/sargassummonitoring.com\/es\/sargassum-forecast-republica-dominicana\/\" rel=\"follow noopener\" target=\"_self\" role=\"button\"><div class=\"uagb-button__link\">Rep\u00fablica Dominicana<\/div><\/a><\/div><\/div>\n<\/div><\/div>\n<\/div><\/div>\n\n\n\n<div class=\"wp-block-uagb-container uagb-block-2a02cd00 alignfull uagb-is-root-container\"><div class=\"uagb-container-inner-blocks-wrap\">\n<div class=\"wp-block-uagb-buttons uagb-buttons__outer-wrap uagb-btn__default-btn uagb-btn-tablet__default-btn uagb-btn-mobile__default-btn uagb-block-1f49b5b6\"><div class=\"uagb-buttons__wrap uagb-buttons-layout-wrap\">\n<div class=\"wp-block-uagb-buttons-child uagb-buttons__outer-wrap uagb-block-477f578d wp-block-button\"><div class=\"uagb-button__wrapper\"><a class=\"uagb-buttons-repeater wp-block-button__link\" aria-label=\"\" href=\"https:\/\/sargassummonitoring.com\/es\/forecast-sargassum-mexico-riviera-maya\/\" rel=\"follow noopener\" target=\"_self\" role=\"button\"><div class=\"uagb-button__link\">Mexico Riviera\u00a0Maya<\/div><\/a><\/div><\/div>\n<\/div><\/div>\n<\/div><\/div>\n\n\n\n<div class=\"wp-block-uagb-container uagb-block-bc41965d alignwide uagb-is-root-container\">\n<div class=\"wp-block-uagb-buttons uagb-buttons__outer-wrap uagb-btn__default-btn uagb-btn-tablet__default-btn uagb-btn-mobile__default-btn uagb-block-b550538e\"><div class=\"uagb-buttons__wrap uagb-buttons-layout-wrap\">\n<div class=\"wp-block-uagb-buttons-child uagb-buttons__outer-wrap uagb-block-daa3c824 wp-block-button\"><div class=\"uagb-button__wrapper\"><a class=\"uagb-buttons-repeater wp-block-button__link\" aria-label=\"\" href=\"https:\/\/sargassummonitoring.com\/es\/sargassum-forecast-puerto-rico-usa\/\" rel=\"follow noopener\" target=\"_self\" role=\"button\"><div class=\"uagb-button__link\">Puerto Rico USA<\/div><\/a><\/div><\/div>\n<\/div><\/div>\n<\/div>\n\n\n\n<div class=\"wp-block-uagb-container uagb-block-981b3fb8 alignwide uagb-is-root-container\">\n<div class=\"wp-block-uagb-buttons uagb-buttons__outer-wrap uagb-btn__default-btn uagb-btn-tablet__default-btn uagb-btn-mobile__default-btn uagb-block-48a9129d\"><div class=\"uagb-buttons__wrap uagb-buttons-layout-wrap\">\n<div class=\"wp-block-uagb-buttons-child uagb-buttons__outer-wrap uagb-block-97007e7d wp-block-button\"><div class=\"uagb-button__wrapper\"><a class=\"uagb-buttons-repeater wp-block-button__link\" aria-label=\"\" href=\"https:\/\/sargassummonitoring.com\/es\/meteo-france-forecast\/\" rel=\"follow noopener\" target=\"_self\" role=\"button\"><div class=\"uagb-button__link\">M\u00e9t\u00e9o France<\/div><\/a><\/div><\/div>\n<\/div><\/div>\n<\/div>\n\n\n\n<div class=\"wp-block-uagb-container uagb-block-a5a19670 alignwide uagb-is-root-container\">\n<div class=\"wp-block-uagb-buttons uagb-buttons__outer-wrap uagb-btn__default-btn uagb-btn-tablet__default-btn uagb-btn-mobile__default-btn uagb-block-8a09d036\"><div class=\"uagb-buttons__wrap uagb-buttons-layout-wrap\">\n<div class=\"wp-block-uagb-buttons-child uagb-buttons__outer-wrap uagb-block-8fa8d655 wp-block-button\"><div class=\"uagb-button__wrapper\"><a class=\"uagb-buttons-repeater wp-block-button__link\" aria-label=\"\" href=\"https:\/\/sargassummonitoring.com\/es\/sargassum-forecast-jamaica\/\" rel=\"follow noopener\" target=\"_self\" role=\"button\"><div class=\"uagb-button__link\">Jamaica<\/div><\/a><\/div><\/div>\n<\/div><\/div>\n<\/div>\n\n\n\n<div class=\"wp-block-uagb-container uagb-block-6aa43097 alignfull uagb-is-root-container\"><div class=\"uagb-container-inner-blocks-wrap\">\n<script async src=\"https:\/\/pagead2.googlesyndication.com\/pagead\/js\/adsbygoogle.js?client=ca-pub-8448343880170654\"\n     crossorigin=\"anonymous\"><\/script>\n<!-- Bloc horizontal -->\n<ins class=\"adsbygoogle\"\n     style=\"display:block\"\n     data-ad-client=\"ca-pub-8448343880170654\"\n     data-ad-slot=\"7135998490\"\n     data-ad-format=\"auto\"\n     data-full-width-responsive=\"true\"><\/ins>\n<script>\n     (adsbygoogle = window.adsbygoogle || []).push({});\n<\/script>\n<\/div><\/div>\n\n\n\n<p><\/p>","protected":false},"excerpt":{"rendered":"<p>NMS \u2013 National Meteorological Service of Belize Updated on March 31, 2026 Disclaimer: The information is provided with the understanding that The National Meteorological Service makes no warranties, either expressed or implied, concerning the accuracy, completeness, reliability, or suitability of this product.The information may be used freely by the public with appropriate acknowledgement of its [&hellip;]<\/p>\n","protected":false},"author":1,"featured_media":1230,"parent":0,"menu_order":0,"comment_status":"closed","ping_status":"closed","template":"","meta":{"_uag_custom_page_level_css":"","site-sidebar-layout":"default","site-content-layout":"","ast-site-content-layout":"default","site-content-style":"default","site-sidebar-style":"default","ast-global-header-display":"","ast-banner-title-visibility":"","ast-main-header-display":"","ast-hfb-above-header-display":"","ast-hfb-below-header-display":"","ast-hfb-mobile-header-display":"","site-post-title":"","ast-breadcrumbs-content":"","ast-featured-img":"disabled","footer-sml-layout":"","ast-disable-related-posts":"","theme-transparent-header-meta":"","adv-header-id-meta":"","stick-header-meta":"","header-above-stick-meta":"","header-main-stick-meta":"","header-below-stick-meta":"","astra-migrate-meta-layouts":"set","ast-page-background-enabled":"default","ast-page-background-meta":{"desktop":{"background-color":"var(--ast-global-color-4)","background-image":"","background-repeat":"repeat","background-position":"center center","background-size":"auto","background-attachment":"scroll","background-type":"","background-media":"","overlay-type":"","overlay-color":"","overlay-opacity":"","overlay-gradient":""},"tablet":{"background-color":"","background-image":"","background-repeat":"repeat","background-position":"center center","background-size":"auto","background-attachment":"scroll","background-type":"","background-media":"","overlay-type":"","overlay-color":"","overlay-opacity":"","overlay-gradient":""},"mobile":{"background-color":"","background-image":"","background-repeat":"repeat","background-position":"center center","background-size":"auto","background-attachment":"scroll","background-type":"","background-media":"","overlay-type":"","overlay-color":"","overlay-opacity":"","overlay-gradient":""}},"ast-content-background-meta":{"desktop":{"background-color":"var(--ast-global-color-5)","background-image":"","background-repeat":"repeat","background-position":"center center","background-size":"auto","background-attachment":"scroll","background-type":"","background-media":"","overlay-type":"","overlay-color":"","overlay-opacity":"","overlay-gradient":""},"tablet":{"background-color":"var(--ast-global-color-5)","background-image":"","background-repeat":"repeat","background-position":"center center","background-size":"auto","background-attachment":"scroll","background-type":"","background-media":"","overlay-type":"","overlay-color":"","overlay-opacity":"","overlay-gradient":""},"mobile":{"background-color":"var(--ast-global-color-5)","background-image":"","background-repeat":"repeat","background-position":"center center","background-size":"auto","background-attachment":"scroll","background-type":"","background-media":"","overlay-type":"","overlay-color":"","overlay-opacity":"","overlay-gradient":""}},"footnotes":""},"class_list":["post-219","page","type-page","status-publish","has-post-thumbnail","hentry"],"yoast_head":"<!-- This site is optimized with the Yoast SEO plugin v26.6 - https:\/\/yoast.com\/wordpress\/plugins\/seo\/ -->\n<title>Belize Sargassum forecast - Sargassum Monitoring<\/title>\n<meta name=\"robots\" content=\"index, follow, max-snippet:-1, max-image-preview:large, max-video-preview:-1\" \/>\n<link rel=\"canonical\" href=\"https:\/\/sargassummonitoring.com\/es\/belize-sargassum-forecast\/\" \/>\n<meta property=\"og:locale\" content=\"es_MX\" \/>\n<meta property=\"og:type\" content=\"article\" \/>\n<meta property=\"og:title\" content=\"Belize Sargassum forecast - Sargassum Monitoring\" \/>\n<meta property=\"og:description\" content=\"NMS \u2013 National Meteorological Service of Belize Updated on March 31, 2026 Disclaimer: The information is provided with the understanding that The National Meteorological Service makes no warranties, either expressed or implied, concerning the accuracy, completeness, reliability, or suitability of this product.The information may be used freely by the public with appropriate acknowledgement of its [&hellip;]\" \/>\n<meta property=\"og:url\" content=\"https:\/\/sargassummonitoring.com\/es\/belize-sargassum-forecast\/\" \/>\n<meta property=\"og:site_name\" content=\"Sargassum Monitoring\" \/>\n<meta property=\"article:publisher\" content=\"https:\/\/www.facebook.com\/groups\/sargassummonitoring\" \/>\n<meta property=\"article:modified_time\" content=\"2026-03-31T22:05:02+00:00\" \/>\n<meta property=\"og:image\" content=\"https:\/\/sargassummonitoring.com\/wp-content\/uploads\/2023\/09\/sargassum-forecast-belize-belice.webp\" \/>\n\t<meta property=\"og:image:width\" content=\"1200\" \/>\n\t<meta property=\"og:image:height\" content=\"1200\" \/>\n\t<meta property=\"og:image:type\" content=\"image\/webp\" \/>\n<meta name=\"twitter:card\" content=\"summary_large_image\" \/>\n<meta name=\"twitter:site\" content=\"@SargaMonitoring\" \/>\n<meta name=\"twitter:label1\" content=\"Tiempo de lectura\" \/>\n\t<meta name=\"twitter:data1\" content=\"1 minuto\" \/>\n<script type=\"application\/ld+json\" class=\"yoast-schema-graph\">{\"@context\":\"https:\/\/schema.org\",\"@graph\":[{\"@type\":\"WebPage\",\"@id\":\"https:\/\/sargassummonitoring.com\/belize-sargassum-forecast\/\",\"url\":\"https:\/\/sargassummonitoring.com\/belize-sargassum-forecast\/\",\"name\":\"Belize Sargassum forecast - Sargassum Monitoring\",\"isPartOf\":{\"@id\":\"https:\/\/sargassummonitoring.com\/en\/#website\"},\"primaryImageOfPage\":{\"@id\":\"https:\/\/sargassummonitoring.com\/belize-sargassum-forecast\/#primaryimage\"},\"image\":{\"@id\":\"https:\/\/sargassummonitoring.com\/belize-sargassum-forecast\/#primaryimage\"},\"thumbnailUrl\":\"https:\/\/sargassummonitoring.com\/wp-content\/uploads\/2023\/09\/sargassum-forecast-belize-belice.webp\",\"datePublished\":\"2023-07-27T21:43:43+00:00\",\"dateModified\":\"2026-03-31T22:05:02+00:00\",\"breadcrumb\":{\"@id\":\"https:\/\/sargassummonitoring.com\/belize-sargassum-forecast\/#breadcrumb\"},\"inLanguage\":\"es\",\"potentialAction\":[{\"@type\":\"ReadAction\",\"target\":[\"https:\/\/sargassummonitoring.com\/belize-sargassum-forecast\/\"]}]},{\"@type\":\"ImageObject\",\"inLanguage\":\"es\",\"@id\":\"https:\/\/sargassummonitoring.com\/belize-sargassum-forecast\/#primaryimage\",\"url\":\"https:\/\/sargassummonitoring.com\/wp-content\/uploads\/2023\/09\/sargassum-forecast-belize-belice.webp\",\"contentUrl\":\"https:\/\/sargassummonitoring.com\/wp-content\/uploads\/2023\/09\/sargassum-forecast-belize-belice.webp\",\"width\":1200,\"height\":1200},{\"@type\":\"BreadcrumbList\",\"@id\":\"https:\/\/sargassummonitoring.com\/belize-sargassum-forecast\/#breadcrumb\",\"itemListElement\":[{\"@type\":\"ListItem\",\"position\":1,\"name\":\"Home\",\"item\":\"https:\/\/sargassummonitoring.com\/fr\/\"},{\"@type\":\"ListItem\",\"position\":2,\"name\":\"Belize Sargassum forecast\"}]},{\"@type\":\"WebSite\",\"@id\":\"https:\/\/sargassummonitoring.com\/en\/#website\",\"url\":\"https:\/\/sargassummonitoring.com\/en\/\",\"name\":\"Sargassum Monitoring\",\"description\":\"OFFICIAL MAP &amp; FORECASTS\",\"publisher\":{\"@id\":\"https:\/\/sargassummonitoring.com\/en\/#organization\"},\"potentialAction\":[{\"@type\":\"SearchAction\",\"target\":{\"@type\":\"EntryPoint\",\"urlTemplate\":\"https:\/\/sargassummonitoring.com\/en\/?s={search_term_string}\"},\"query-input\":{\"@type\":\"PropertyValueSpecification\",\"valueRequired\":true,\"valueName\":\"search_term_string\"}}],\"inLanguage\":\"es\"},{\"@type\":\"Organization\",\"@id\":\"https:\/\/sargassummonitoring.com\/en\/#organization\",\"name\":\"Sargassum Monitoring\",\"url\":\"https:\/\/sargassummonitoring.com\/en\/\",\"logo\":{\"@type\":\"ImageObject\",\"inLanguage\":\"es\",\"@id\":\"https:\/\/sargassummonitoring.com\/en\/#\/schema\/logo\/image\/\",\"url\":\"https:\/\/sargassummonitoring.com\/wp-content\/uploads\/2023\/07\/cropped-01-sargassum-monitoring-400-rond.webp\",\"contentUrl\":\"https:\/\/sargassummonitoring.com\/wp-content\/uploads\/2023\/07\/cropped-01-sargassum-monitoring-400-rond.webp\",\"width\":400,\"height\":400,\"caption\":\"Sargassum Monitoring\"},\"image\":{\"@id\":\"https:\/\/sargassummonitoring.com\/en\/#\/schema\/logo\/image\/\"},\"sameAs\":[\"https:\/\/www.facebook.com\/groups\/sargassummonitoring\",\"https:\/\/x.com\/SargaMonitoring\",\"https:\/\/www.tiktok.com\/@sargassummonitoring\",\"https:\/\/www.linkedin.com\/company\/sargassum-monitoring\/posts\/?feedView=all\"]}]}<\/script>\n<!-- \/ Yoast SEO plugin. -->","yoast_head_json":{"title":"Belize Sargassum forecast - Sargassum Monitoring","robots":{"index":"index","follow":"follow","max-snippet":"max-snippet:-1","max-image-preview":"max-image-preview:large","max-video-preview":"max-video-preview:-1"},"canonical":"https:\/\/sargassummonitoring.com\/es\/belize-sargassum-forecast\/","og_locale":"es_MX","og_type":"article","og_title":"Belize Sargassum forecast - Sargassum Monitoring","og_description":"NMS \u2013 National Meteorological Service of Belize Updated on March 31, 2026 Disclaimer: The information is provided with the understanding that The National Meteorological Service makes no warranties, either expressed or implied, concerning the accuracy, completeness, reliability, or suitability of this product.The information may be used freely by the public with appropriate acknowledgement of its [&hellip;]","og_url":"https:\/\/sargassummonitoring.com\/es\/belize-sargassum-forecast\/","og_site_name":"Sargassum Monitoring","article_publisher":"https:\/\/www.facebook.com\/groups\/sargassummonitoring","article_modified_time":"2026-03-31T22:05:02+00:00","og_image":[{"width":1200,"height":1200,"url":"https:\/\/sargassummonitoring.com\/wp-content\/uploads\/2023\/09\/sargassum-forecast-belize-belice.webp","type":"image\/webp"}],"twitter_card":"summary_large_image","twitter_site":"@SargaMonitoring","twitter_misc":{"Tiempo de lectura":"1 minuto"},"schema":{"@context":"https:\/\/schema.org","@graph":[{"@type":"WebPage","@id":"https:\/\/sargassummonitoring.com\/belize-sargassum-forecast\/","url":"https:\/\/sargassummonitoring.com\/belize-sargassum-forecast\/","name":"Belize Sargassum forecast - Sargassum Monitoring","isPartOf":{"@id":"https:\/\/sargassummonitoring.com\/en\/#website"},"primaryImageOfPage":{"@id":"https:\/\/sargassummonitoring.com\/belize-sargassum-forecast\/#primaryimage"},"image":{"@id":"https:\/\/sargassummonitoring.com\/belize-sargassum-forecast\/#primaryimage"},"thumbnailUrl":"https:\/\/sargassummonitoring.com\/wp-content\/uploads\/2023\/09\/sargassum-forecast-belize-belice.webp","datePublished":"2023-07-27T21:43:43+00:00","dateModified":"2026-03-31T22:05:02+00:00","breadcrumb":{"@id":"https:\/\/sargassummonitoring.com\/belize-sargassum-forecast\/#breadcrumb"},"inLanguage":"es","potentialAction":[{"@type":"ReadAction","target":["https:\/\/sargassummonitoring.com\/belize-sargassum-forecast\/"]}]},{"@type":"ImageObject","inLanguage":"es","@id":"https:\/\/sargassummonitoring.com\/belize-sargassum-forecast\/#primaryimage","url":"https:\/\/sargassummonitoring.com\/wp-content\/uploads\/2023\/09\/sargassum-forecast-belize-belice.webp","contentUrl":"https:\/\/sargassummonitoring.com\/wp-content\/uploads\/2023\/09\/sargassum-forecast-belize-belice.webp","width":1200,"height":1200},{"@type":"BreadcrumbList","@id":"https:\/\/sargassummonitoring.com\/belize-sargassum-forecast\/#breadcrumb","itemListElement":[{"@type":"ListItem","position":1,"name":"Home","item":"https:\/\/sargassummonitoring.com\/fr\/"},{"@type":"ListItem","position":2,"name":"Belize Sargassum forecast"}]},{"@type":"WebSite","@id":"https:\/\/sargassummonitoring.com\/en\/#website","url":"https:\/\/sargassummonitoring.com\/en\/","name":"Sargassum Monitoring","description":"MAPA OFICIAL Y PRON\u00d3STICOS","publisher":{"@id":"https:\/\/sargassummonitoring.com\/en\/#organization"},"potentialAction":[{"@type":"SearchAction","target":{"@type":"EntryPoint","urlTemplate":"https:\/\/sargassummonitoring.com\/en\/?s={search_term_string}"},"query-input":{"@type":"PropertyValueSpecification","valueRequired":true,"valueName":"search_term_string"}}],"inLanguage":"es"},{"@type":"Organization","@id":"https:\/\/sargassummonitoring.com\/en\/#organization","name":"Sargassum Monitoring","url":"https:\/\/sargassummonitoring.com\/en\/","logo":{"@type":"ImageObject","inLanguage":"es","@id":"https:\/\/sargassummonitoring.com\/en\/#\/schema\/logo\/image\/","url":"https:\/\/sargassummonitoring.com\/wp-content\/uploads\/2023\/07\/cropped-01-sargassum-monitoring-400-rond.webp","contentUrl":"https:\/\/sargassummonitoring.com\/wp-content\/uploads\/2023\/07\/cropped-01-sargassum-monitoring-400-rond.webp","width":400,"height":400,"caption":"Sargassum Monitoring"},"image":{"@id":"https:\/\/sargassummonitoring.com\/en\/#\/schema\/logo\/image\/"},"sameAs":["https:\/\/www.facebook.com\/groups\/sargassummonitoring","https:\/\/x.com\/SargaMonitoring","https:\/\/www.tiktok.com\/@sargassummonitoring","https:\/\/www.linkedin.com\/company\/sargassum-monitoring\/posts\/?feedView=all"]}]}},"uagb_featured_image_src":{"full":["https:\/\/sargassummonitoring.com\/wp-content\/uploads\/2023\/09\/sargassum-forecast-belize-belice.webp",1200,1200,false],"thumbnail":["https:\/\/sargassummonitoring.com\/wp-content\/uploads\/2023\/09\/sargassum-forecast-belize-belice-150x150.webp",150,150,true],"medium":["https:\/\/sargassummonitoring.com\/wp-content\/uploads\/2023\/09\/sargassum-forecast-belize-belice-300x300.webp",300,300,true],"medium_large":["https:\/\/sargassummonitoring.com\/wp-content\/uploads\/2023\/09\/sargassum-forecast-belize-belice-768x768.webp",768,768,true],"large":["https:\/\/sargassummonitoring.com\/wp-content\/uploads\/2023\/09\/sargassum-forecast-belize-belice-1024x1024.webp",1024,1024,true],"1536x1536":["https:\/\/sargassummonitoring.com\/wp-content\/uploads\/2023\/09\/sargassum-forecast-belize-belice.webp",1200,1200,false],"2048x2048":["https:\/\/sargassummonitoring.com\/wp-content\/uploads\/2023\/09\/sargassum-forecast-belize-belice.webp",1200,1200,false],"trp-custom-language-flag":["https:\/\/sargassummonitoring.com\/wp-content\/uploads\/2023\/09\/sargassum-forecast-belize-belice-12x12.webp",12,12,true]},"uagb_author_info":{"display_name":"Christine J.","author_link":"https:\/\/sargassummonitoring.com\/es\/author\/adminsargassummonitoring-com\/"},"uagb_comment_info":0,"uagb_excerpt":"NMS \u2013 National Meteorological Service of Belize Updated on March 31, 2026 Disclaimer: The information is provided with the understanding that The National Meteorological Service makes no warranties, either expressed or implied, concerning the accuracy, completeness, reliability, or suitability of this product.The information may be used freely by the public with appropriate acknowledgement of its&hellip;","_links":{"self":[{"href":"https:\/\/sargassummonitoring.com\/es\/wp-json\/wp\/v2\/pages\/219","targetHints":{"allow":["GET"]}}],"collection":[{"href":"https:\/\/sargassummonitoring.com\/es\/wp-json\/wp\/v2\/pages"}],"about":[{"href":"https:\/\/sargassummonitoring.com\/es\/wp-json\/wp\/v2\/types\/page"}],"author":[{"embeddable":true,"href":"https:\/\/sargassummonitoring.com\/es\/wp-json\/wp\/v2\/users\/1"}],"replies":[{"embeddable":true,"href":"https:\/\/sargassummonitoring.com\/es\/wp-json\/wp\/v2\/comments?post=219"}],"version-history":[{"count":141,"href":"https:\/\/sargassummonitoring.com\/es\/wp-json\/wp\/v2\/pages\/219\/revisions"}],"predecessor-version":[{"id":8281,"href":"https:\/\/sargassummonitoring.com\/es\/wp-json\/wp\/v2\/pages\/219\/revisions\/8281"}],"wp:featuredmedia":[{"embeddable":true,"href":"https:\/\/sargassummonitoring.com\/es\/wp-json\/wp\/v2\/media\/1230"}],"wp:attachment":[{"href":"https:\/\/sargassummonitoring.com\/es\/wp-json\/wp\/v2\/media?parent=219"}],"curies":[{"name":"wp","href":"https:\/\/api.w.org\/{rel}","templated":true}]}}