{"id":1031,"date":"2023-08-21T19:03:03","date_gmt":"2023-08-21T23:03:03","guid":{"rendered":"https:\/\/sargassummonitoring.com\/?page_id=1031"},"modified":"2025-05-25T10:33:32","modified_gmt":"2025-05-25T14:33:32","slug":"official-map-2021","status":"publish","type":"page","link":"https:\/\/sargassummonitoring.com\/es\/official-map-2021\/","title":{"rendered":"Official Map 2021"},"content":{"rendered":"<div class=\"wp-block-uagb-container uagb-block-f888fe2e alignfull uagb-is-root-container\"><div class=\"uagb-container-inner-blocks-wrap\">\n<h2 class=\"wp-block-heading has-text-align-center has-ffffff-background-color has-background\">Mapa del sargazo 2021<\/h2>\n\n\n\n<div class=\"wp-block-uagb-container uagb-block-7d42d3c1\">\n<script async src=\"https:\/\/pagead2.googlesyndication.com\/pagead\/js\/adsbygoogle.js?client=ca-pub-8448343880170654\"\n     crossorigin=\"anonymous\"><\/script>\n<!-- Bloc horizontal -->\n<ins class=\"adsbygoogle\"\n     style=\"display:block\"\n     data-ad-client=\"ca-pub-8448343880170654\"\n     data-ad-slot=\"7135998490\"\n     data-ad-format=\"auto\"\n     data-full-width-responsive=\"true\"><\/ins>\n<script>\n     (adsbygoogle = window.adsbygoogle || []).push({});\n<\/script>\n<\/div>\n\n\n\n<p class=\"has-ffffff-background-color has-background\" style=\"padding-top:0;padding-right:var(--wp--preset--spacing--20);padding-bottom:0;padding-left:var(--wp--preset--spacing--20)\"><strong>\u00a1 Bienvenidos a la descubierta del Mapa Oficial de Llegadas de Sargazo de 2021 !<\/strong><\/p>\n\n\n\n<p class=\"has-ffffff-background-color has-background\" style=\"margin-top:0;margin-bottom:0;padding-top:0;padding-right:0;padding-bottom:0;padding-left:0\">Prep\u00e1rense para sumergirse en un mundo de informaci\u00f3n fascinante. Las fotos y videos que encontrar\u00e1n aqu\u00ed est\u00e1n meticulosamente fechados y geolocalizados, ofreciendo una precisi\u00f3n excepcional y \u00fanica.<\/p>\n\n\n\n<p class=\"has-ffffff-background-color has-background\" style=\"margin-top:0;margin-bottom:0;padding-top:0;padding-right:0;padding-bottom:0;padding-left:0\">Este mapa es m\u00e1s que un simple directorio para elegir su pr\u00f3ximo destino de vacaciones en medio de aguas turquesas y playas de arena blanca. Sirve como una verdadera invitaci\u00f3n a explorar, preservar y comprender la invasi\u00f3n anual de las algas sargazo que la regi\u00f3n del Atl\u00e1ntico-Caribe ha estado experimentando desde 2011. El Mapa de Sargazo de 2021 da testimonio del fen\u00f3meno del sargazo, que est\u00e1 indiscutiblemente vinculado a la contaminaci\u00f3n humana, lejos de ser natural.<\/p>\n\n\n\n<p class=\"has-ffffff-background-color has-background\" style=\"margin-top:0;margin-bottom:0;padding-top:0;padding-right:0;padding-bottom:0;padding-left:0\">Los alentamos a unirse a nosotros en esta b\u00fasqueda para proteger nuestro planeta y preservar nuestros preciosos oc\u00e9anos.<\/p>\n\n\n\n<p class=\"has-ffffff-background-color has-background\" style=\"margin-top:0;margin-right:0;margin-bottom:0;margin-left:0;padding-top:0;padding-right:0;padding-bottom:0;padding-left:0\"><strong>\u00a1 El tiempo apremia y es hora de actuar !<\/strong><\/p>\n\n\n\n<p class=\"has-ffffff-background-color has-background\" style=\"margin-top:0;margin-bottom:0;padding-top:0;padding-right:0;padding-bottom:0;padding-left:0\">El tiempo apremia y es hora de actuar! Dada la creciente magnitud de este fen\u00f3meno, la participaci\u00f3n de todos es crucial. Para ayudar a los gobiernos e investigadores a encontrar soluciones efectivas r\u00e1pidamente, es imperativo que nuestros mapas se mantengan constantemente actualizados a trav\u00e9s de la colaboraci\u00f3n activa con la ciencia ciudadana.<br>Su participaci\u00f3n es esencial. <strong>You too can report the state of beaches using Sargassum Monitoring&#8217;s social media&nbsp;platforms !<\/strong><\/p>\n<\/div><\/div>\n\n\n\n<div style=\"height:40px\" aria-hidden=\"true\" class=\"wp-block-spacer\"><\/div>\n\n\n\n<div class=\"wp-block-uagb-container uagb-block-24c0db2c alignfull uagb-is-root-container\"><div class=\"uagb-container-inner-blocks-wrap\">\n<script async src=\"https:\/\/pagead2.googlesyndication.com\/pagead\/js\/adsbygoogle.js?client=ca-pub-8448343880170654\"\n     crossorigin=\"anonymous\"><\/script>\n<!-- Bloc horizontal -->\n<ins class=\"adsbygoogle\"\n     style=\"display:block\"\n     data-ad-client=\"ca-pub-8448343880170654\"\n     data-ad-slot=\"7135998490\"\n     data-ad-format=\"auto\"\n     data-full-width-responsive=\"true\"><\/ins>\n<script>\n     (adsbygoogle = window.adsbygoogle || []).push({});\n<\/script>\n<\/div><\/div>\n\n\n\n<p class=\"has-text-align-left has-ffffff-background-color has-text-color has-background\" style=\"color:#ff0d0d\"><strong>ATENCI\u00d3N: Las fechas tienen el formato: \n  Mes\/D\u00eda\/A\u00f1o<\/strong><\/p>\n\n\n\n<div class=\"wp-block-uagb-container uagb-block-b5c60881 alignfull uagb-is-root-container\"><div class=\"uagb-container-inner-blocks-wrap\">\n<center><iframe loading=\"lazy\" width=\"100%\" height=\"500px\" frameborder=\"0\" allowfullscreen allow=\"geolocation\" src=\"\/\/umap.openstreetmap.fr\/en\/map\/official-map-2021-sargassum-monitoring_952070?scaleControl=false&#038;miniMap=false&#038;scrollWheelZoom=true&#038;zoomControl=true&#038;allowEdit=false&#038;moreControl=true&#038;searchControl=null&#038;datalayersControl=true&#038;onLoadPanel=databrowser&#038;captionBar=false&#038;captionMenus=true\"><\/iframe><\/center>\n<\/div><\/div>\n\n\n\n<div class=\"wp-block-uagb-container uagb-block-ed3ba3a2 alignfull uagb-is-root-container\"><div class=\"uagb-container-inner-blocks-wrap\">\n<p class=\"has-text-align-left has-ffffff-background-color has-text-color has-background\" style=\"color:#ff0d0d\"><strong>ATENCI\u00d3N: Los mapas y datos son propiedad de Sargassum Monitoring\u00ae. Si desea utilizarlos, p\u00f3ngase en contacto con nosotros para solicitar\u00a0permiso.<\/strong><\/p>\n<\/div><\/div>\n\n\n\n<div style=\"height:5px\" aria-hidden=\"true\" class=\"wp-block-spacer\"><\/div>\n\n\n\n<div class=\"wp-block-uagb-container uagb-block-0ea919cc alignfull uagb-is-root-container\"><div class=\"uagb-container-inner-blocks-wrap\">\n<script async src=\"https:\/\/pagead2.googlesyndication.com\/pagead\/js\/adsbygoogle.js?client=ca-pub-8448343880170654\"\n     crossorigin=\"anonymous\"><\/script>\n<!-- Bloc horizontal -->\n<ins class=\"adsbygoogle\"\n     style=\"display:block\"\n     data-ad-client=\"ca-pub-8448343880170654\"\n     data-ad-slot=\"7135998490\"\n     data-ad-format=\"auto\"\n     data-full-width-responsive=\"true\"><\/ins>\n<script>\n     (adsbygoogle = window.adsbygoogle || []).push({});\n<\/script>\n<\/div><\/div>\n\n\n\n<div class=\"wp-block-uagb-separator uagb-block-78e1846c\"><div class=\"wp-block-uagb-separator__inner\" style=\"--my-background-image:\"><\/div><\/div>\n\n\n\n<h2 class=\"wp-block-heading has-text-align-center\">Consultar otros mapas<\/h2>\n\n\n\n<div class=\"wp-block-uagb-container uagb-block-d9fca1c4 alignwide uagb-is-root-container\">\n<div class=\"wp-block-uagb-buttons uagb-buttons__outer-wrap uagb-btn__default-btn uagb-btn-tablet__default-btn uagb-btn-mobile__default-btn uagb-block-0a4c1a62\"><div class=\"uagb-buttons__wrap uagb-buttons-layout-wrap\">\n<div class=\"wp-block-uagb-buttons-child uagb-buttons__outer-wrap uagb-block-cb4c1df6 wp-block-button\"><div class=\"uagb-button__wrapper\"><a class=\"uagb-buttons-repeater wp-block-button__link\" aria-label=\"\" href=\"https:\/\/sargassummonitoring.com\/es\/official-map-2024\/\" rel=\"follow noopener\" target=\"_self\" role=\"button\"><div class=\"uagb-button__link\">2024 Map<\/div><\/a><\/div><\/div>\n<\/div><\/div>\n<\/div>\n\n\n\n<div class=\"wp-block-uagb-container uagb-block-7eb6047c alignwide uagb-is-root-container\">\n<div class=\"wp-block-uagb-buttons uagb-buttons__outer-wrap uagb-btn__default-btn uagb-btn-tablet__default-btn uagb-btn-mobile__default-btn uagb-block-baa0433f\"><div class=\"uagb-buttons__wrap uagb-buttons-layout-wrap\">\n<div class=\"wp-block-uagb-buttons-child uagb-buttons__outer-wrap uagb-block-48cf8964 wp-block-button\"><div class=\"uagb-button__wrapper\"><a class=\"uagb-buttons-repeater wp-block-button__link\" aria-label=\"\" href=\"https:\/\/sargassummonitoring.com\/es\/map-2023\/\" rel=\"follow noopener\" target=\"_self\" role=\"button\"><div class=\"uagb-button__link\">Mapa 2023<\/div><\/a><\/div><\/div>\n<\/div><\/div>\n<\/div>\n\n\n\n<div class=\"wp-block-uagb-container uagb-block-a9d32337 alignwide uagb-is-root-container\">\n<div class=\"wp-block-uagb-buttons uagb-buttons__outer-wrap uagb-btn__default-btn uagb-btn-tablet__default-btn uagb-btn-mobile__default-btn uagb-block-62174e3e\"><div class=\"uagb-buttons__wrap uagb-buttons-layout-wrap\">\n<div class=\"wp-block-uagb-buttons-child uagb-buttons__outer-wrap uagb-block-01951742 wp-block-button\"><div class=\"uagb-button__wrapper\"><a class=\"uagb-buttons-repeater wp-block-button__link\" aria-label=\"\" href=\"https:\/\/sargassummonitoring.com\/es\/official-map-2022\/\" rel=\"follow noopener\" target=\"_self\" role=\"button\"><div class=\"uagb-button__link\">Mapa 2022<\/div><\/a><\/div><\/div>\n<\/div><\/div>\n<\/div>\n\n\n\n<div class=\"wp-block-uagb-container uagb-block-c93091f3 alignwide uagb-is-root-container\">\n<div class=\"wp-block-uagb-buttons uagb-buttons__outer-wrap uagb-btn__default-btn uagb-btn-tablet__default-btn uagb-btn-mobile__default-btn uagb-block-96515ac3\"><div class=\"uagb-buttons__wrap uagb-buttons-layout-wrap\">\n<div class=\"wp-block-uagb-buttons-child uagb-buttons__outer-wrap uagb-block-ac503a96 wp-block-button\"><div class=\"uagb-button__wrapper\"><a class=\"uagb-buttons-repeater wp-block-button__link\" aria-label=\"\" href=\"https:\/\/sargassummonitoring.com\/es\/official-map-2020\/\" rel=\"follow noopener\" target=\"_self\" role=\"button\"><div class=\"uagb-button__link\">Mapa 2020<\/div><\/a><\/div><\/div>\n<\/div><\/div>\n<\/div>\n\n\n\n<div class=\"wp-block-uagb-container uagb-block-ffaff32f alignwide uagb-is-root-container\">\n<div class=\"wp-block-uagb-buttons uagb-buttons__outer-wrap uagb-btn__default-btn uagb-btn-tablet__default-btn uagb-btn-mobile__default-btn uagb-block-2368c9e1\"><div class=\"uagb-buttons__wrap uagb-buttons-layout-wrap\">\n<div class=\"wp-block-uagb-buttons-child uagb-buttons__outer-wrap uagb-block-a3f96681 wp-block-button\"><div class=\"uagb-button__wrapper\"><a class=\"uagb-buttons-repeater wp-block-button__link\" aria-label=\"\" href=\"https:\/\/sargassummonitoring.com\/es\/official-map-2019\/\" rel=\"follow noopener\" target=\"_self\" role=\"button\"><div class=\"uagb-button__link\">Mapa 2019<\/div><\/a><\/div><\/div>\n<\/div><\/div>\n<\/div>\n\n\n\n<div class=\"wp-block-uagb-container uagb-block-3491379d alignwide uagb-is-root-container\">\n<div class=\"wp-block-uagb-buttons uagb-buttons__outer-wrap uagb-btn__default-btn uagb-btn-tablet__default-btn uagb-btn-mobile__default-btn uagb-block-48284056\"><div class=\"uagb-buttons__wrap uagb-buttons-layout-wrap\">\n<div class=\"wp-block-uagb-buttons-child uagb-buttons__outer-wrap uagb-block-a6e9485d wp-block-button\"><div class=\"uagb-button__wrapper\"><a class=\"uagb-buttons-repeater wp-block-button__link\" aria-label=\"\" href=\"https:\/\/sargassummonitoring.com\/es\/official-map-2018\/\" rel=\"follow noopener\" target=\"_self\" role=\"button\"><div class=\"uagb-button__link\">Mapa 2018<\/div><\/a><\/div><\/div>\n<\/div><\/div>\n<\/div>\n\n\n\n<p><\/p>","protected":false},"excerpt":{"rendered":"<p>Sargassum map 2021 Welcome to the discovery of the Official Sargassum Map for 2021 ! Get ready to immerse yourself in a world of fascinating information. The photos and videos you&#8217;ll find here are meticulously dated and geolocated, offering exceptional and unique precision. This map is more than just a directory to choose your next [&hellip;]<\/p>\n","protected":false},"author":1,"featured_media":0,"parent":0,"menu_order":0,"comment_status":"closed","ping_status":"closed","template":"","meta":{"_uag_custom_page_level_css":"","site-sidebar-layout":"default","site-content-layout":"","ast-site-content-layout":"default","site-content-style":"default","site-sidebar-style":"default","ast-global-header-display":"","ast-banner-title-visibility":"","ast-main-header-display":"","ast-hfb-above-header-display":"","ast-hfb-below-header-display":"","ast-hfb-mobile-header-display":"","site-post-title":"disabled","ast-breadcrumbs-content":"","ast-featured-img":"","footer-sml-layout":"","ast-disable-related-posts":"","theme-transparent-header-meta":"","adv-header-id-meta":"","stick-header-meta":"","header-above-stick-meta":"","header-main-stick-meta":"","header-below-stick-meta":"","astra-migrate-meta-layouts":"set","ast-page-background-enabled":"default","ast-page-background-meta":{"desktop":{"background-color":"var(--ast-global-color-4)","background-image":"","background-repeat":"repeat","background-position":"center center","background-size":"auto","background-attachment":"scroll","background-type":"","background-media":"","overlay-type":"","overlay-color":"","overlay-opacity":"","overlay-gradient":""},"tablet":{"background-color":"","background-image":"","background-repeat":"repeat","background-position":"center center","background-size":"auto","background-attachment":"scroll","background-type":"","background-media":"","overlay-type":"","overlay-color":"","overlay-opacity":"","overlay-gradient":""},"mobile":{"background-color":"","background-image":"","background-repeat":"repeat","background-position":"center center","background-size":"auto","background-attachment":"scroll","background-type":"","background-media":"","overlay-type":"","overlay-color":"","overlay-opacity":"","overlay-gradient":""}},"ast-content-background-meta":{"desktop":{"background-color":"var(--ast-global-color-5)","background-image":"","background-repeat":"repeat","background-position":"center center","background-size":"auto","background-attachment":"scroll","background-type":"","background-media":"","overlay-type":"","overlay-color":"","overlay-opacity":"","overlay-gradient":""},"tablet":{"background-color":"var(--ast-global-color-5)","background-image":"","background-repeat":"repeat","background-position":"center center","background-size":"auto","background-attachment":"scroll","background-type":"","background-media":"","overlay-type":"","overlay-color":"","overlay-opacity":"","overlay-gradient":""},"mobile":{"background-color":"var(--ast-global-color-5)","background-image":"","background-repeat":"repeat","background-position":"center center","background-size":"auto","background-attachment":"scroll","background-type":"","background-media":"","overlay-type":"","overlay-color":"","overlay-opacity":"","overlay-gradient":""}},"footnotes":""},"class_list":["post-1031","page","type-page","status-publish","hentry"],"yoast_head":"<!-- This site is optimized with the Yoast SEO plugin v26.6 - https:\/\/yoast.com\/wordpress\/plugins\/seo\/ -->\n<title>Official Map 2021 - Sargassum Monitoring<\/title>\n<meta name=\"robots\" content=\"index, follow, max-snippet:-1, max-image-preview:large, max-video-preview:-1\" \/>\n<link rel=\"canonical\" href=\"https:\/\/sargassummonitoring.com\/es\/official-map-2021\/\" \/>\n<meta property=\"og:locale\" content=\"es_MX\" \/>\n<meta property=\"og:type\" content=\"article\" \/>\n<meta property=\"og:title\" content=\"Official Map 2021 - Sargassum Monitoring\" \/>\n<meta property=\"og:description\" content=\"Sargassum map 2021 Welcome to the discovery of the Official Sargassum Map for 2021 ! Get ready to immerse yourself in a world of fascinating information. The photos and videos you&#8217;ll find here are meticulously dated and geolocated, offering exceptional and unique precision. This map is more than just a directory to choose your next [&hellip;]\" \/>\n<meta property=\"og:url\" content=\"https:\/\/sargassummonitoring.com\/es\/official-map-2021\/\" \/>\n<meta property=\"og:site_name\" content=\"Sargassum Monitoring\" \/>\n<meta property=\"article:publisher\" content=\"https:\/\/www.facebook.com\/groups\/sargassummonitoring\" \/>\n<meta property=\"article:modified_time\" content=\"2025-05-25T14:33:32+00:00\" \/>\n<meta name=\"twitter:card\" content=\"summary_large_image\" \/>\n<meta name=\"twitter:site\" content=\"@SargaMonitoring\" \/>\n<meta name=\"twitter:label1\" content=\"Tiempo de lectura\" \/>\n\t<meta name=\"twitter:data1\" content=\"2 minutos\" \/>\n<script type=\"application\/ld+json\" class=\"yoast-schema-graph\">{\"@context\":\"https:\/\/schema.org\",\"@graph\":[{\"@type\":\"WebPage\",\"@id\":\"https:\/\/sargassummonitoring.com\/en\/official-map-2021\/\",\"url\":\"https:\/\/sargassummonitoring.com\/en\/official-map-2021\/\",\"name\":\"Official Map 2021 - Sargassum Monitoring\",\"isPartOf\":{\"@id\":\"https:\/\/sargassummonitoring.com\/en\/#website\"},\"datePublished\":\"2023-08-21T23:03:03+00:00\",\"dateModified\":\"2025-05-25T14:33:32+00:00\",\"breadcrumb\":{\"@id\":\"https:\/\/sargassummonitoring.com\/en\/official-map-2021\/#breadcrumb\"},\"inLanguage\":\"es\",\"potentialAction\":[{\"@type\":\"ReadAction\",\"target\":[\"https:\/\/sargassummonitoring.com\/en\/official-map-2021\/\"]}]},{\"@type\":\"BreadcrumbList\",\"@id\":\"https:\/\/sargassummonitoring.com\/en\/official-map-2021\/#breadcrumb\",\"itemListElement\":[{\"@type\":\"ListItem\",\"position\":1,\"name\":\"Home\",\"item\":\"https:\/\/sargassummonitoring.com\/fr\/\"},{\"@type\":\"ListItem\",\"position\":2,\"name\":\"Official Map 2021\"}]},{\"@type\":\"WebSite\",\"@id\":\"https:\/\/sargassummonitoring.com\/en\/#website\",\"url\":\"https:\/\/sargassummonitoring.com\/en\/\",\"name\":\"Sargassum Monitoring\",\"description\":\"OFFICIAL MAP &amp; FORECASTS\",\"publisher\":{\"@id\":\"https:\/\/sargassummonitoring.com\/en\/#organization\"},\"potentialAction\":[{\"@type\":\"SearchAction\",\"target\":{\"@type\":\"EntryPoint\",\"urlTemplate\":\"https:\/\/sargassummonitoring.com\/en\/?s={search_term_string}\"},\"query-input\":{\"@type\":\"PropertyValueSpecification\",\"valueRequired\":true,\"valueName\":\"search_term_string\"}}],\"inLanguage\":\"es\"},{\"@type\":\"Organization\",\"@id\":\"https:\/\/sargassummonitoring.com\/en\/#organization\",\"name\":\"Sargassum Monitoring\",\"url\":\"https:\/\/sargassummonitoring.com\/en\/\",\"logo\":{\"@type\":\"ImageObject\",\"inLanguage\":\"es\",\"@id\":\"https:\/\/sargassummonitoring.com\/en\/#\/schema\/logo\/image\/\",\"url\":\"https:\/\/sargassummonitoring.com\/wp-content\/uploads\/2023\/07\/cropped-01-sargassum-monitoring-400-rond.webp\",\"contentUrl\":\"https:\/\/sargassummonitoring.com\/wp-content\/uploads\/2023\/07\/cropped-01-sargassum-monitoring-400-rond.webp\",\"width\":400,\"height\":400,\"caption\":\"Sargassum Monitoring\"},\"image\":{\"@id\":\"https:\/\/sargassummonitoring.com\/en\/#\/schema\/logo\/image\/\"},\"sameAs\":[\"https:\/\/www.facebook.com\/groups\/sargassummonitoring\",\"https:\/\/x.com\/SargaMonitoring\",\"https:\/\/www.tiktok.com\/@sargassummonitoring\",\"https:\/\/www.linkedin.com\/company\/sargassum-monitoring\/posts\/?feedView=all\"]}]}<\/script>\n<!-- \/ Yoast SEO plugin. -->","yoast_head_json":{"title":"Official Map 2021 - Sargassum Monitoring","robots":{"index":"index","follow":"follow","max-snippet":"max-snippet:-1","max-image-preview":"max-image-preview:large","max-video-preview":"max-video-preview:-1"},"canonical":"https:\/\/sargassummonitoring.com\/es\/official-map-2021\/","og_locale":"es_MX","og_type":"article","og_title":"Official Map 2021 - Sargassum Monitoring","og_description":"Sargassum map 2021 Welcome to the discovery of the Official Sargassum Map for 2021 ! Get ready to immerse yourself in a world of fascinating information. The photos and videos you&#8217;ll find here are meticulously dated and geolocated, offering exceptional and unique precision. This map is more than just a directory to choose your next [&hellip;]","og_url":"https:\/\/sargassummonitoring.com\/es\/official-map-2021\/","og_site_name":"Sargassum Monitoring","article_publisher":"https:\/\/www.facebook.com\/groups\/sargassummonitoring","article_modified_time":"2025-05-25T14:33:32+00:00","twitter_card":"summary_large_image","twitter_site":"@SargaMonitoring","twitter_misc":{"Tiempo de lectura":"2 minutos"},"schema":{"@context":"https:\/\/schema.org","@graph":[{"@type":"WebPage","@id":"https:\/\/sargassummonitoring.com\/en\/official-map-2021\/","url":"https:\/\/sargassummonitoring.com\/en\/official-map-2021\/","name":"Official Map 2021 - Sargassum Monitoring","isPartOf":{"@id":"https:\/\/sargassummonitoring.com\/en\/#website"},"datePublished":"2023-08-21T23:03:03+00:00","dateModified":"2025-05-25T14:33:32+00:00","breadcrumb":{"@id":"https:\/\/sargassummonitoring.com\/en\/official-map-2021\/#breadcrumb"},"inLanguage":"es","potentialAction":[{"@type":"ReadAction","target":["https:\/\/sargassummonitoring.com\/en\/official-map-2021\/"]}]},{"@type":"BreadcrumbList","@id":"https:\/\/sargassummonitoring.com\/en\/official-map-2021\/#breadcrumb","itemListElement":[{"@type":"ListItem","position":1,"name":"Home","item":"https:\/\/sargassummonitoring.com\/fr\/"},{"@type":"ListItem","position":2,"name":"Official Map 2021"}]},{"@type":"WebSite","@id":"https:\/\/sargassummonitoring.com\/en\/#website","url":"https:\/\/sargassummonitoring.com\/en\/","name":"Sargassum Monitoring","description":"MAPA OFICIAL Y PRON\u00d3STICOS","publisher":{"@id":"https:\/\/sargassummonitoring.com\/en\/#organization"},"potentialAction":[{"@type":"SearchAction","target":{"@type":"EntryPoint","urlTemplate":"https:\/\/sargassummonitoring.com\/en\/?s={search_term_string}"},"query-input":{"@type":"PropertyValueSpecification","valueRequired":true,"valueName":"search_term_string"}}],"inLanguage":"es"},{"@type":"Organization","@id":"https:\/\/sargassummonitoring.com\/en\/#organization","name":"Sargassum Monitoring","url":"https:\/\/sargassummonitoring.com\/en\/","logo":{"@type":"ImageObject","inLanguage":"es","@id":"https:\/\/sargassummonitoring.com\/en\/#\/schema\/logo\/image\/","url":"https:\/\/sargassummonitoring.com\/wp-content\/uploads\/2023\/07\/cropped-01-sargassum-monitoring-400-rond.webp","contentUrl":"https:\/\/sargassummonitoring.com\/wp-content\/uploads\/2023\/07\/cropped-01-sargassum-monitoring-400-rond.webp","width":400,"height":400,"caption":"Sargassum Monitoring"},"image":{"@id":"https:\/\/sargassummonitoring.com\/en\/#\/schema\/logo\/image\/"},"sameAs":["https:\/\/www.facebook.com\/groups\/sargassummonitoring","https:\/\/x.com\/SargaMonitoring","https:\/\/www.tiktok.com\/@sargassummonitoring","https:\/\/www.linkedin.com\/company\/sargassum-monitoring\/posts\/?feedView=all"]}]}},"uagb_featured_image_src":{"full":false,"thumbnail":false,"medium":false,"medium_large":false,"large":false,"1536x1536":false,"2048x2048":false,"trp-custom-language-flag":false},"uagb_author_info":{"display_name":"Christine J.","author_link":"https:\/\/sargassummonitoring.com\/es\/author\/adminsargassummonitoring-com\/"},"uagb_comment_info":0,"uagb_excerpt":"Sargassum map 2021 Welcome to the discovery of the Official Sargassum Map for 2021 ! Get ready to immerse yourself in a world of fascinating information. The photos and videos you&#8217;ll find here are meticulously dated and geolocated, offering exceptional and unique precision. This map is more than just a directory to choose your next&hellip;","_links":{"self":[{"href":"https:\/\/sargassummonitoring.com\/es\/wp-json\/wp\/v2\/pages\/1031","targetHints":{"allow":["GET"]}}],"collection":[{"href":"https:\/\/sargassummonitoring.com\/es\/wp-json\/wp\/v2\/pages"}],"about":[{"href":"https:\/\/sargassummonitoring.com\/es\/wp-json\/wp\/v2\/types\/page"}],"author":[{"embeddable":true,"href":"https:\/\/sargassummonitoring.com\/es\/wp-json\/wp\/v2\/users\/1"}],"replies":[{"embeddable":true,"href":"https:\/\/sargassummonitoring.com\/es\/wp-json\/wp\/v2\/comments?post=1031"}],"version-history":[{"count":14,"href":"https:\/\/sargassummonitoring.com\/es\/wp-json\/wp\/v2\/pages\/1031\/revisions"}],"predecessor-version":[{"id":4895,"href":"https:\/\/sargassummonitoring.com\/es\/wp-json\/wp\/v2\/pages\/1031\/revisions\/4895"}],"wp:attachment":[{"href":"https:\/\/sargassummonitoring.com\/es\/wp-json\/wp\/v2\/media?parent=1031"}],"curies":[{"name":"wp","href":"https:\/\/api.w.org\/{rel}","templated":true}]}}