{"id":1027,"date":"2023-08-21T17:36:33","date_gmt":"2023-08-21T21:36:33","guid":{"rendered":"https:\/\/sargassummonitoring.com\/?page_id=1027"},"modified":"2025-05-25T10:33:31","modified_gmt":"2025-05-25T14:33:31","slug":"official-map-2019","status":"publish","type":"page","link":"https:\/\/sargassummonitoring.com\/es\/official-map-2019\/","title":{"rendered":"Official Map 2019"},"content":{"rendered":"<div class=\"wp-block-uagb-container uagb-block-b2fd0d2e alignfull uagb-is-root-container\"><div class=\"uagb-container-inner-blocks-wrap\">\n<h2 class=\"wp-block-heading has-text-align-center has-ffffff-background-color has-background\">Mapa del sargazo 2019<\/h2>\n\n\n\n<div class=\"wp-block-uagb-container uagb-block-cded9de9\">\n<script async src=\"https:\/\/pagead2.googlesyndication.com\/pagead\/js\/adsbygoogle.js?client=ca-pub-8448343880170654\"\n     crossorigin=\"anonymous\"><\/script>\n<!-- Bloc horizontal -->\n<ins class=\"adsbygoogle\"\n     style=\"display:block\"\n     data-ad-client=\"ca-pub-8448343880170654\"\n     data-ad-slot=\"7135998490\"\n     data-ad-format=\"auto\"\n     data-full-width-responsive=\"true\"><\/ins>\n<script>\n     (adsbygoogle = window.adsbygoogle || []).push({});\n<\/script>\n<\/div>\n\n\n\n<p class=\"has-ffffff-background-color has-background\" style=\"margin-top:0;margin-bottom:0;padding-top:0;padding-right:var(--wp--preset--spacing--20);padding-bottom:0;padding-left:var(--wp--preset--spacing--20)\"><strong>\u00a1 Bienvenidos al Mapa de Monitoreo de Sargazo de 2019 !<\/strong><\/p>\n\n\n\n<p class=\"has-ffffff-background-color has-background\" style=\"margin-top:0;margin-bottom:0;padding-top:0;padding-right:0;padding-bottom:0;padding-left:0\">Prep\u00e1rense para descubrir la realidad detr\u00e1s del crecimiento explosivo de estas algas de origen natural.<br>Las im\u00e1genes y videos que encontrar\u00e1n aqu\u00ed pueden ser impactantes, pero representan la cruda realidad de una situaci\u00f3n incontrolable desde 2011.<\/p>\n\n\n\n<p class=\"has-ffffff-background-color has-background\" style=\"margin-top:0;margin-bottom:0;padding-top:0;padding-right:0;padding-bottom:0;padding-left:0\">Tengan en cuenta que este mapa va mucho m\u00e1s all\u00e1 de simplemente guiarlos para elegir su pr\u00f3ximo destino de vacaciones en una playa paradis\u00edaca del Caribe.<br>Es una verdadera invitaci\u00f3n a explorar, preservar y comprender la recurrencia y la inevitable progresi\u00f3n de la invasi\u00f3n de algas pardas en m\u00e1s de 30 pa\u00edses del Caribe.<br>El Mapa de Sargazo de 2019 da testimonio de la magnitud del fen\u00f3meno, que est\u00e1 indiscutiblemente relacionado con la contaminaci\u00f3n humana.<\/p>\n\n\n\n<p class=\"has-ffffff-background-color has-background\" style=\"margin-top:0;margin-bottom:0;padding-top:0;padding-right:0;padding-bottom:0;padding-left:0\">Los alentamos a unirse a nosotros en esta b\u00fasqueda para proteger nuestro planeta y preservar nuestros preciosos oc\u00e9anos.<\/p>\n\n\n\n<p class=\"has-ffffff-background-color has-background\" style=\"padding-top:0;padding-right:var(--wp--preset--spacing--20);padding-bottom:0;padding-left:var(--wp--preset--spacing--20)\"><strong>El tiempo apremia, \u00a1 y es hora de tomar medidas !<\/strong><\/p>\n\n\n\n<p class=\"has-ffffff-background-color has-background\" style=\"margin-top:0;margin-bottom:0;padding-top:0;padding-right:0;padding-bottom:0;padding-left:0\">Ante esta cat\u00e1strofe econ\u00f3mica, sanitaria y ecol\u00f3gica, la participaci\u00f3n de todos es de vital importancia. Para ayudar a los gobiernos e investigadores a encontrar r\u00e1pidamente soluciones efectivas, es imperativo que nuestros mapas se actualicen masivamente a trav\u00e9s de la colaboraci\u00f3n activa de la comunidad internacional de ciencia ciudadana.<\/p>\n\n\n\n<p class=\"has-ffffff-background-color has-background\" style=\"padding-top:0;padding-right:0;padding-bottom:0;padding-left:0\"><strong>Su compromiso es esencial; \u00a1informen sobre el estado de sus playas utilizando las plataformas de redes sociales de Sargassum Monitoring y compartan\u00a0sus\u00a0fotos !<\/strong><\/p>\n<\/div><\/div>\n\n\n\n<div style=\"height:40px\" aria-hidden=\"true\" class=\"wp-block-spacer\"><\/div>\n\n\n\n<div class=\"wp-block-uagb-container uagb-block-6f21ffce alignfull uagb-is-root-container\"><div class=\"uagb-container-inner-blocks-wrap\">\n<script async src=\"https:\/\/pagead2.googlesyndication.com\/pagead\/js\/adsbygoogle.js?client=ca-pub-8448343880170654\"\n     crossorigin=\"anonymous\"><\/script>\n<!-- Bloc horizontal -->\n<ins class=\"adsbygoogle\"\n     style=\"display:block\"\n     data-ad-client=\"ca-pub-8448343880170654\"\n     data-ad-slot=\"7135998490\"\n     data-ad-format=\"auto\"\n     data-full-width-responsive=\"true\"><\/ins>\n<script>\n     (adsbygoogle = window.adsbygoogle || []).push({});\n<\/script>\n<\/div><\/div>\n\n\n\n<p class=\"has-text-align-left has-ffffff-background-color has-text-color has-background\" style=\"color:#ff0d0d\"><strong>ATENCI\u00d3N: Las fechas tienen el formato: \n  Mes\/D\u00eda\/A\u00f1o<\/strong><\/p>\n\n\n\n<div class=\"wp-block-uagb-container uagb-block-104eb9ca alignfull uagb-is-root-container\"><div class=\"uagb-container-inner-blocks-wrap\">\n<center><iframe loading=\"lazy\" width=\"100%\" height=\"500px\" frameborder=\"0\" allowfullscreen allow=\"geolocation\" src=\"\/\/umap.openstreetmap.fr\/en\/map\/official-map-2019-sargassum-monitoring_952044?scaleControl=false&#038;miniMap=false&#038;scrollWheelZoom=true&#038;zoomControl=true&#038;allowEdit=false&#038;moreControl=true&#038;searchControl=null&#038;datalayersControl=true&#038;onLoadPanel=databrowser&#038;captionBar=false&#038;captionMenus=true\"><\/iframe><\/center>\n<\/div><\/div>\n\n\n\n<div class=\"wp-block-uagb-container uagb-block-ae4ba939 alignfull uagb-is-root-container\"><div class=\"uagb-container-inner-blocks-wrap\">\n<p class=\"has-text-align-left has-ffffff-background-color has-text-color has-background\" style=\"color:#ff0d0d\"><strong>ATENCI\u00d3N: Los mapas y datos son propiedad de Sargassum Monitoring\u00ae. Si desea utilizarlos, p\u00f3ngase en contacto con nosotros para solicitar\u00a0permiso.<\/strong><\/p>\n<\/div><\/div>\n\n\n\n<div style=\"height:5px\" aria-hidden=\"true\" class=\"wp-block-spacer\"><\/div>\n\n\n\n<div class=\"wp-block-uagb-container uagb-block-14156d87 alignfull uagb-is-root-container\"><div class=\"uagb-container-inner-blocks-wrap\">\n<script async src=\"https:\/\/pagead2.googlesyndication.com\/pagead\/js\/adsbygoogle.js?client=ca-pub-8448343880170654\"\n     crossorigin=\"anonymous\"><\/script>\n<!-- Bloc horizontal -->\n<ins class=\"adsbygoogle\"\n     style=\"display:block\"\n     data-ad-client=\"ca-pub-8448343880170654\"\n     data-ad-slot=\"7135998490\"\n     data-ad-format=\"auto\"\n     data-full-width-responsive=\"true\"><\/ins>\n<script>\n     (adsbygoogle = window.adsbygoogle || []).push({});\n<\/script>\n<\/div><\/div>\n\n\n\n<div class=\"wp-block-uagb-separator uagb-block-414df0a2\"><div class=\"wp-block-uagb-separator__inner\" style=\"--my-background-image:\"><\/div><\/div>\n\n\n\n<h2 class=\"wp-block-heading has-text-align-center\">Consultar otros mapas<\/h2>\n\n\n\n<div class=\"wp-block-uagb-container uagb-block-d057f58e alignwide uagb-is-root-container\">\n<div class=\"wp-block-uagb-buttons uagb-buttons__outer-wrap uagb-btn__default-btn uagb-btn-tablet__default-btn uagb-btn-mobile__default-btn uagb-block-998a7d99\"><div class=\"uagb-buttons__wrap uagb-buttons-layout-wrap\">\n<div class=\"wp-block-uagb-buttons-child uagb-buttons__outer-wrap uagb-block-5f4722fa wp-block-button\"><div class=\"uagb-button__wrapper\"><a class=\"uagb-buttons-repeater wp-block-button__link\" aria-label=\"\" href=\"https:\/\/sargassummonitoring.com\/es\/official-map-2024\/\" rel=\"follow noopener\" target=\"_self\" role=\"button\"><div class=\"uagb-button__link\">2024 Map<\/div><\/a><\/div><\/div>\n<\/div><\/div>\n<\/div>\n\n\n\n<div class=\"wp-block-uagb-container uagb-block-400c6065 alignwide uagb-is-root-container\">\n<div class=\"wp-block-uagb-buttons uagb-buttons__outer-wrap uagb-btn__default-btn uagb-btn-tablet__default-btn uagb-btn-mobile__default-btn uagb-block-64f90470\"><div class=\"uagb-buttons__wrap uagb-buttons-layout-wrap\">\n<div class=\"wp-block-uagb-buttons-child uagb-buttons__outer-wrap uagb-block-18ad25dd wp-block-button\"><div class=\"uagb-button__wrapper\"><a class=\"uagb-buttons-repeater wp-block-button__link\" aria-label=\"\" href=\"https:\/\/sargassummonitoring.com\/es\/map-2023\/\" rel=\"follow noopener\" target=\"_self\" role=\"button\"><div class=\"uagb-button__link\">Mapa 2023<\/div><\/a><\/div><\/div>\n<\/div><\/div>\n<\/div>\n\n\n\n<div class=\"wp-block-uagb-container uagb-block-e57a32c7 alignwide uagb-is-root-container\">\n<div class=\"wp-block-uagb-buttons uagb-buttons__outer-wrap uagb-btn__default-btn uagb-btn-tablet__default-btn uagb-btn-mobile__default-btn uagb-block-a2bf2fee\"><div class=\"uagb-buttons__wrap uagb-buttons-layout-wrap\">\n<div class=\"wp-block-uagb-buttons-child uagb-buttons__outer-wrap uagb-block-4f7db492 wp-block-button\"><div class=\"uagb-button__wrapper\"><a class=\"uagb-buttons-repeater wp-block-button__link\" aria-label=\"\" href=\"https:\/\/sargassummonitoring.com\/es\/official-map-2022\/\" rel=\"follow noopener\" target=\"_self\" role=\"button\"><div class=\"uagb-button__link\">Mapa 2022<\/div><\/a><\/div><\/div>\n<\/div><\/div>\n<\/div>\n\n\n\n<div class=\"wp-block-uagb-container uagb-block-db2a1198 alignwide uagb-is-root-container\">\n<div class=\"wp-block-uagb-buttons uagb-buttons__outer-wrap uagb-btn__default-btn uagb-btn-tablet__default-btn uagb-btn-mobile__default-btn uagb-block-b02b9418\"><div class=\"uagb-buttons__wrap uagb-buttons-layout-wrap\">\n<div class=\"wp-block-uagb-buttons-child uagb-buttons__outer-wrap uagb-block-dcee8f86 wp-block-button\"><div class=\"uagb-button__wrapper\"><a class=\"uagb-buttons-repeater wp-block-button__link\" aria-label=\"\" href=\"https:\/\/sargassummonitoring.com\/es\/official-map-2021\/\" rel=\"follow noopener\" target=\"_self\" role=\"button\"><div class=\"uagb-button__link\">Mapa 2021<\/div><\/a><\/div><\/div>\n<\/div><\/div>\n<\/div>\n\n\n\n<div class=\"wp-block-uagb-container uagb-block-f021fbee alignwide uagb-is-root-container\">\n<div class=\"wp-block-uagb-buttons uagb-buttons__outer-wrap uagb-btn__default-btn uagb-btn-tablet__default-btn uagb-btn-mobile__default-btn uagb-block-36f622ce\"><div class=\"uagb-buttons__wrap uagb-buttons-layout-wrap\">\n<div class=\"wp-block-uagb-buttons-child uagb-buttons__outer-wrap uagb-block-9957290f wp-block-button\"><div class=\"uagb-button__wrapper\"><a class=\"uagb-buttons-repeater wp-block-button__link\" aria-label=\"\" href=\"https:\/\/sargassummonitoring.com\/es\/official-map-2020\/\" rel=\"follow noopener\" target=\"_self\" role=\"button\"><div class=\"uagb-button__link\">Mapa 2020<\/div><\/a><\/div><\/div>\n<\/div><\/div>\n<\/div>\n\n\n\n<div class=\"wp-block-uagb-container uagb-block-44af0db2 alignwide uagb-is-root-container\">\n<div class=\"wp-block-uagb-buttons uagb-buttons__outer-wrap uagb-btn__default-btn uagb-btn-tablet__default-btn uagb-btn-mobile__default-btn uagb-block-07c3b506\"><div class=\"uagb-buttons__wrap uagb-buttons-layout-wrap\">\n<div class=\"wp-block-uagb-buttons-child uagb-buttons__outer-wrap uagb-block-d8c873d8 wp-block-button\"><div class=\"uagb-button__wrapper\"><a class=\"uagb-buttons-repeater wp-block-button__link\" aria-label=\"\" href=\"https:\/\/sargassummonitoring.com\/es\/official-map-2018\/\" rel=\"follow noopener\" target=\"_self\" role=\"button\"><div class=\"uagb-button__link\">Mapa 2018<\/div><\/a><\/div><\/div>\n<\/div><\/div>\n<\/div>\n\n\n\n<p><\/p>","protected":false},"excerpt":{"rendered":"<p>Sargassum map 2019 Welcome to the 2019 Sargassum seaweed Map! Get ready to discover the reality behind the explosive growth of these naturally occurring algae.The images and videos you will find here may be shocking, but it is indeed the reality of an uncontrollable situation since 2011. Please note that this map goes far beyond [&hellip;]<\/p>\n","protected":false},"author":1,"featured_media":0,"parent":0,"menu_order":0,"comment_status":"closed","ping_status":"closed","template":"","meta":{"_uag_custom_page_level_css":"","site-sidebar-layout":"default","site-content-layout":"","ast-site-content-layout":"default","site-content-style":"default","site-sidebar-style":"default","ast-global-header-display":"","ast-banner-title-visibility":"","ast-main-header-display":"","ast-hfb-above-header-display":"","ast-hfb-below-header-display":"","ast-hfb-mobile-header-display":"","site-post-title":"disabled","ast-breadcrumbs-content":"","ast-featured-img":"","footer-sml-layout":"","ast-disable-related-posts":"","theme-transparent-header-meta":"","adv-header-id-meta":"","stick-header-meta":"","header-above-stick-meta":"","header-main-stick-meta":"","header-below-stick-meta":"","astra-migrate-meta-layouts":"set","ast-page-background-enabled":"default","ast-page-background-meta":{"desktop":{"background-color":"var(--ast-global-color-4)","background-image":"","background-repeat":"repeat","background-position":"center center","background-size":"auto","background-attachment":"scroll","background-type":"","background-media":"","overlay-type":"","overlay-color":"","overlay-opacity":"","overlay-gradient":""},"tablet":{"background-color":"","background-image":"","background-repeat":"repeat","background-position":"center center","background-size":"auto","background-attachment":"scroll","background-type":"","background-media":"","overlay-type":"","overlay-color":"","overlay-opacity":"","overlay-gradient":""},"mobile":{"background-color":"","background-image":"","background-repeat":"repeat","background-position":"center center","background-size":"auto","background-attachment":"scroll","background-type":"","background-media":"","overlay-type":"","overlay-color":"","overlay-opacity":"","overlay-gradient":""}},"ast-content-background-meta":{"desktop":{"background-color":"var(--ast-global-color-5)","background-image":"","background-repeat":"repeat","background-position":"center center","background-size":"auto","background-attachment":"scroll","background-type":"","background-media":"","overlay-type":"","overlay-color":"","overlay-opacity":"","overlay-gradient":""},"tablet":{"background-color":"var(--ast-global-color-5)","background-image":"","background-repeat":"repeat","background-position":"center center","background-size":"auto","background-attachment":"scroll","background-type":"","background-media":"","overlay-type":"","overlay-color":"","overlay-opacity":"","overlay-gradient":""},"mobile":{"background-color":"var(--ast-global-color-5)","background-image":"","background-repeat":"repeat","background-position":"center center","background-size":"auto","background-attachment":"scroll","background-type":"","background-media":"","overlay-type":"","overlay-color":"","overlay-opacity":"","overlay-gradient":""}},"footnotes":""},"class_list":["post-1027","page","type-page","status-publish","hentry"],"yoast_head":"<!-- This site is optimized with the Yoast SEO plugin v26.6 - https:\/\/yoast.com\/wordpress\/plugins\/seo\/ -->\n<title>Official Map 2019 - Sargassum Monitoring<\/title>\n<meta name=\"robots\" content=\"index, follow, max-snippet:-1, max-image-preview:large, max-video-preview:-1\" \/>\n<link rel=\"canonical\" href=\"https:\/\/sargassummonitoring.com\/es\/official-map-2019\/\" \/>\n<meta property=\"og:locale\" content=\"es_MX\" \/>\n<meta property=\"og:type\" content=\"article\" \/>\n<meta property=\"og:title\" content=\"Official Map 2019 - Sargassum Monitoring\" \/>\n<meta property=\"og:description\" content=\"Sargassum map 2019 Welcome to the 2019 Sargassum seaweed Map! Get ready to discover the reality behind the explosive growth of these naturally occurring algae.The images and videos you will find here may be shocking, but it is indeed the reality of an uncontrollable situation since 2011. Please note that this map goes far beyond [&hellip;]\" \/>\n<meta property=\"og:url\" content=\"https:\/\/sargassummonitoring.com\/es\/official-map-2019\/\" \/>\n<meta property=\"og:site_name\" content=\"Sargassum Monitoring\" \/>\n<meta property=\"article:publisher\" content=\"https:\/\/www.facebook.com\/groups\/sargassummonitoring\" \/>\n<meta property=\"article:modified_time\" content=\"2025-05-25T14:33:31+00:00\" \/>\n<meta name=\"twitter:card\" content=\"summary_large_image\" \/>\n<meta name=\"twitter:site\" content=\"@SargaMonitoring\" \/>\n<meta name=\"twitter:label1\" content=\"Tiempo de lectura\" \/>\n\t<meta name=\"twitter:data1\" content=\"2 minutos\" \/>\n<script type=\"application\/ld+json\" class=\"yoast-schema-graph\">{\"@context\":\"https:\/\/schema.org\",\"@graph\":[{\"@type\":\"WebPage\",\"@id\":\"https:\/\/sargassummonitoring.com\/en\/official-map-2019\/\",\"url\":\"https:\/\/sargassummonitoring.com\/en\/official-map-2019\/\",\"name\":\"Official Map 2019 - Sargassum Monitoring\",\"isPartOf\":{\"@id\":\"https:\/\/sargassummonitoring.com\/en\/#website\"},\"datePublished\":\"2023-08-21T21:36:33+00:00\",\"dateModified\":\"2025-05-25T14:33:31+00:00\",\"breadcrumb\":{\"@id\":\"https:\/\/sargassummonitoring.com\/en\/official-map-2019\/#breadcrumb\"},\"inLanguage\":\"es\",\"potentialAction\":[{\"@type\":\"ReadAction\",\"target\":[\"https:\/\/sargassummonitoring.com\/en\/official-map-2019\/\"]}]},{\"@type\":\"BreadcrumbList\",\"@id\":\"https:\/\/sargassummonitoring.com\/en\/official-map-2019\/#breadcrumb\",\"itemListElement\":[{\"@type\":\"ListItem\",\"position\":1,\"name\":\"Home\",\"item\":\"https:\/\/sargassummonitoring.com\/fr\/\"},{\"@type\":\"ListItem\",\"position\":2,\"name\":\"Official Map 2019\"}]},{\"@type\":\"WebSite\",\"@id\":\"https:\/\/sargassummonitoring.com\/en\/#website\",\"url\":\"https:\/\/sargassummonitoring.com\/en\/\",\"name\":\"Sargassum Monitoring\",\"description\":\"OFFICIAL MAP &amp; FORECASTS\",\"publisher\":{\"@id\":\"https:\/\/sargassummonitoring.com\/en\/#organization\"},\"potentialAction\":[{\"@type\":\"SearchAction\",\"target\":{\"@type\":\"EntryPoint\",\"urlTemplate\":\"https:\/\/sargassummonitoring.com\/en\/?s={search_term_string}\"},\"query-input\":{\"@type\":\"PropertyValueSpecification\",\"valueRequired\":true,\"valueName\":\"search_term_string\"}}],\"inLanguage\":\"es\"},{\"@type\":\"Organization\",\"@id\":\"https:\/\/sargassummonitoring.com\/en\/#organization\",\"name\":\"Sargassum Monitoring\",\"url\":\"https:\/\/sargassummonitoring.com\/en\/\",\"logo\":{\"@type\":\"ImageObject\",\"inLanguage\":\"es\",\"@id\":\"https:\/\/sargassummonitoring.com\/en\/#\/schema\/logo\/image\/\",\"url\":\"https:\/\/sargassummonitoring.com\/wp-content\/uploads\/2023\/07\/cropped-01-sargassum-monitoring-400-rond.webp\",\"contentUrl\":\"https:\/\/sargassummonitoring.com\/wp-content\/uploads\/2023\/07\/cropped-01-sargassum-monitoring-400-rond.webp\",\"width\":400,\"height\":400,\"caption\":\"Sargassum Monitoring\"},\"image\":{\"@id\":\"https:\/\/sargassummonitoring.com\/en\/#\/schema\/logo\/image\/\"},\"sameAs\":[\"https:\/\/www.facebook.com\/groups\/sargassummonitoring\",\"https:\/\/x.com\/SargaMonitoring\",\"https:\/\/www.tiktok.com\/@sargassummonitoring\",\"https:\/\/www.linkedin.com\/company\/sargassum-monitoring\/posts\/?feedView=all\"]}]}<\/script>\n<!-- \/ Yoast SEO plugin. -->","yoast_head_json":{"title":"Official Map 2019 - Sargassum Monitoring","robots":{"index":"index","follow":"follow","max-snippet":"max-snippet:-1","max-image-preview":"max-image-preview:large","max-video-preview":"max-video-preview:-1"},"canonical":"https:\/\/sargassummonitoring.com\/es\/official-map-2019\/","og_locale":"es_MX","og_type":"article","og_title":"Official Map 2019 - Sargassum Monitoring","og_description":"Sargassum map 2019 Welcome to the 2019 Sargassum seaweed Map! Get ready to discover the reality behind the explosive growth of these naturally occurring algae.The images and videos you will find here may be shocking, but it is indeed the reality of an uncontrollable situation since 2011. Please note that this map goes far beyond [&hellip;]","og_url":"https:\/\/sargassummonitoring.com\/es\/official-map-2019\/","og_site_name":"Sargassum Monitoring","article_publisher":"https:\/\/www.facebook.com\/groups\/sargassummonitoring","article_modified_time":"2025-05-25T14:33:31+00:00","twitter_card":"summary_large_image","twitter_site":"@SargaMonitoring","twitter_misc":{"Tiempo de lectura":"2 minutos"},"schema":{"@context":"https:\/\/schema.org","@graph":[{"@type":"WebPage","@id":"https:\/\/sargassummonitoring.com\/en\/official-map-2019\/","url":"https:\/\/sargassummonitoring.com\/en\/official-map-2019\/","name":"Official Map 2019 - Sargassum Monitoring","isPartOf":{"@id":"https:\/\/sargassummonitoring.com\/en\/#website"},"datePublished":"2023-08-21T21:36:33+00:00","dateModified":"2025-05-25T14:33:31+00:00","breadcrumb":{"@id":"https:\/\/sargassummonitoring.com\/en\/official-map-2019\/#breadcrumb"},"inLanguage":"es","potentialAction":[{"@type":"ReadAction","target":["https:\/\/sargassummonitoring.com\/en\/official-map-2019\/"]}]},{"@type":"BreadcrumbList","@id":"https:\/\/sargassummonitoring.com\/en\/official-map-2019\/#breadcrumb","itemListElement":[{"@type":"ListItem","position":1,"name":"Home","item":"https:\/\/sargassummonitoring.com\/fr\/"},{"@type":"ListItem","position":2,"name":"Official Map 2019"}]},{"@type":"WebSite","@id":"https:\/\/sargassummonitoring.com\/en\/#website","url":"https:\/\/sargassummonitoring.com\/en\/","name":"Sargassum Monitoring","description":"MAPA OFICIAL Y PRON\u00d3STICOS","publisher":{"@id":"https:\/\/sargassummonitoring.com\/en\/#organization"},"potentialAction":[{"@type":"SearchAction","target":{"@type":"EntryPoint","urlTemplate":"https:\/\/sargassummonitoring.com\/en\/?s={search_term_string}"},"query-input":{"@type":"PropertyValueSpecification","valueRequired":true,"valueName":"search_term_string"}}],"inLanguage":"es"},{"@type":"Organization","@id":"https:\/\/sargassummonitoring.com\/en\/#organization","name":"Sargassum Monitoring","url":"https:\/\/sargassummonitoring.com\/en\/","logo":{"@type":"ImageObject","inLanguage":"es","@id":"https:\/\/sargassummonitoring.com\/en\/#\/schema\/logo\/image\/","url":"https:\/\/sargassummonitoring.com\/wp-content\/uploads\/2023\/07\/cropped-01-sargassum-monitoring-400-rond.webp","contentUrl":"https:\/\/sargassummonitoring.com\/wp-content\/uploads\/2023\/07\/cropped-01-sargassum-monitoring-400-rond.webp","width":400,"height":400,"caption":"Sargassum Monitoring"},"image":{"@id":"https:\/\/sargassummonitoring.com\/en\/#\/schema\/logo\/image\/"},"sameAs":["https:\/\/www.facebook.com\/groups\/sargassummonitoring","https:\/\/x.com\/SargaMonitoring","https:\/\/www.tiktok.com\/@sargassummonitoring","https:\/\/www.linkedin.com\/company\/sargassum-monitoring\/posts\/?feedView=all"]}]}},"uagb_featured_image_src":{"full":false,"thumbnail":false,"medium":false,"medium_large":false,"large":false,"1536x1536":false,"2048x2048":false,"trp-custom-language-flag":false},"uagb_author_info":{"display_name":"Christine J.","author_link":"https:\/\/sargassummonitoring.com\/es\/author\/adminsargassummonitoring-com\/"},"uagb_comment_info":0,"uagb_excerpt":"Sargassum map 2019 Welcome to the 2019 Sargassum seaweed Map! Get ready to discover the reality behind the explosive growth of these naturally occurring algae.The images and videos you will find here may be shocking, but it is indeed the reality of an uncontrollable situation since 2011. Please note that this map goes far beyond&hellip;","_links":{"self":[{"href":"https:\/\/sargassummonitoring.com\/es\/wp-json\/wp\/v2\/pages\/1027","targetHints":{"allow":["GET"]}}],"collection":[{"href":"https:\/\/sargassummonitoring.com\/es\/wp-json\/wp\/v2\/pages"}],"about":[{"href":"https:\/\/sargassummonitoring.com\/es\/wp-json\/wp\/v2\/types\/page"}],"author":[{"embeddable":true,"href":"https:\/\/sargassummonitoring.com\/es\/wp-json\/wp\/v2\/users\/1"}],"replies":[{"embeddable":true,"href":"https:\/\/sargassummonitoring.com\/es\/wp-json\/wp\/v2\/comments?post=1027"}],"version-history":[{"count":16,"href":"https:\/\/sargassummonitoring.com\/es\/wp-json\/wp\/v2\/pages\/1027\/revisions"}],"predecessor-version":[{"id":4897,"href":"https:\/\/sargassummonitoring.com\/es\/wp-json\/wp\/v2\/pages\/1027\/revisions\/4897"}],"wp:attachment":[{"href":"https:\/\/sargassummonitoring.com\/es\/wp-json\/wp\/v2\/media?parent=1027"}],"curies":[{"name":"wp","href":"https:\/\/api.w.org\/{rel}","templated":true}]}}