{"id":70,"date":"2025-04-24T17:52:00","date_gmt":"2025-04-24T22:52:00","guid":{"rendered":"https:\/\/sargassummonitoring.com\/directory\/?page_id=70"},"modified":"2025-07-01T09:33:27","modified_gmt":"2025-07-01T14:33:27","slug":"sargassum-directory","status":"publish","type":"page","link":"https:\/\/sargassummonitoring.com\/directory\/fr\/","title":{"rendered":"Sargassum Solutions Directory"},"content":{"rendered":"<h3 class=\"wp-block-heading\">Votre R\u00e9seau de gestion des sargasses des Cara\u00efbes<\/h3>\n\n\n<figure class=\"wp-block-post-featured-image\"><img loading=\"lazy\" decoding=\"async\" width=\"1024\" height=\"655\" src=\"https:\/\/sargassummonitoring.com\/directory\/wp-content\/uploads\/2025\/04\/image2a.webp\" class=\"attachment-post-thumbnail size-post-thumbnail wp-post-image\" alt=\"Beach without sargassum by Sargassum Solutions Directory\" style=\"object-fit:cover;\" srcset=\"https:\/\/sargassummonitoring.com\/directory\/wp-content\/uploads\/2025\/04\/image2a.webp 1024w, https:\/\/sargassummonitoring.com\/directory\/wp-content\/uploads\/2025\/04\/image2a-300x192.webp 300w, https:\/\/sargassummonitoring.com\/directory\/wp-content\/uploads\/2025\/04\/image2a-768x491.webp 768w, https:\/\/sargassummonitoring.com\/directory\/wp-content\/uploads\/2025\/04\/image2a-18x12.webp 18w\" sizes=\"auto, (max-width: 1024px) 100vw, 1024px\" \/><\/figure>\n\n\n<div style=\"height:20px\" aria-hidden=\"true\" class=\"wp-block-spacer\"><\/div>\n\n\n\n<p>Bienvenue sur le site du&nbsp;<strong>Sargassum Solutions Directory<\/strong>, la plateforme de r\u00e9f\u00e9rence pour entrer en contact avec les experts en gestion des sargasses dans les Cara\u00efbes et au-del\u00e0. Que vous soyez une autorit\u00e9 locale, un h\u00f4tel, une entreprise, une association ou une ONG \u00e0 la recherche de solutions durables, notre annuaire vous aide \u00e0 trouver des professionnels de confiance pour relever efficacement les d\u00e9fis pos\u00e9s par les sargasses.<\/p>\n\n\n\n<h2 class=\"wp-block-heading\" style=\"font-size:25px\">D\u00e9couvrez nos 8 principales Cat\u00e9gories de gestion de la sargasse<\/h2>\n\n\n\n<p>D\u00e9couvrez le partenaire qui r\u00e9pond \u00e0 vos besoins gr\u00e2ce \u00e0 nos cat\u00e9gories d\u00e9taill\u00e9es:<\/p>\n\n\n\n<ul class=\"wp-block-list\">\n<li><strong>Pr\u00e9visions et sensibilisation sur les sargasses<\/strong>: Services d'acc\u00e8s permettant de pr\u00e9voir les arriv\u00e9es de sargasses et de sensibiliser la population par l'\u00e9ducation et les campagnes d'information.<\/li>\n\n\n\n<li><strong>Protection et infrastructures c\u00f4ti\u00e8res<\/strong>: Des solutions innovantes pour prot\u00e9ger les c\u00f4tes et pr\u00e9venir l'accumulation de sargasses.<\/li>\n\n\n\n<li><strong>Collecte et enl\u00e8vement<\/strong>: Services d'experts pour le ramassage des sargasses des plages et en mer.<\/li>\n\n\n\n<li><strong>Traitement et Recyclage des sargasses<\/strong>: Transformer les sargasses en produits de valeur tels que les engrais et les biocarburants.<\/li>\n\n\n\n<li><strong>Achat et Vente de sargasses<\/strong>: Entrez en contact avec des entreprises qui ach\u00e8tent ou vendent des sargasses brutes \u00e0 des fins industrielles, de recyclage ou de recherche.<\/li>\n\n\n\n<li><strong>Gestion et Elimination des d\u00e9chets<\/strong>: \u00c9limination responsable et durable des d\u00e9chets de sargasses.<\/li>\n\n\n\n<li><strong>Recherche et Consultants en environnement<\/strong>: Expertise approfondie de l'impact environnemental des sargasses.<\/li>\n\n\n\n<li><strong>S\u00e9jours sans sargasses<\/strong>: H\u00f4tels et H\u00e9bergements avec des plages propres et sans sargasses pour des vacances parfaites.<\/li>\n<\/ul>\n\n\n\n<p>Consultez d\u00e8s aujourd'hui&nbsp;<strong>Sargassum Solutions Directory<\/strong>&nbsp;aujourd'hui pour entrer en contact avec des professionnels qualifi\u00e9s qui se sp\u00e9cialisent dans la r\u00e9solution des probl\u00e8mes pos\u00e9s par les sargasses dans les Cara\u00efbes et au-del\u00e0. Que vous soyez une autorit\u00e9 locale cherchant \u00e0 prot\u00e9ger vos c\u00f4tes, un h\u00f4tel visant \u00e0 maintenir des plages vierges ou un chercheur \u00e0 la recherche d'expertise sur les impacts environnementaux, notre annuaire fournit un acc\u00e8s facile \u00e0 des experts de confiance et \u00e0 leurs coordonn\u00e9es. En vous associant \u00e0 ces professionnels, vous prendrez des mesures proactives pour att\u00e9nuer les effets de la sargasse, assurer la propret\u00e9 des plages et soutenir les pratiques durables. Travaillons ensemble pour cr\u00e9er un avenir plus propre et plus durable pour nos communaut\u00e9s et \u00e9cosyst\u00e8mes c\u00f4tiers !<\/p>\n\n\n\n<h2 class=\"wp-block-heading\" style=\"font-size:25px\">Inscrivez aujourd'hui votre entreprise ou association de gestion des sargasses<\/h2>\n\n\n\n<p>Vous \u00eates un professionnel ou une association d\u00e9di\u00e9e \u00e0 la gestion des sargasses ? Rejoignez l'annuaire&nbsp;<strong>Sargassum Solutions Directory<\/strong>&nbsp;Hub and showcase your services to a global audience actively seeking solutions to the sargassum crisis. From coastal protection and waste removal to forecasting and recycling innovations, our platform connects you with municipalities, hotels, and businesses eager to collaborate. For an affordable annual fee starting at just $48, you can list your business, attract new clients, and amplify your impact in the fight against sargassum. By becoming part of our directory, you\u2019ll gain visibility among a targeted audience, build new partnerships, and contribute to a global movement for sustainability.&nbsp;<a href=\"https:\/\/sargassummonitoring.com\/directory\/fr\/contact\/\">Inscrivez vous maintenant<\/a>&nbsp;et prenez votre place en tant qu'acteur cl\u00e9 dans la r\u00e9solution de la crise des sargasses !<\/p>\n\n\n\n<p class=\"translation-block\">* <strong>Sargassum Solutions Directory<\/strong> est un compl\u00e9ment ou une extension du site <a href=\"https:\/\/sargassummonitoring.com\/fr\/\" target=\"_blank\" rel=\"noreferrer noopener\">Sargassum Monitoring<\/a> . Si vous voulez faire un don, c'est <a href=\"https:\/\/sargassummonitoring.org\/fr\/\" target=\"_blank\" rel=\"noreferrer noopener\"><strong>Ici !<\/strong><\/a><\/p>\n\n\n\n<p><\/p>","protected":false},"excerpt":{"rendered":"<p>Your Caribbean Sargassum Management Hub Welcome to the&nbsp;Sargassum Solutions Directory, the leading platform for connecting with experts in sargassum management [&hellip;]<\/p>\n","protected":false},"author":1,"featured_media":288,"parent":0,"menu_order":0,"comment_status":"closed","ping_status":"closed","template":"","meta":{"_uag_custom_page_level_css":"","site-sidebar-layout":"default","site-content-layout":"","ast-site-content-layout":"","site-content-style":"default","site-sidebar-style":"default","ast-global-header-display":"","ast-banner-title-visibility":"","ast-main-header-display":"","ast-hfb-above-header-display":"","ast-hfb-below-header-display":"","ast-hfb-mobile-header-display":"","site-post-title":"","ast-breadcrumbs-content":"","ast-featured-img":"disabled","footer-sml-layout":"","ast-disable-related-posts":"","theme-transparent-header-meta":"","adv-header-id-meta":"","stick-header-meta":"","header-above-stick-meta":"","header-main-stick-meta":"","header-below-stick-meta":"","astra-migrate-meta-layouts":"default","ast-page-background-enabled":"default","ast-page-background-meta":{"desktop":{"background-color":"var(--ast-global-color-5)","background-image":"","background-repeat":"repeat","background-position":"center center","background-size":"auto","background-attachment":"scroll","background-type":"","background-media":"","overlay-type":"","overlay-color":"","overlay-opacity":"","overlay-gradient":""},"tablet":{"background-color":"","background-image":"","background-repeat":"repeat","background-position":"center center","background-size":"auto","background-attachment":"scroll","background-type":"","background-media":"","overlay-type":"","overlay-color":"","overlay-opacity":"","overlay-gradient":""},"mobile":{"background-color":"","background-image":"","background-repeat":"repeat","background-position":"center center","background-size":"auto","background-attachment":"scroll","background-type":"","background-media":"","overlay-type":"","overlay-color":"","overlay-opacity":"","overlay-gradient":""}},"ast-content-background-meta":{"desktop":{"background-color":"var(--ast-global-color-4)","background-image":"","background-repeat":"repeat","background-position":"center center","background-size":"auto","background-attachment":"scroll","background-type":"","background-media":"","overlay-type":"","overlay-color":"","overlay-opacity":"","overlay-gradient":""},"tablet":{"background-color":"var(--ast-global-color-4)","background-image":"","background-repeat":"repeat","background-position":"center center","background-size":"auto","background-attachment":"scroll","background-type":"","background-media":"","overlay-type":"","overlay-color":"","overlay-opacity":"","overlay-gradient":""},"mobile":{"background-color":"var(--ast-global-color-4)","background-image":"","background-repeat":"repeat","background-position":"center center","background-size":"auto","background-attachment":"scroll","background-type":"","background-media":"","overlay-type":"","overlay-color":"","overlay-opacity":"","overlay-gradient":""}},"footnotes":""},"class_list":["post-70","page","type-page","status-publish","has-post-thumbnail","hentry"],"yoast_head":"<!-- This site is optimized with the Yoast SEO plugin v27.4 - https:\/\/yoast.com\/product\/yoast-seo-wordpress\/ -->\n<title>Sargassum Solutions Directory - by Sargassum Monitoring<\/title>\n<meta name=\"description\" content=\"Find sargassum management experts with Sargassum Solutions Directory. Solutions for collecting, recycling, sargassum-free stays and more!\" \/>\n<meta name=\"robots\" content=\"index, follow, max-snippet:-1, max-image-preview:large, max-video-preview:-1\" \/>\n<link rel=\"canonical\" href=\"https:\/\/sargassummonitoring.com\/directory\/fr\/\" \/>\n<meta property=\"og:locale\" content=\"fr_FR\" \/>\n<meta property=\"og:type\" content=\"article\" \/>\n<meta property=\"og:title\" content=\"Sargassum Solutions Directory - by Sargassum Monitoring\" \/>\n<meta property=\"og:description\" content=\"Find sargassum management experts with Sargassum Solutions Directory. Solutions for collecting, recycling, sargassum-free stays and more!\" \/>\n<meta property=\"og:url\" content=\"https:\/\/sargassummonitoring.com\/directory\/fr\/\" \/>\n<meta property=\"article:modified_time\" content=\"2025-07-01T14:33:27+00:00\" \/>\n<meta property=\"og:image\" content=\"https:\/\/sargassummonitoring.com\/directory\/wp-content\/uploads\/2025\/04\/image2a.webp\" \/>\n\t<meta property=\"og:image:width\" content=\"1024\" \/>\n\t<meta property=\"og:image:height\" content=\"655\" \/>\n\t<meta property=\"og:image:type\" content=\"image\/webp\" \/>\n<meta name=\"twitter:card\" content=\"summary_large_image\" \/>\n<meta name=\"twitter:label1\" content=\"Dur\u00e9e de lecture estim\u00e9e\" \/>\n\t<meta name=\"twitter:data1\" content=\"3 minutes\" \/>\n<script type=\"application\/ld+json\" class=\"yoast-schema-graph\">{\"@context\":\"https:\\\/\\\/schema.org\",\"@graph\":[{\"@type\":\"WebPage\",\"@id\":\"https:\\\/\\\/sargassummonitoring.com\\\/directory\\\/\",\"url\":\"https:\\\/\\\/sargassummonitoring.com\\\/directory\\\/\",\"name\":\"Sargassum Solutions Directory - by Sargassum Monitoring\",\"isPartOf\":{\"@id\":\"https:\\\/\\\/sargassummonitoring.com\\\/directory\\\/#website\"},\"primaryImageOfPage\":{\"@id\":\"https:\\\/\\\/sargassummonitoring.com\\\/directory\\\/#primaryimage\"},\"image\":{\"@id\":\"https:\\\/\\\/sargassummonitoring.com\\\/directory\\\/#primaryimage\"},\"thumbnailUrl\":\"https:\\\/\\\/sargassummonitoring.com\\\/directory\\\/wp-content\\\/uploads\\\/2025\\\/04\\\/image2a.webp\",\"datePublished\":\"2025-04-24T22:52:00+00:00\",\"dateModified\":\"2025-07-01T14:33:27+00:00\",\"description\":\"Find sargassum management experts with Sargassum Solutions Directory. Solutions for collecting, recycling, sargassum-free stays and more!\",\"breadcrumb\":{\"@id\":\"https:\\\/\\\/sargassummonitoring.com\\\/directory\\\/#breadcrumb\"},\"inLanguage\":\"fr-FR\",\"potentialAction\":[{\"@type\":\"ReadAction\",\"target\":[\"https:\\\/\\\/sargassummonitoring.com\\\/directory\\\/\"]}]},{\"@type\":\"ImageObject\",\"inLanguage\":\"fr-FR\",\"@id\":\"https:\\\/\\\/sargassummonitoring.com\\\/directory\\\/#primaryimage\",\"url\":\"https:\\\/\\\/sargassummonitoring.com\\\/directory\\\/wp-content\\\/uploads\\\/2025\\\/04\\\/image2a.webp\",\"contentUrl\":\"https:\\\/\\\/sargassummonitoring.com\\\/directory\\\/wp-content\\\/uploads\\\/2025\\\/04\\\/image2a.webp\",\"width\":1024,\"height\":655,\"caption\":\"Beach without sargassum by Sargassum Solutions Directory\"},{\"@type\":\"BreadcrumbList\",\"@id\":\"https:\\\/\\\/sargassummonitoring.com\\\/directory\\\/#breadcrumb\",\"itemListElement\":[{\"@type\":\"ListItem\",\"position\":1,\"name\":\"Home\",\"item\":\"https:\\\/\\\/sargassummonitoring.com\\\/directory\\\/\"},{\"@type\":\"ListItem\",\"position\":2,\"name\":\"Sargassum Solutions Directory\"}]},{\"@type\":\"WebSite\",\"@id\":\"https:\\\/\\\/sargassummonitoring.com\\\/directory\\\/#website\",\"url\":\"https:\\\/\\\/sargassummonitoring.com\\\/directory\\\/\",\"name\":\"\",\"description\":\"\",\"potentialAction\":[{\"@type\":\"SearchAction\",\"target\":{\"@type\":\"EntryPoint\",\"urlTemplate\":\"https:\\\/\\\/sargassummonitoring.com\\\/directory\\\/?s={search_term_string}\"},\"query-input\":{\"@type\":\"PropertyValueSpecification\",\"valueRequired\":true,\"valueName\":\"search_term_string\"}}],\"inLanguage\":\"fr-FR\"}]}<\/script>\n<!-- \/ Yoast SEO plugin. -->","yoast_head_json":{"title":"Sargassum Solutions Directory - by Sargassum Monitoring","description":"Find sargassum management experts with Sargassum Solutions Directory. Solutions for collecting, recycling, sargassum-free stays and more!","robots":{"index":"index","follow":"follow","max-snippet":"max-snippet:-1","max-image-preview":"max-image-preview:large","max-video-preview":"max-video-preview:-1"},"canonical":"https:\/\/sargassummonitoring.com\/directory\/fr\/","og_locale":"fr_FR","og_type":"article","og_title":"Sargassum Solutions Directory - by Sargassum Monitoring","og_description":"Find sargassum management experts with Sargassum Solutions Directory. Solutions for collecting, recycling, sargassum-free stays and more!","og_url":"https:\/\/sargassummonitoring.com\/directory\/fr\/","article_modified_time":"2025-07-01T14:33:27+00:00","og_image":[{"width":1024,"height":655,"url":"https:\/\/sargassummonitoring.com\/directory\/wp-content\/uploads\/2025\/04\/image2a.webp","type":"image\/webp"}],"twitter_card":"summary_large_image","twitter_misc":{"Dur\u00e9e de lecture estim\u00e9e":"3 minutes"},"schema":{"@context":"https:\/\/schema.org","@graph":[{"@type":"WebPage","@id":"https:\/\/sargassummonitoring.com\/directory\/","url":"https:\/\/sargassummonitoring.com\/directory\/","name":"Sargassum Solutions Directory - by Sargassum Monitoring","isPartOf":{"@id":"https:\/\/sargassummonitoring.com\/directory\/#website"},"primaryImageOfPage":{"@id":"https:\/\/sargassummonitoring.com\/directory\/#primaryimage"},"image":{"@id":"https:\/\/sargassummonitoring.com\/directory\/#primaryimage"},"thumbnailUrl":"https:\/\/sargassummonitoring.com\/directory\/wp-content\/uploads\/2025\/04\/image2a.webp","datePublished":"2025-04-24T22:52:00+00:00","dateModified":"2025-07-01T14:33:27+00:00","description":"Find sargassum management experts with Sargassum Solutions Directory. Solutions for collecting, recycling, sargassum-free stays and more!","breadcrumb":{"@id":"https:\/\/sargassummonitoring.com\/directory\/#breadcrumb"},"inLanguage":"fr-FR","potentialAction":[{"@type":"ReadAction","target":["https:\/\/sargassummonitoring.com\/directory\/"]}]},{"@type":"ImageObject","inLanguage":"fr-FR","@id":"https:\/\/sargassummonitoring.com\/directory\/#primaryimage","url":"https:\/\/sargassummonitoring.com\/directory\/wp-content\/uploads\/2025\/04\/image2a.webp","contentUrl":"https:\/\/sargassummonitoring.com\/directory\/wp-content\/uploads\/2025\/04\/image2a.webp","width":1024,"height":655,"caption":"Beach without sargassum by Sargassum Solutions Directory"},{"@type":"BreadcrumbList","@id":"https:\/\/sargassummonitoring.com\/directory\/#breadcrumb","itemListElement":[{"@type":"ListItem","position":1,"name":"Home","item":"https:\/\/sargassummonitoring.com\/directory\/"},{"@type":"ListItem","position":2,"name":"Sargassum Solutions Directory"}]},{"@type":"WebSite","@id":"https:\/\/sargassummonitoring.com\/directory\/#website","url":"https:\/\/sargassummonitoring.com\/directory\/","name":"","description":"","potentialAction":[{"@type":"SearchAction","target":{"@type":"EntryPoint","urlTemplate":"https:\/\/sargassummonitoring.com\/directory\/?s={search_term_string}"},"query-input":{"@type":"PropertyValueSpecification","valueRequired":true,"valueName":"search_term_string"}}],"inLanguage":"fr-FR"}]}},"uagb_featured_image_src":{"full":["https:\/\/sargassummonitoring.com\/directory\/wp-content\/uploads\/2025\/04\/image2a.webp",1024,655,false],"thumbnail":["https:\/\/sargassummonitoring.com\/directory\/wp-content\/uploads\/2025\/04\/image2a-150x150.webp",150,150,true],"medium":["https:\/\/sargassummonitoring.com\/directory\/wp-content\/uploads\/2025\/04\/image2a-300x192.webp",300,192,true],"medium_large":["https:\/\/sargassummonitoring.com\/directory\/wp-content\/uploads\/2025\/04\/image2a-768x491.webp",768,491,true],"large":["https:\/\/sargassummonitoring.com\/directory\/wp-content\/uploads\/2025\/04\/image2a.webp",1024,655,false],"1536x1536":["https:\/\/sargassummonitoring.com\/directory\/wp-content\/uploads\/2025\/04\/image2a.webp",1024,655,false],"2048x2048":["https:\/\/sargassummonitoring.com\/directory\/wp-content\/uploads\/2025\/04\/image2a.webp",1024,655,false],"trp-custom-language-flag":["https:\/\/sargassummonitoring.com\/directory\/wp-content\/uploads\/2025\/04\/image2a-18x12.webp",18,12,true]},"uagb_author_info":{"display_name":"C. J.M.","author_link":"https:\/\/sargassummonitoring.com\/directory\/fr\/author\/admin-directorydenji61\/"},"uagb_comment_info":0,"uagb_excerpt":"Your Caribbean Sargassum Management Hub Welcome to the&nbsp;Sargassum Solutions Directory, the leading platform for connecting with experts in sargassum management [&hellip;]","_links":{"self":[{"href":"https:\/\/sargassummonitoring.com\/directory\/fr\/wp-json\/wp\/v2\/pages\/70","targetHints":{"allow":["GET"]}}],"collection":[{"href":"https:\/\/sargassummonitoring.com\/directory\/fr\/wp-json\/wp\/v2\/pages"}],"about":[{"href":"https:\/\/sargassummonitoring.com\/directory\/fr\/wp-json\/wp\/v2\/types\/page"}],"author":[{"embeddable":true,"href":"https:\/\/sargassummonitoring.com\/directory\/fr\/wp-json\/wp\/v2\/users\/1"}],"replies":[{"embeddable":true,"href":"https:\/\/sargassummonitoring.com\/directory\/fr\/wp-json\/wp\/v2\/comments?post=70"}],"version-history":[{"count":43,"href":"https:\/\/sargassummonitoring.com\/directory\/fr\/wp-json\/wp\/v2\/pages\/70\/revisions"}],"predecessor-version":[{"id":472,"href":"https:\/\/sargassummonitoring.com\/directory\/fr\/wp-json\/wp\/v2\/pages\/70\/revisions\/472"}],"wp:featuredmedia":[{"embeddable":true,"href":"https:\/\/sargassummonitoring.com\/directory\/fr\/wp-json\/wp\/v2\/media\/288"}],"wp:attachment":[{"href":"https:\/\/sargassummonitoring.com\/directory\/fr\/wp-json\/wp\/v2\/media?parent=70"}],"curies":[{"name":"wp","href":"https:\/\/api.w.org\/{rel}","templated":true}]}}