{"id":70,"date":"2025-04-24T17:52:00","date_gmt":"2025-04-24T22:52:00","guid":{"rendered":"https:\/\/sargassummonitoring.com\/directory\/?page_id=70"},"modified":"2025-07-01T09:33:27","modified_gmt":"2025-07-01T14:33:27","slug":"sargassum-directory","status":"publish","type":"page","link":"https:\/\/sargassummonitoring.com\/directory\/es\/","title":{"rendered":"Sargassum Solutions Directory"},"content":{"rendered":"<h3 class=\"wp-block-heading\">Su Red de gesti\u00f3n del sargazo del Caribe<\/h3>\n\n\n<figure class=\"wp-block-post-featured-image\"><img loading=\"lazy\" decoding=\"async\" width=\"1024\" height=\"655\" src=\"https:\/\/sargassummonitoring.com\/directory\/wp-content\/uploads\/2025\/04\/image2a.webp\" class=\"attachment-post-thumbnail size-post-thumbnail wp-post-image\" alt=\"Beach without sargassum by Sargassum Solutions Directory\" style=\"object-fit:cover;\" srcset=\"https:\/\/sargassummonitoring.com\/directory\/wp-content\/uploads\/2025\/04\/image2a.webp 1024w, https:\/\/sargassummonitoring.com\/directory\/wp-content\/uploads\/2025\/04\/image2a-300x192.webp 300w, https:\/\/sargassummonitoring.com\/directory\/wp-content\/uploads\/2025\/04\/image2a-768x491.webp 768w, https:\/\/sargassummonitoring.com\/directory\/wp-content\/uploads\/2025\/04\/image2a-18x12.webp 18w\" sizes=\"auto, (max-width: 1024px) 100vw, 1024px\" \/><\/figure>\n\n\n<div style=\"height:20px\" aria-hidden=\"true\" class=\"wp-block-spacer\"><\/div>\n\n\n\n<p>Bienvenido al&nbsp;<strong>Sargassum Solutions Directory<\/strong>, la plataforma l\u00edder para conectar con expertos en la gesti\u00f3n del sargazo en todo el Caribe y m\u00e1s all\u00e1. Si usted es una autoridad local, hotel, empresa o asociaci\u00f3n y ONG que buscan soluciones sostenibles, nuestro directorio le ayuda a encontrar profesionales de confianza para hacer frente a los desaf\u00edos de sargazo con eficacia.<\/p>\n\n\n\n<h2 class=\"wp-block-heading\" style=\"font-size:25px\">Explore nuestras 8 Categor\u00edas clave de gesti\u00f3n del sargazo<\/h2>\n\n\n\n<p>Descubra el socio adecuado a sus necesidades a trav\u00e9s de nuestras completas categor\u00edas:<\/p>\n\n\n\n<ul class=\"wp-block-list\">\n<li><strong>Previsi\u00f3n y concienciaci\u00f3n del sargazo<\/strong>: Servicios de acceso para predecir las llegadas de sargazo y sensibilizar mediante educaci\u00f3n y campa\u00f1as.<\/li>\n\n\n\n<li><strong>Protecci\u00f3n e infraestructuras costeras<\/strong>: Soluciones innovadoras para proteger las costas y evitar la acumulaci\u00f3n de sargazo.<\/li>\n\n\n\n<li><strong>Recogida y retirada<\/strong>: Servicios de expertos para eliminar el sargazo de playas y mares.<\/li>\n\n\n\n<li><strong>Transformaci\u00f3n y Reciclaje del sargazo<\/strong>: Transformaci\u00f3n del sargazo en productos valiosos como fertilizantes y biocombustibles.<\/li>\n\n\n\n<li><strong>Compra y Venta de sargazo<\/strong>: P\u00f3ngase en contacto con empresas que compran o venden sargazo en bruto para uso industrial, reciclaje o investigaci\u00f3n.<\/li>\n\n\n\n<li><strong>Gesti\u00f3n y Eliminaci\u00f3n de residuos<\/strong>: Eliminaci\u00f3n responsable y sostenible de los residuos de sargazo.<\/li>\n\n\n\n<li><strong>Consultor\u00eda e Investigaci\u00f3n Medioambiental<\/strong>: Profundos conocimientos sobre el impacto medioambiental del sargazo.<\/li>\n\n\n\n<li><strong>Estancias libres de sargazos<\/strong>: Hoteles y alojamientos con playas limpias y libres de sargazos para unas vacaciones perfectas.<\/li>\n<\/ul>\n\n\n\n<p>Est\u00e1 navegando por el&nbsp;<strong>Sargassum Solutions Directory<\/strong>&nbsp;hoy mismo para ponerse en contacto con profesionales cualificados especializados en abordar los retos que plantea el sargazo en el Caribe y m\u00e1s all\u00e1. Tanto si usted es una autoridad local que quiere proteger sus costas, como un hotel que quiere mantener sus playas inmaculadas o un investigador que busca expertos en impacto ambiental, nuestro directorio le facilita el acceso a expertos de confianza y a sus datos de contacto. Al asociarse con estos profesionales, estar\u00e1 dando un paso proactivo para mitigar los efectos del sargazo, garantizar playas m\u00e1s limpias y apoyar pr\u00e1cticas sostenibles. Trabajemos juntos para crear un futuro m\u00e1s limpio y sostenible para nuestras comunidades y ecosistemas costeros.<\/p>\n\n\n\n<h2 class=\"wp-block-heading\" style=\"font-size:25px\">Anuncie hoy su empresa o asociaci\u00f3n de gesti\u00f3n de sargazos<\/h2>\n\n\n\n<p>\u00bfEs usted un profesional o una asociaci\u00f3n dedicada a la gesti\u00f3n del sargazo? \u00danase al&nbsp;<strong>Sargassum Solutions Directory<\/strong>&nbsp;Hub and showcase your services to a global audience actively seeking solutions to the sargassum crisis. From coastal protection and waste removal to forecasting and recycling innovations, our platform connects you with municipalities, hotels, and businesses eager to collaborate. For an affordable annual fee starting at just $48, you can list your business, attract new clients, and amplify your impact in the fight against sargassum. By becoming part of our directory, you\u2019ll gain visibility among a targeted audience, build new partnerships, and contribute to a global movement for sustainability.&nbsp;<a href=\"https:\/\/sargassummonitoring.com\/directory\/es\/contact\/\">Reg\u00edstrese ahora<\/a>&nbsp;y ocupe su lugar como actor clave en la soluci\u00f3n de la crisis del sargazo!<\/p>\n\n\n\n<p class=\"translation-block\">* <strong>Sargassum Solutions Directory<\/strong> es un complemento o extensi\u00f3n del sitio web <a href=\"https:\/\/sargassummonitoring.com\/es\/\" target=\"_blank\" rel=\"noreferrer noopener\">Sargassum Monitoring<\/a>. Si quieres donar, est\u00e1 <a href=\"https:\/\/sargassummonitoring.org\/es\/\" target=\"_blank\" rel=\"noreferrer noopener\"><strong>Aqu\u00ed !<\/strong><\/a><\/p>\n\n\n\n<p><\/p>","protected":false},"excerpt":{"rendered":"<p>Your Caribbean Sargassum Management Hub Welcome to the&nbsp;Sargassum Solutions Directory, the leading platform for connecting with experts in sargassum management [&hellip;]<\/p>\n","protected":false},"author":1,"featured_media":288,"parent":0,"menu_order":0,"comment_status":"closed","ping_status":"closed","template":"","meta":{"_uag_custom_page_level_css":"","site-sidebar-layout":"default","site-content-layout":"","ast-site-content-layout":"","site-content-style":"default","site-sidebar-style":"default","ast-global-header-display":"","ast-banner-title-visibility":"","ast-main-header-display":"","ast-hfb-above-header-display":"","ast-hfb-below-header-display":"","ast-hfb-mobile-header-display":"","site-post-title":"","ast-breadcrumbs-content":"","ast-featured-img":"disabled","footer-sml-layout":"","ast-disable-related-posts":"","theme-transparent-header-meta":"","adv-header-id-meta":"","stick-header-meta":"","header-above-stick-meta":"","header-main-stick-meta":"","header-below-stick-meta":"","astra-migrate-meta-layouts":"default","ast-page-background-enabled":"default","ast-page-background-meta":{"desktop":{"background-color":"var(--ast-global-color-5)","background-image":"","background-repeat":"repeat","background-position":"center center","background-size":"auto","background-attachment":"scroll","background-type":"","background-media":"","overlay-type":"","overlay-color":"","overlay-opacity":"","overlay-gradient":""},"tablet":{"background-color":"","background-image":"","background-repeat":"repeat","background-position":"center center","background-size":"auto","background-attachment":"scroll","background-type":"","background-media":"","overlay-type":"","overlay-color":"","overlay-opacity":"","overlay-gradient":""},"mobile":{"background-color":"","background-image":"","background-repeat":"repeat","background-position":"center center","background-size":"auto","background-attachment":"scroll","background-type":"","background-media":"","overlay-type":"","overlay-color":"","overlay-opacity":"","overlay-gradient":""}},"ast-content-background-meta":{"desktop":{"background-color":"var(--ast-global-color-4)","background-image":"","background-repeat":"repeat","background-position":"center center","background-size":"auto","background-attachment":"scroll","background-type":"","background-media":"","overlay-type":"","overlay-color":"","overlay-opacity":"","overlay-gradient":""},"tablet":{"background-color":"var(--ast-global-color-4)","background-image":"","background-repeat":"repeat","background-position":"center center","background-size":"auto","background-attachment":"scroll","background-type":"","background-media":"","overlay-type":"","overlay-color":"","overlay-opacity":"","overlay-gradient":""},"mobile":{"background-color":"var(--ast-global-color-4)","background-image":"","background-repeat":"repeat","background-position":"center center","background-size":"auto","background-attachment":"scroll","background-type":"","background-media":"","overlay-type":"","overlay-color":"","overlay-opacity":"","overlay-gradient":""}},"footnotes":""},"class_list":["post-70","page","type-page","status-publish","has-post-thumbnail","hentry"],"yoast_head":"<!-- This site is optimized with the Yoast SEO plugin v27.4 - https:\/\/yoast.com\/product\/yoast-seo-wordpress\/ -->\n<title>Sargassum Solutions Directory - by Sargassum Monitoring<\/title>\n<meta name=\"description\" content=\"Find sargassum management experts with Sargassum Solutions Directory. Solutions for collecting, recycling, sargassum-free stays and more!\" \/>\n<meta name=\"robots\" content=\"index, follow, max-snippet:-1, max-image-preview:large, max-video-preview:-1\" \/>\n<link rel=\"canonical\" href=\"https:\/\/sargassummonitoring.com\/directory\/es\/\" \/>\n<meta property=\"og:locale\" content=\"es_MX\" \/>\n<meta property=\"og:type\" content=\"article\" \/>\n<meta property=\"og:title\" content=\"Sargassum Solutions Directory - by Sargassum Monitoring\" \/>\n<meta property=\"og:description\" content=\"Find sargassum management experts with Sargassum Solutions Directory. Solutions for collecting, recycling, sargassum-free stays and more!\" \/>\n<meta property=\"og:url\" content=\"https:\/\/sargassummonitoring.com\/directory\/es\/\" \/>\n<meta property=\"article:modified_time\" content=\"2025-07-01T14:33:27+00:00\" \/>\n<meta property=\"og:image\" content=\"https:\/\/sargassummonitoring.com\/directory\/wp-content\/uploads\/2025\/04\/image2a.webp\" \/>\n\t<meta property=\"og:image:width\" content=\"1024\" \/>\n\t<meta property=\"og:image:height\" content=\"655\" \/>\n\t<meta property=\"og:image:type\" content=\"image\/webp\" \/>\n<meta name=\"twitter:card\" content=\"summary_large_image\" \/>\n<meta name=\"twitter:label1\" content=\"Tiempo de lectura\" \/>\n\t<meta name=\"twitter:data1\" content=\"3 minutos\" \/>\n<script type=\"application\/ld+json\" class=\"yoast-schema-graph\">{\"@context\":\"https:\\\/\\\/schema.org\",\"@graph\":[{\"@type\":\"WebPage\",\"@id\":\"https:\\\/\\\/sargassummonitoring.com\\\/directory\\\/\",\"url\":\"https:\\\/\\\/sargassummonitoring.com\\\/directory\\\/\",\"name\":\"Sargassum Solutions Directory - by Sargassum Monitoring\",\"isPartOf\":{\"@id\":\"https:\\\/\\\/sargassummonitoring.com\\\/directory\\\/#website\"},\"primaryImageOfPage\":{\"@id\":\"https:\\\/\\\/sargassummonitoring.com\\\/directory\\\/#primaryimage\"},\"image\":{\"@id\":\"https:\\\/\\\/sargassummonitoring.com\\\/directory\\\/#primaryimage\"},\"thumbnailUrl\":\"https:\\\/\\\/sargassummonitoring.com\\\/directory\\\/wp-content\\\/uploads\\\/2025\\\/04\\\/image2a.webp\",\"datePublished\":\"2025-04-24T22:52:00+00:00\",\"dateModified\":\"2025-07-01T14:33:27+00:00\",\"description\":\"Find sargassum management experts with Sargassum Solutions Directory. Solutions for collecting, recycling, sargassum-free stays and more!\",\"breadcrumb\":{\"@id\":\"https:\\\/\\\/sargassummonitoring.com\\\/directory\\\/#breadcrumb\"},\"inLanguage\":\"es\",\"potentialAction\":[{\"@type\":\"ReadAction\",\"target\":[\"https:\\\/\\\/sargassummonitoring.com\\\/directory\\\/\"]}]},{\"@type\":\"ImageObject\",\"inLanguage\":\"es\",\"@id\":\"https:\\\/\\\/sargassummonitoring.com\\\/directory\\\/#primaryimage\",\"url\":\"https:\\\/\\\/sargassummonitoring.com\\\/directory\\\/wp-content\\\/uploads\\\/2025\\\/04\\\/image2a.webp\",\"contentUrl\":\"https:\\\/\\\/sargassummonitoring.com\\\/directory\\\/wp-content\\\/uploads\\\/2025\\\/04\\\/image2a.webp\",\"width\":1024,\"height\":655,\"caption\":\"Beach without sargassum by Sargassum Solutions Directory\"},{\"@type\":\"BreadcrumbList\",\"@id\":\"https:\\\/\\\/sargassummonitoring.com\\\/directory\\\/#breadcrumb\",\"itemListElement\":[{\"@type\":\"ListItem\",\"position\":1,\"name\":\"Home\",\"item\":\"https:\\\/\\\/sargassummonitoring.com\\\/directory\\\/\"},{\"@type\":\"ListItem\",\"position\":2,\"name\":\"Sargassum Solutions Directory\"}]},{\"@type\":\"WebSite\",\"@id\":\"https:\\\/\\\/sargassummonitoring.com\\\/directory\\\/#website\",\"url\":\"https:\\\/\\\/sargassummonitoring.com\\\/directory\\\/\",\"name\":\"\",\"description\":\"\",\"potentialAction\":[{\"@type\":\"SearchAction\",\"target\":{\"@type\":\"EntryPoint\",\"urlTemplate\":\"https:\\\/\\\/sargassummonitoring.com\\\/directory\\\/?s={search_term_string}\"},\"query-input\":{\"@type\":\"PropertyValueSpecification\",\"valueRequired\":true,\"valueName\":\"search_term_string\"}}],\"inLanguage\":\"es\"}]}<\/script>\n<!-- \/ Yoast SEO plugin. -->","yoast_head_json":{"title":"Sargassum Solutions Directory - by Sargassum Monitoring","description":"Find sargassum management experts with Sargassum Solutions Directory. Solutions for collecting, recycling, sargassum-free stays and more!","robots":{"index":"index","follow":"follow","max-snippet":"max-snippet:-1","max-image-preview":"max-image-preview:large","max-video-preview":"max-video-preview:-1"},"canonical":"https:\/\/sargassummonitoring.com\/directory\/es\/","og_locale":"es_MX","og_type":"article","og_title":"Sargassum Solutions Directory - by Sargassum Monitoring","og_description":"Find sargassum management experts with Sargassum Solutions Directory. Solutions for collecting, recycling, sargassum-free stays and more!","og_url":"https:\/\/sargassummonitoring.com\/directory\/es\/","article_modified_time":"2025-07-01T14:33:27+00:00","og_image":[{"width":1024,"height":655,"url":"https:\/\/sargassummonitoring.com\/directory\/wp-content\/uploads\/2025\/04\/image2a.webp","type":"image\/webp"}],"twitter_card":"summary_large_image","twitter_misc":{"Tiempo de lectura":"3 minutos"},"schema":{"@context":"https:\/\/schema.org","@graph":[{"@type":"WebPage","@id":"https:\/\/sargassummonitoring.com\/directory\/","url":"https:\/\/sargassummonitoring.com\/directory\/","name":"Sargassum Solutions Directory - by Sargassum Monitoring","isPartOf":{"@id":"https:\/\/sargassummonitoring.com\/directory\/#website"},"primaryImageOfPage":{"@id":"https:\/\/sargassummonitoring.com\/directory\/#primaryimage"},"image":{"@id":"https:\/\/sargassummonitoring.com\/directory\/#primaryimage"},"thumbnailUrl":"https:\/\/sargassummonitoring.com\/directory\/wp-content\/uploads\/2025\/04\/image2a.webp","datePublished":"2025-04-24T22:52:00+00:00","dateModified":"2025-07-01T14:33:27+00:00","description":"Find sargassum management experts with Sargassum Solutions Directory. Solutions for collecting, recycling, sargassum-free stays and more!","breadcrumb":{"@id":"https:\/\/sargassummonitoring.com\/directory\/#breadcrumb"},"inLanguage":"es","potentialAction":[{"@type":"ReadAction","target":["https:\/\/sargassummonitoring.com\/directory\/"]}]},{"@type":"ImageObject","inLanguage":"es","@id":"https:\/\/sargassummonitoring.com\/directory\/#primaryimage","url":"https:\/\/sargassummonitoring.com\/directory\/wp-content\/uploads\/2025\/04\/image2a.webp","contentUrl":"https:\/\/sargassummonitoring.com\/directory\/wp-content\/uploads\/2025\/04\/image2a.webp","width":1024,"height":655,"caption":"Beach without sargassum by Sargassum Solutions Directory"},{"@type":"BreadcrumbList","@id":"https:\/\/sargassummonitoring.com\/directory\/#breadcrumb","itemListElement":[{"@type":"ListItem","position":1,"name":"Home","item":"https:\/\/sargassummonitoring.com\/directory\/"},{"@type":"ListItem","position":2,"name":"Sargassum Solutions Directory"}]},{"@type":"WebSite","@id":"https:\/\/sargassummonitoring.com\/directory\/#website","url":"https:\/\/sargassummonitoring.com\/directory\/","name":"","description":"","potentialAction":[{"@type":"SearchAction","target":{"@type":"EntryPoint","urlTemplate":"https:\/\/sargassummonitoring.com\/directory\/?s={search_term_string}"},"query-input":{"@type":"PropertyValueSpecification","valueRequired":true,"valueName":"search_term_string"}}],"inLanguage":"es"}]}},"uagb_featured_image_src":{"full":["https:\/\/sargassummonitoring.com\/directory\/wp-content\/uploads\/2025\/04\/image2a.webp",1024,655,false],"thumbnail":["https:\/\/sargassummonitoring.com\/directory\/wp-content\/uploads\/2025\/04\/image2a-150x150.webp",150,150,true],"medium":["https:\/\/sargassummonitoring.com\/directory\/wp-content\/uploads\/2025\/04\/image2a-300x192.webp",300,192,true],"medium_large":["https:\/\/sargassummonitoring.com\/directory\/wp-content\/uploads\/2025\/04\/image2a-768x491.webp",768,491,true],"large":["https:\/\/sargassummonitoring.com\/directory\/wp-content\/uploads\/2025\/04\/image2a.webp",1024,655,false],"1536x1536":["https:\/\/sargassummonitoring.com\/directory\/wp-content\/uploads\/2025\/04\/image2a.webp",1024,655,false],"2048x2048":["https:\/\/sargassummonitoring.com\/directory\/wp-content\/uploads\/2025\/04\/image2a.webp",1024,655,false],"trp-custom-language-flag":["https:\/\/sargassummonitoring.com\/directory\/wp-content\/uploads\/2025\/04\/image2a-18x12.webp",18,12,true]},"uagb_author_info":{"display_name":"C. J.M.","author_link":"https:\/\/sargassummonitoring.com\/directory\/es\/author\/admin-directorydenji61\/"},"uagb_comment_info":0,"uagb_excerpt":"Your Caribbean Sargassum Management Hub Welcome to the&nbsp;Sargassum Solutions Directory, the leading platform for connecting with experts in sargassum management [&hellip;]","_links":{"self":[{"href":"https:\/\/sargassummonitoring.com\/directory\/es\/wp-json\/wp\/v2\/pages\/70","targetHints":{"allow":["GET"]}}],"collection":[{"href":"https:\/\/sargassummonitoring.com\/directory\/es\/wp-json\/wp\/v2\/pages"}],"about":[{"href":"https:\/\/sargassummonitoring.com\/directory\/es\/wp-json\/wp\/v2\/types\/page"}],"author":[{"embeddable":true,"href":"https:\/\/sargassummonitoring.com\/directory\/es\/wp-json\/wp\/v2\/users\/1"}],"replies":[{"embeddable":true,"href":"https:\/\/sargassummonitoring.com\/directory\/es\/wp-json\/wp\/v2\/comments?post=70"}],"version-history":[{"count":43,"href":"https:\/\/sargassummonitoring.com\/directory\/es\/wp-json\/wp\/v2\/pages\/70\/revisions"}],"predecessor-version":[{"id":472,"href":"https:\/\/sargassummonitoring.com\/directory\/es\/wp-json\/wp\/v2\/pages\/70\/revisions\/472"}],"wp:featuredmedia":[{"embeddable":true,"href":"https:\/\/sargassummonitoring.com\/directory\/es\/wp-json\/wp\/v2\/media\/288"}],"wp:attachment":[{"href":"https:\/\/sargassummonitoring.com\/directory\/es\/wp-json\/wp\/v2\/media?parent=70"}],"curies":[{"name":"wp","href":"https:\/\/api.w.org\/{rel}","templated":true}]}}